{"id":977,"date":"2025-02-20T05:43:15","date_gmt":"2025-02-20T05:43:15","guid":{"rendered":"https:\/\/takiguiados.com\/?post_type=product&#038;p=977"},"modified":"2026-01-24T05:56:09","modified_gmt":"2026-01-24T05:56:09","slug":"sabores-de-tokio-2","status":"publish","type":"product","link":"https:\/\/takiguiados.com\/en\/guiado\/sabores-de-tokio-2\/","title":{"rendered":"Flavors of Tokyo"},"content":{"rendered":"<p data-start=\"1070\" data-end=\"1500\"><strong data-start=\"1070\" data-end=\"1202\">\"Tokyo Flavors\" is a culinary guided tour designed for those who want to discover Japanese cuisine in the most authentic way<\/strong>: tasting local dishes in the same places where the Japanese eat. During this personalized 4-hour tour we will explore traditional restaurants, hidden izakayas, markets full of history and emblematic alleys with some of the best culinary offerings in the city.<\/p>\n<p data-start=\"1502\" data-end=\"1908\">Unlike standard food tours, here <strong data-start=\"1557\" data-end=\"1571\">you decide<\/strong> what you want to try. We offer a selection of Japanese specialties \u2014sushi, yakiniku, yakitori, okonomiyaki, shabu shabu, sukiyaki, ramen, udon and much more\u2014 and we adapt the route to your tastes, budget and culinary interests. Our mission is for you to discover Tokyo through a close, flexible and truly local experience.<\/p>\n<p data-start=\"1910\" data-end=\"2304\">To guarantee that total freedom, each customer pays only for what they consume. And to maintain a transparent policy \u2014given that some groups prefer more exclusive options or restaurants with high prices\u2014 <strong data-start=\"2129\" data-end=\"2181\">the guide's consumption must also be covered<\/strong>. This allows the tour to be completely personalized and without limitations when choosing the best places.<\/p>\n<p data-start=\"3172\" data-end=\"3187\"><strong data-start=\"3176\" data-end=\"3187\">Includes<\/strong><\/p>\n<ul>\n<li data-start=\"3172\" data-end=\"3187\">Spanish-speaking guide throughout the experience.<\/li>\n<li data-start=\"3172\" data-end=\"3187\">Hotel pickup.<\/li>\n<\/ul>\n<p data-start=\"3268\" data-end=\"3286\"><strong data-start=\"3272\" data-end=\"3286\">Does not include<\/strong><\/p>\n<ul>\n<li>Traveler's transport.<\/li>\n<li>Cost of food and drink.<\/li>\n<li><strong data-start=\"3350\" data-end=\"3374\">Guide's consumption<\/strong> (depending on the venues selected).<\/li>\n<li>Admission to paid attractions (if added).<\/li>\n<\/ul>\n<hr data-start=\"1071\" data-end=\"1074\" \/>\n<p data-start=\"2306\" data-end=\"2350\"><strong data-start=\"2310\" data-end=\"2350\">What can you expect during the tour?<\/strong><\/p>\n<ul>\n<li data-start=\"2306\" data-end=\"2350\"><strong data-start=\"2353\" data-end=\"2383\">Traditional restaurants<\/strong> with dishes prepared by local chefs.<\/li>\n<li data-start=\"2306\" data-end=\"2350\"><strong data-start=\"2429\" data-end=\"2452\">Authentic izakayas<\/strong>, perfect for discovering nightlife and Japanese cuisine in small format.<\/li>\n<li data-start=\"2306\" data-end=\"2350\"><strong data-start=\"2541\" data-end=\"2564\">Historic markets<\/strong>, where you will find fresh products that inspire the best cooks.<\/li>\n<li data-start=\"2306\" data-end=\"2350\"><strong data-start=\"2644\" data-end=\"2669\">Culinary neighborhoods<\/strong> such as Shinjuku Omoide Yokocho, Shibuya Nonbei Yokocho, Golden Gai or Tsukiji.<\/li>\n<\/ul>\n<p data-start=\"2749\" data-end=\"2798\"><strong data-start=\"2753\" data-end=\"2797\">Some specialties you can choose<\/strong>:<\/p>\n<ul>\n<li data-start=\"2749\" data-end=\"2798\"><strong data-start=\"2801\" data-end=\"2822\">Traditional sushi<\/strong> or conveyor belt.<\/li>\n<li data-start=\"2749\" data-end=\"2798\"><strong data-start=\"2844\" data-end=\"2856\">Yakiniku<\/strong>: Japanese meat cooked on the grill at your table.<\/li>\n<li data-start=\"2749\" data-end=\"2798\"><strong data-start=\"2912\" data-end=\"2924\">Yakitori<\/strong>: grilled skewers with local sauces.<\/li>\n<li data-start=\"2749\" data-end=\"2798\"><strong data-start=\"2974\" data-end=\"2989\">Okonomiyaki<\/strong>: the famous \"Japanese pizza\".<\/li>\n<li data-start=\"2749\" data-end=\"2798\"><strong data-start=\"3023\" data-end=\"3049\">Shabu Shabu &amp; Sukiyaki<\/strong>: Japanese fondues with thin slices of meat.<\/li>\n<li data-start=\"2749\" data-end=\"2798\"><strong data-start=\"3101\" data-end=\"3117\">Ramen and Udon<\/strong>: noodles with deep flavors and elaborate broths.<\/li>\n<\/ul>\n<hr data-start=\"1071\" data-end=\"1074\" \/>\n<p data-start=\"3462\" data-end=\"3764\">This guided tour is perfect for those looking for <strong data-start=\"3506\" data-end=\"3528\">what to eat in Tokyo<\/strong>, <strong data-start=\"3530\" data-end=\"3572\">where to try authentic Japanese food<\/strong> and how to experience the city through its most traditional flavors. A close, flexible, professional experience designed for you to discover Tokyo's gastronomy as a true local.<\/p>","protected":false},"excerpt":{"rendered":"<p>Descubre los aut\u00e9nticos <em data-start=\"362\" data-end=\"380\">sabores de Tokio<\/em> con un tour gastron\u00f3mico personalizado por los rincones donde realmente comen los locales. Elige entre sushi, yakiniku, yakitori, okonomiyaki, shabu shabu, ramen y muchas otras especialidades japonesas mientras recorremos izakayas escondidas y barrios llenos de tradici\u00f3n culinaria.<br data-start=\"663\" data-end=\"666\" \/>Para mantener la experiencia totalmente flexible y adaptada a tus preferencias, <strong data-start=\"746\" data-end=\"812\">cada cliente cubre su comida y tambi\u00e9n la consumici\u00f3n del gu\u00eda<\/strong>, ya que visitamos restaurantes con precios muy variados.<br data-start=\"869\" data-end=\"872\" \/>Una experiencia deliciosa e imprescindible para quienes quieren vivir la verdadera gastronom\u00eda de Tokio. [&#8230;]<\/p>\n<p><a class=\"btn btn-secondary understrap-read-more-link\" href=\"https:\/\/takiguiados.com\/en\/guiado\/sabores-de-tokio-2\/\">Read More&#8230;<span class=\"screen-reader-text\"> from Sabores de Tokio<\/span><\/a><\/p>\n","protected":false},"featured_media":410,"template":"","meta":{"inline_featured_image":false},"product_brand":[],"product_cat":[21],"product_tag":[],"class_list":{"0":"post-977","1":"product","2":"type-product","3":"status-publish","4":"has-post-thumbnail","6":"product_cat-promociones","8":"first","9":"instock","10":"sold-individually","11":"taxable","12":"shipping-taxable","13":"purchasable","14":"product-type-variable"},"acf":[],"yoast_head":"<!-- This site is optimized with the Yoast SEO plugin v27.5 - https:\/\/yoast.com\/product\/yoast-seo-wordpress\/ -->\n<title>Sabores de Tokio - Takiguiados<\/title>\n<meta name=\"description\" content=\"Si eres un amante de la gastronom\u00eda y quieres probar lo mejor de la cocina japonesa en los lugares donde realmente comen los locales, este tour es para ti.\" \/>\n<meta name=\"robots\" content=\"index, follow, max-snippet:-1, max-image-preview:large, max-video-preview:-1\" \/>\n<link rel=\"canonical\" href=\"https:\/\/takiguiados.com\/en\/guiado\/sabores-de-tokio-2\/\" \/>\n<meta property=\"og:locale\" content=\"en_US\" \/>\n<meta property=\"og:type\" content=\"article\" \/>\n<meta property=\"og:title\" content=\"Sabores de Tokio - Takiguiados\" \/>\n<meta property=\"og:description\" content=\"Si eres un amante de la gastronom\u00eda y quieres probar lo mejor de la cocina japonesa en los lugares donde realmente comen los locales, este tour es para ti.\" \/>\n<meta property=\"og:url\" content=\"https:\/\/takiguiados.com\/en\/guiado\/sabores-de-tokio-2\/\" \/>\n<meta property=\"og:site_name\" content=\"Takiguiados\" \/>\n<meta property=\"article:modified_time\" content=\"2026-01-24T05:56:09+00:00\" \/>\n<meta property=\"og:image\" content=\"https:\/\/takiguiados.com\/wp-content\/uploads\/foto_comida_1920x1080.webp\" \/>\n\t<meta property=\"og:image:width\" content=\"1500\" \/>\n\t<meta property=\"og:image:height\" content=\"843\" \/>\n\t<meta property=\"og:image:type\" content=\"image\/webp\" \/>\n<meta name=\"twitter:card\" content=\"summary_large_image\" \/>\n<meta name=\"twitter:label1\" content=\"Est. reading time\" \/>\n\t<meta name=\"twitter:data1\" content=\"2 minutes\" \/>\n<script type=\"application\/ld+json\" class=\"yoast-schema-graph\">{\"@context\":\"https:\\\/\\\/schema.org\",\"@graph\":[{\"@type\":\"WebPage\",\"@id\":\"https:\\\/\\\/takiguiados.com\\\/en\\\/guiado\\\/sabores-de-tokio-2\\\/\",\"url\":\"https:\\\/\\\/takiguiados.com\\\/en\\\/guiado\\\/sabores-de-tokio-2\\\/\",\"name\":\"Sabores de Tokio - Takiguiados\",\"isPartOf\":{\"@id\":\"https:\\\/\\\/takiguiados.com\\\/en\\\/#website\"},\"primaryImageOfPage\":{\"@id\":\"https:\\\/\\\/takiguiados.com\\\/en\\\/guiado\\\/sabores-de-tokio-2\\\/#primaryimage\"},\"image\":{\"@id\":\"https:\\\/\\\/takiguiados.com\\\/en\\\/guiado\\\/sabores-de-tokio-2\\\/#primaryimage\"},\"thumbnailUrl\":\"https:\\\/\\\/takiguiados.com\\\/wp-content\\\/uploads\\\/foto_comida_1920x1080.webp\",\"datePublished\":\"2025-02-20T05:43:15+00:00\",\"dateModified\":\"2026-01-24T05:56:09+00:00\",\"description\":\"Si eres un amante de la gastronom\u00eda y quieres probar lo mejor de la cocina japonesa en los lugares donde realmente comen los locales, este tour es para ti.\",\"breadcrumb\":{\"@id\":\"https:\\\/\\\/takiguiados.com\\\/en\\\/guiado\\\/sabores-de-tokio-2\\\/#breadcrumb\"},\"inLanguage\":\"en-US\",\"potentialAction\":[{\"@type\":\"ReadAction\",\"target\":[\"https:\\\/\\\/takiguiados.com\\\/en\\\/guiado\\\/sabores-de-tokio-2\\\/\"]}]},{\"@type\":\"ImageObject\",\"inLanguage\":\"en-US\",\"@id\":\"https:\\\/\\\/takiguiados.com\\\/en\\\/guiado\\\/sabores-de-tokio-2\\\/#primaryimage\",\"url\":\"https:\\\/\\\/takiguiados.com\\\/wp-content\\\/uploads\\\/foto_comida_1920x1080.webp\",\"contentUrl\":\"https:\\\/\\\/takiguiados.com\\\/wp-content\\\/uploads\\\/foto_comida_1920x1080.webp\",\"width\":1500,\"height\":843},{\"@type\":\"BreadcrumbList\",\"@id\":\"https:\\\/\\\/takiguiados.com\\\/en\\\/guiado\\\/sabores-de-tokio-2\\\/#breadcrumb\",\"itemListElement\":[{\"@type\":\"ListItem\",\"position\":1,\"name\":\"Portada\",\"item\":\"https:\\\/\\\/takiguiados.com\\\/en\\\/\"},{\"@type\":\"ListItem\",\"position\":2,\"name\":\"Experiencias\",\"item\":\"https:\\\/\\\/takiguiados.com\\\/en\\\/experiencias\\\/\"},{\"@type\":\"ListItem\",\"position\":3,\"name\":\"Sabores de Tokio\"}]},{\"@type\":\"WebSite\",\"@id\":\"https:\\\/\\\/takiguiados.com\\\/en\\\/#website\",\"url\":\"https:\\\/\\\/takiguiados.com\\\/en\\\/\",\"name\":\"Takiguiados\",\"description\":\"\",\"publisher\":{\"@id\":\"https:\\\/\\\/takiguiados.com\\\/en\\\/#organization\"},\"potentialAction\":[{\"@type\":\"SearchAction\",\"target\":{\"@type\":\"EntryPoint\",\"urlTemplate\":\"https:\\\/\\\/takiguiados.com\\\/en\\\/?s={search_term_string}\"},\"query-input\":{\"@type\":\"PropertyValueSpecification\",\"valueRequired\":true,\"valueName\":\"search_term_string\"}}],\"inLanguage\":\"en-US\"},{\"@type\":\"Organization\",\"@id\":\"https:\\\/\\\/takiguiados.com\\\/en\\\/#organization\",\"name\":\"Takiguiados\",\"url\":\"https:\\\/\\\/takiguiados.com\\\/en\\\/\",\"logo\":{\"@type\":\"ImageObject\",\"inLanguage\":\"en-US\",\"@id\":\"https:\\\/\\\/takiguiados.com\\\/en\\\/#\\\/schema\\\/logo\\\/image\\\/\",\"url\":\"https:\\\/\\\/takiguiados.com\\\/wp-content\\\/uploads\\\/logo.gif\",\"contentUrl\":\"https:\\\/\\\/takiguiados.com\\\/wp-content\\\/uploads\\\/logo.gif\",\"width\":100,\"height\":100,\"caption\":\"Takiguiados\"},\"image\":{\"@id\":\"https:\\\/\\\/takiguiados.com\\\/en\\\/#\\\/schema\\\/logo\\\/image\\\/\"}}]}<\/script>\n<!-- \/ Yoast SEO plugin. -->","yoast_head_json":{"title":"Sabores de Tokio - Takiguiados","description":"Si eres un amante de la gastronom\u00eda y quieres probar lo mejor de la cocina japonesa en los lugares donde realmente comen los locales, este tour es para ti.","robots":{"index":"index","follow":"follow","max-snippet":"max-snippet:-1","max-image-preview":"max-image-preview:large","max-video-preview":"max-video-preview:-1"},"canonical":"https:\/\/takiguiados.com\/en\/guiado\/sabores-de-tokio-2\/","og_locale":"en_US","og_type":"article","og_title":"Sabores de Tokio - Takiguiados","og_description":"Si eres un amante de la gastronom\u00eda y quieres probar lo mejor de la cocina japonesa en los lugares donde realmente comen los locales, este tour es para ti.","og_url":"https:\/\/takiguiados.com\/en\/guiado\/sabores-de-tokio-2\/","og_site_name":"Takiguiados","article_modified_time":"2026-01-24T05:56:09+00:00","og_image":[{"width":1500,"height":843,"url":"https:\/\/takiguiados.com\/wp-content\/uploads\/foto_comida_1920x1080.webp","type":"image\/webp"}],"twitter_card":"summary_large_image","twitter_misc":{"Est. reading time":"2 minutes"},"schema":{"@context":"https:\/\/schema.org","@graph":[{"@type":"WebPage","@id":"https:\/\/takiguiados.com\/en\/guiado\/sabores-de-tokio-2\/","url":"https:\/\/takiguiados.com\/en\/guiado\/sabores-de-tokio-2\/","name":"Sabores de Tokio - Takiguiados","isPartOf":{"@id":"https:\/\/takiguiados.com\/en\/#website"},"primaryImageOfPage":{"@id":"https:\/\/takiguiados.com\/en\/guiado\/sabores-de-tokio-2\/#primaryimage"},"image":{"@id":"https:\/\/takiguiados.com\/en\/guiado\/sabores-de-tokio-2\/#primaryimage"},"thumbnailUrl":"https:\/\/takiguiados.com\/wp-content\/uploads\/foto_comida_1920x1080.webp","datePublished":"2025-02-20T05:43:15+00:00","dateModified":"2026-01-24T05:56:09+00:00","description":"Si eres un amante de la gastronom\u00eda y quieres probar lo mejor de la cocina japonesa en los lugares donde realmente comen los locales, este tour es para ti.","breadcrumb":{"@id":"https:\/\/takiguiados.com\/en\/guiado\/sabores-de-tokio-2\/#breadcrumb"},"inLanguage":"en-US","potentialAction":[{"@type":"ReadAction","target":["https:\/\/takiguiados.com\/en\/guiado\/sabores-de-tokio-2\/"]}]},{"@type":"ImageObject","inLanguage":"en-US","@id":"https:\/\/takiguiados.com\/en\/guiado\/sabores-de-tokio-2\/#primaryimage","url":"https:\/\/takiguiados.com\/wp-content\/uploads\/foto_comida_1920x1080.webp","contentUrl":"https:\/\/takiguiados.com\/wp-content\/uploads\/foto_comida_1920x1080.webp","width":1500,"height":843},{"@type":"BreadcrumbList","@id":"https:\/\/takiguiados.com\/en\/guiado\/sabores-de-tokio-2\/#breadcrumb","itemListElement":[{"@type":"ListItem","position":1,"name":"Portada","item":"https:\/\/takiguiados.com\/en\/"},{"@type":"ListItem","position":2,"name":"Experiencias","item":"https:\/\/takiguiados.com\/en\/experiencias\/"},{"@type":"ListItem","position":3,"name":"Sabores de Tokio"}]},{"@type":"WebSite","@id":"https:\/\/takiguiados.com\/en\/#website","url":"https:\/\/takiguiados.com\/en\/","name":"Takiguiados","description":"","publisher":{"@id":"https:\/\/takiguiados.com\/en\/#organization"},"potentialAction":[{"@type":"SearchAction","target":{"@type":"EntryPoint","urlTemplate":"https:\/\/takiguiados.com\/en\/?s={search_term_string}"},"query-input":{"@type":"PropertyValueSpecification","valueRequired":true,"valueName":"search_term_string"}}],"inLanguage":"en-US"},{"@type":"Organization","@id":"https:\/\/takiguiados.com\/en\/#organization","name":"Takiguiados","url":"https:\/\/takiguiados.com\/en\/","logo":{"@type":"ImageObject","inLanguage":"en-US","@id":"https:\/\/takiguiados.com\/en\/#\/schema\/logo\/image\/","url":"https:\/\/takiguiados.com\/wp-content\/uploads\/logo.gif","contentUrl":"https:\/\/takiguiados.com\/wp-content\/uploads\/logo.gif","width":100,"height":100,"caption":"Takiguiados"},"image":{"@id":"https:\/\/takiguiados.com\/en\/#\/schema\/logo\/image\/"}}]}},"_links":{"self":[{"href":"https:\/\/takiguiados.com\/en\/wp-json\/wp\/v2\/product\/977","targetHints":{"allow":["GET"]}}],"collection":[{"href":"https:\/\/takiguiados.com\/en\/wp-json\/wp\/v2\/product"}],"about":[{"href":"https:\/\/takiguiados.com\/en\/wp-json\/wp\/v2\/types\/product"}],"wp:featuredmedia":[{"embeddable":true,"href":"https:\/\/takiguiados.com\/en\/wp-json\/wp\/v2\/media\/410"}],"wp:attachment":[{"href":"https:\/\/takiguiados.com\/en\/wp-json\/wp\/v2\/media?parent=977"}],"wp:term":[{"taxonomy":"product_brand","embeddable":true,"href":"https:\/\/takiguiados.com\/en\/wp-json\/wp\/v2\/product_brand?post=977"},{"taxonomy":"product_cat","embeddable":true,"href":"https:\/\/takiguiados.com\/en\/wp-json\/wp\/v2\/product_cat?post=977"},{"taxonomy":"product_tag","embeddable":true,"href":"https:\/\/takiguiados.com\/en\/wp-json\/wp\/v2\/product_tag?post=977"}],"curies":[{"name":"wp","href":"https:\/\/api.w.org\/{rel}","templated":true}]}}