{"id":962,"date":"2025-04-27T02:34:06","date_gmt":"2025-04-27T02:34:06","guid":{"rendered":"https:\/\/takiguiados.com\/?post_type=product&#038;p=962"},"modified":"2026-02-02T11:17:27","modified_gmt":"2026-02-02T11:17:27","slug":"kobe","status":"publish","type":"product","link":"https:\/\/takiguiados.com\/en\/guiado\/kobe\/","title":{"rendered":"Kobe"},"content":{"rendered":"<div><strong>Discover Kobe in this full-day tour, an experience that allows you to learn about one of the most unique cities in Japan, marked by its international character and its privileged location between the sea and the mountains.<\/strong><\/div>\n<div><\/div>\n<div>During the tour we will explore some of the most representative neighborhoods and areas of the city, where the foreign influence that came to Kobe after Japan's opening to international trade can be appreciated. The walk allows you to understand how this cultural mix has defined the city's identity over time.<\/div>\n<div><\/div>\n<div>In addition to its urban side, Kobe stands out for its natural surroundings. Throughout the tour we will enjoy viewpoints and elevated areas from which we obtain panoramic views of the city, the port and the bay, offering a contrast between modern architecture and natural landscape.<\/div>\n<div><\/div>\n<div>\n<p>The guide will explain the history of Kobe, its development as a port city and its evolution after the 1995 earthquake, providing historical and social context to the tour. The pace of the tour is comfortable and allows you to enjoy the city calmly, take photographs and better understand its unique character.<\/p>\n<hr data-start=\"3201\" data-end=\"3204\" \/>\n<p data-start=\"3206\" data-end=\"3255\"><strong>Includes:<\/strong><\/p>\n<\/div>\n<div>\u2022Guide service throughout the tour<\/div>\n<div>\u2022Historical, cultural and urban explanations<\/div>\n<div><\/div>\n<div><strong>Does not include:<\/strong><\/div>\n<div>\u2022Transport to Kobe<\/div>\n<div>\u2022Admission to venues, if any<\/div>\n<div>\n<p>\u2022Personal meals and expenses<\/p>\n<\/div>\n<div>\n<p><strong>Meeting point:<\/strong> to be arranged in advance with the group.<\/p>\n<\/div>\n<div>\n<p><strong>Duration:<\/strong> 7 hours.<\/p>\n<hr data-start=\"1071\" data-end=\"1074\" \/>\n<p>Comfortable footwear is recommended, as you will walk through urban areas and viewpoints. The itinerary may be slightly adapted depending on the weather or the conditions of the day, always maintaining the essence of the experience.<\/p>\n<\/div>","protected":false},"excerpt":{"rendered":"<p data-start=\"145\" data-end=\"701\">Descubre Kobe en un tour guiado de 7 horas. Una ciudad elegante entre el mar y la monta\u00f1a, famosa por su puerto, su ambiente cosmopolita y su ic\u00f3nica carne de Kobe. Ideal para una excursi\u00f3n diferente en Jap\u00f3n.<\/p>\n<p> [&#8230;]<\/p>\n<p><a class=\"btn btn-secondary understrap-read-more-link\" href=\"https:\/\/takiguiados.com\/en\/guiado\/kobe\/\">Read More&#8230;<span class=\"screen-reader-text\"> from Kobe<\/span><\/a><\/p>\n","protected":false},"featured_media":971,"template":"","meta":{"inline_featured_image":false},"product_brand":[],"product_cat":[25,22,21],"product_tag":[],"class_list":{"0":"post-962","1":"product","2":"type-product","3":"status-publish","4":"has-post-thumbnail","6":"product_cat-experiencias","7":"product_cat-guiado","8":"product_cat-promociones","10":"first","11":"instock","12":"sold-individually","13":"taxable","14":"shipping-taxable","15":"purchasable","16":"product-type-variable"},"acf":[],"yoast_head":"<!-- This site is optimized with the Yoast SEO plugin v27.5 - https:\/\/yoast.com\/product\/yoast-seo-wordpress\/ -->\n<title>Kobe - Takiguiados<\/title>\n<meta name=\"description\" content=\"Si te interesa la historia de Jap\u00f3n, la cultura ancestral y los contrastes \u00fanicos entre lo cl\u00e1sico y lo moderno, este tour es ideal para ti.\" \/>\n<meta name=\"robots\" content=\"index, follow, max-snippet:-1, max-image-preview:large, max-video-preview:-1\" \/>\n<link rel=\"canonical\" href=\"https:\/\/takiguiados.com\/en\/guiado\/kobe\/\" \/>\n<meta property=\"og:locale\" content=\"en_US\" \/>\n<meta property=\"og:type\" content=\"article\" \/>\n<meta property=\"og:title\" content=\"Kobe - Takiguiados\" \/>\n<meta property=\"og:description\" content=\"Si te interesa la historia de Jap\u00f3n, la cultura ancestral y los contrastes \u00fanicos entre lo cl\u00e1sico y lo moderno, este tour es ideal para ti.\" \/>\n<meta property=\"og:url\" content=\"https:\/\/takiguiados.com\/en\/guiado\/kobe\/\" \/>\n<meta property=\"og:site_name\" content=\"Takiguiados\" \/>\n<meta property=\"article:modified_time\" content=\"2026-02-02T11:17:27+00:00\" \/>\n<meta property=\"og:image\" content=\"https:\/\/takiguiados.com\/wp-content\/uploads\/Kobe.webp\" \/>\n\t<meta property=\"og:image:width\" content=\"1200\" \/>\n\t<meta property=\"og:image:height\" content=\"630\" \/>\n\t<meta property=\"og:image:type\" content=\"image\/webp\" \/>\n<meta name=\"twitter:card\" content=\"summary_large_image\" \/>\n<meta name=\"twitter:label1\" content=\"Est. reading time\" \/>\n\t<meta name=\"twitter:data1\" content=\"2 minutes\" \/>\n<script type=\"application\/ld+json\" class=\"yoast-schema-graph\">{\"@context\":\"https:\\\/\\\/schema.org\",\"@graph\":[{\"@type\":\"WebPage\",\"@id\":\"https:\\\/\\\/takiguiados.com\\\/en\\\/guiado\\\/kobe\\\/\",\"url\":\"https:\\\/\\\/takiguiados.com\\\/en\\\/guiado\\\/kobe\\\/\",\"name\":\"Kobe - Takiguiados\",\"isPartOf\":{\"@id\":\"https:\\\/\\\/takiguiados.com\\\/en\\\/#website\"},\"primaryImageOfPage\":{\"@id\":\"https:\\\/\\\/takiguiados.com\\\/en\\\/guiado\\\/kobe\\\/#primaryimage\"},\"image\":{\"@id\":\"https:\\\/\\\/takiguiados.com\\\/en\\\/guiado\\\/kobe\\\/#primaryimage\"},\"thumbnailUrl\":\"https:\\\/\\\/takiguiados.com\\\/wp-content\\\/uploads\\\/Kobe.webp\",\"datePublished\":\"2025-04-27T02:34:06+00:00\",\"dateModified\":\"2026-02-02T11:17:27+00:00\",\"description\":\"Si te interesa la historia de Jap\u00f3n, la cultura ancestral y los contrastes \u00fanicos entre lo cl\u00e1sico y lo moderno, este tour es ideal para ti.\",\"breadcrumb\":{\"@id\":\"https:\\\/\\\/takiguiados.com\\\/en\\\/guiado\\\/kobe\\\/#breadcrumb\"},\"inLanguage\":\"en-US\",\"potentialAction\":[{\"@type\":\"ReadAction\",\"target\":[\"https:\\\/\\\/takiguiados.com\\\/en\\\/guiado\\\/kobe\\\/\"]}]},{\"@type\":\"ImageObject\",\"inLanguage\":\"en-US\",\"@id\":\"https:\\\/\\\/takiguiados.com\\\/en\\\/guiado\\\/kobe\\\/#primaryimage\",\"url\":\"https:\\\/\\\/takiguiados.com\\\/wp-content\\\/uploads\\\/Kobe.webp\",\"contentUrl\":\"https:\\\/\\\/takiguiados.com\\\/wp-content\\\/uploads\\\/Kobe.webp\",\"width\":1200,\"height\":630},{\"@type\":\"BreadcrumbList\",\"@id\":\"https:\\\/\\\/takiguiados.com\\\/en\\\/guiado\\\/kobe\\\/#breadcrumb\",\"itemListElement\":[{\"@type\":\"ListItem\",\"position\":1,\"name\":\"Portada\",\"item\":\"https:\\\/\\\/takiguiados.com\\\/en\\\/\"},{\"@type\":\"ListItem\",\"position\":2,\"name\":\"Experiencias\",\"item\":\"https:\\\/\\\/takiguiados.com\\\/en\\\/experiencias\\\/\"},{\"@type\":\"ListItem\",\"position\":3,\"name\":\"Kobe\"}]},{\"@type\":\"WebSite\",\"@id\":\"https:\\\/\\\/takiguiados.com\\\/en\\\/#website\",\"url\":\"https:\\\/\\\/takiguiados.com\\\/en\\\/\",\"name\":\"Takiguiados\",\"description\":\"\",\"publisher\":{\"@id\":\"https:\\\/\\\/takiguiados.com\\\/en\\\/#organization\"},\"potentialAction\":[{\"@type\":\"SearchAction\",\"target\":{\"@type\":\"EntryPoint\",\"urlTemplate\":\"https:\\\/\\\/takiguiados.com\\\/en\\\/?s={search_term_string}\"},\"query-input\":{\"@type\":\"PropertyValueSpecification\",\"valueRequired\":true,\"valueName\":\"search_term_string\"}}],\"inLanguage\":\"en-US\"},{\"@type\":\"Organization\",\"@id\":\"https:\\\/\\\/takiguiados.com\\\/en\\\/#organization\",\"name\":\"Takiguiados\",\"url\":\"https:\\\/\\\/takiguiados.com\\\/en\\\/\",\"logo\":{\"@type\":\"ImageObject\",\"inLanguage\":\"en-US\",\"@id\":\"https:\\\/\\\/takiguiados.com\\\/en\\\/#\\\/schema\\\/logo\\\/image\\\/\",\"url\":\"https:\\\/\\\/takiguiados.com\\\/wp-content\\\/uploads\\\/logo.gif\",\"contentUrl\":\"https:\\\/\\\/takiguiados.com\\\/wp-content\\\/uploads\\\/logo.gif\",\"width\":100,\"height\":100,\"caption\":\"Takiguiados\"},\"image\":{\"@id\":\"https:\\\/\\\/takiguiados.com\\\/en\\\/#\\\/schema\\\/logo\\\/image\\\/\"}}]}<\/script>\n<!-- \/ Yoast SEO plugin. -->","yoast_head_json":{"title":"Kobe - Takiguiados","description":"Si te interesa la historia de Jap\u00f3n, la cultura ancestral y los contrastes \u00fanicos entre lo cl\u00e1sico y lo moderno, este tour es ideal para ti.","robots":{"index":"index","follow":"follow","max-snippet":"max-snippet:-1","max-image-preview":"max-image-preview:large","max-video-preview":"max-video-preview:-1"},"canonical":"https:\/\/takiguiados.com\/en\/guiado\/kobe\/","og_locale":"en_US","og_type":"article","og_title":"Kobe - Takiguiados","og_description":"Si te interesa la historia de Jap\u00f3n, la cultura ancestral y los contrastes \u00fanicos entre lo cl\u00e1sico y lo moderno, este tour es ideal para ti.","og_url":"https:\/\/takiguiados.com\/en\/guiado\/kobe\/","og_site_name":"Takiguiados","article_modified_time":"2026-02-02T11:17:27+00:00","og_image":[{"width":1200,"height":630,"url":"https:\/\/takiguiados.com\/wp-content\/uploads\/Kobe.webp","type":"image\/webp"}],"twitter_card":"summary_large_image","twitter_misc":{"Est. reading time":"2 minutes"},"schema":{"@context":"https:\/\/schema.org","@graph":[{"@type":"WebPage","@id":"https:\/\/takiguiados.com\/en\/guiado\/kobe\/","url":"https:\/\/takiguiados.com\/en\/guiado\/kobe\/","name":"Kobe - Takiguiados","isPartOf":{"@id":"https:\/\/takiguiados.com\/en\/#website"},"primaryImageOfPage":{"@id":"https:\/\/takiguiados.com\/en\/guiado\/kobe\/#primaryimage"},"image":{"@id":"https:\/\/takiguiados.com\/en\/guiado\/kobe\/#primaryimage"},"thumbnailUrl":"https:\/\/takiguiados.com\/wp-content\/uploads\/Kobe.webp","datePublished":"2025-04-27T02:34:06+00:00","dateModified":"2026-02-02T11:17:27+00:00","description":"Si te interesa la historia de Jap\u00f3n, la cultura ancestral y los contrastes \u00fanicos entre lo cl\u00e1sico y lo moderno, este tour es ideal para ti.","breadcrumb":{"@id":"https:\/\/takiguiados.com\/en\/guiado\/kobe\/#breadcrumb"},"inLanguage":"en-US","potentialAction":[{"@type":"ReadAction","target":["https:\/\/takiguiados.com\/en\/guiado\/kobe\/"]}]},{"@type":"ImageObject","inLanguage":"en-US","@id":"https:\/\/takiguiados.com\/en\/guiado\/kobe\/#primaryimage","url":"https:\/\/takiguiados.com\/wp-content\/uploads\/Kobe.webp","contentUrl":"https:\/\/takiguiados.com\/wp-content\/uploads\/Kobe.webp","width":1200,"height":630},{"@type":"BreadcrumbList","@id":"https:\/\/takiguiados.com\/en\/guiado\/kobe\/#breadcrumb","itemListElement":[{"@type":"ListItem","position":1,"name":"Portada","item":"https:\/\/takiguiados.com\/en\/"},{"@type":"ListItem","position":2,"name":"Experiencias","item":"https:\/\/takiguiados.com\/en\/experiencias\/"},{"@type":"ListItem","position":3,"name":"Kobe"}]},{"@type":"WebSite","@id":"https:\/\/takiguiados.com\/en\/#website","url":"https:\/\/takiguiados.com\/en\/","name":"Takiguiados","description":"","publisher":{"@id":"https:\/\/takiguiados.com\/en\/#organization"},"potentialAction":[{"@type":"SearchAction","target":{"@type":"EntryPoint","urlTemplate":"https:\/\/takiguiados.com\/en\/?s={search_term_string}"},"query-input":{"@type":"PropertyValueSpecification","valueRequired":true,"valueName":"search_term_string"}}],"inLanguage":"en-US"},{"@type":"Organization","@id":"https:\/\/takiguiados.com\/en\/#organization","name":"Takiguiados","url":"https:\/\/takiguiados.com\/en\/","logo":{"@type":"ImageObject","inLanguage":"en-US","@id":"https:\/\/takiguiados.com\/en\/#\/schema\/logo\/image\/","url":"https:\/\/takiguiados.com\/wp-content\/uploads\/logo.gif","contentUrl":"https:\/\/takiguiados.com\/wp-content\/uploads\/logo.gif","width":100,"height":100,"caption":"Takiguiados"},"image":{"@id":"https:\/\/takiguiados.com\/en\/#\/schema\/logo\/image\/"}}]}},"_links":{"self":[{"href":"https:\/\/takiguiados.com\/en\/wp-json\/wp\/v2\/product\/962","targetHints":{"allow":["GET"]}}],"collection":[{"href":"https:\/\/takiguiados.com\/en\/wp-json\/wp\/v2\/product"}],"about":[{"href":"https:\/\/takiguiados.com\/en\/wp-json\/wp\/v2\/types\/product"}],"wp:featuredmedia":[{"embeddable":true,"href":"https:\/\/takiguiados.com\/en\/wp-json\/wp\/v2\/media\/971"}],"wp:attachment":[{"href":"https:\/\/takiguiados.com\/en\/wp-json\/wp\/v2\/media?parent=962"}],"wp:term":[{"taxonomy":"product_brand","embeddable":true,"href":"https:\/\/takiguiados.com\/en\/wp-json\/wp\/v2\/product_brand?post=962"},{"taxonomy":"product_cat","embeddable":true,"href":"https:\/\/takiguiados.com\/en\/wp-json\/wp\/v2\/product_cat?post=962"},{"taxonomy":"product_tag","embeddable":true,"href":"https:\/\/takiguiados.com\/en\/wp-json\/wp\/v2\/product_tag?post=962"}],"curies":[{"name":"wp","href":"https:\/\/api.w.org\/{rel}","templated":true}]}}