{"id":954,"date":"2025-04-25T02:25:24","date_gmt":"2025-04-25T02:25:24","guid":{"rendered":"https:\/\/takiguiados.com\/?post_type=product&#038;p=954"},"modified":"2026-02-02T11:26:45","modified_gmt":"2026-02-02T11:26:45","slug":"hiroshima-miyajima","status":"publish","type":"product","link":"https:\/\/takiguiados.com\/en\/guiado\/hiroshima-miyajima\/","title":{"rendered":"Hiroshima + Miyajima"},"content":{"rendered":"<div>\n<p data-start=\"4838\" data-end=\"5064\"><strong>Live one of the most impactful experiences of Japan with our 7-hour guided tour in Hiroshima and Miyajima. <\/strong><\/p>\n<p data-start=\"4838\" data-end=\"5064\">This tour combines history, memory and spirituality with some of the most emblematic landscapes in the country.<\/p>\n<p data-start=\"5066\" data-end=\"5315\">We will start in Hiroshima, visiting the Peace Memorial Park and learning about the historical events that marked the city and its message of peace to the world. Our guide will explain the events with respect, clarity and cultural context.<\/p>\n<p data-start=\"5317\" data-end=\"5527\">Afterwards, we will head to Miyajima, one of the most beautiful islands in Japan, famous for its floating torii and its spiritual atmosphere. We will stroll through the island, enjoying its nature, temples and views of the sea.<\/p>\n<p data-start=\"5529\" data-end=\"5682\">An essential tour for those looking for what to see in Hiroshima and Miyajima and who wish to understand Japan from a deep historical and cultural perspective.<\/p>\n<hr data-start=\"1071\" data-end=\"1074\" \/>\n<p data-start=\"5529\" data-end=\"5682\"><strong>Includes<\/strong><\/p>\n<\/div>\n<div>\u2022Guide service throughout the tour<\/div>\n<div>\u2022Historical, cultural and contextual explanations<\/div>\n<div><\/div>\n<p><strong>Does not include<\/strong><\/p>\n<div>\u2022Transport between locations<\/div>\n<div>\u2022Admission to venues, if any, both for passengers and the guide<\/div>\n<div>\n<p>\u2022Personal meals and expenses<\/p>\n<\/div>\n<div>\n<p><strong>Meeting point:<\/strong> to be arranged in advance with the group.<\/p>\n<\/div>\n<div><strong>Duration:<\/strong> 7 hours.<\/div>\n<div>\n<hr data-start=\"1071\" data-end=\"1074\" \/>\n<p>Comfortable footwear is recommended, as you will walk through urban areas and natural environments. The itinerary may be slightly adapted depending on the weather or the conditions of the day, always maintaining the essence of the experience.<\/p>\n<\/div>","protected":false},"excerpt":{"rendered":"<p data-start=\"2016\" data-end=\"2300\">Descubre Hakone en un tour guiado de 7 horas y disfruta de una de las mejores zonas naturales de Jap\u00f3n. Vistas al Monte Fuji, lagos, monta\u00f1as y paisajes volc\u00e1nicos hacen de Hakone una excursi\u00f3n perfecta desde Tokio. Ideal para quienes buscan naturaleza, relax y paisajes inolvidables.<\/p>\n<h3 data-start=\"2302\" data-end=\"2347\"><\/h3>\n<p> [&#8230;]<\/p>\n<p><a class=\"btn btn-secondary understrap-read-more-link\" href=\"https:\/\/takiguiados.com\/en\/guiado\/hiroshima-miyajima\/\">Read More&#8230;<span class=\"screen-reader-text\"> from Hiroshima + Miyajima<\/span><\/a><\/p>\n","protected":false},"featured_media":961,"template":"","meta":{"inline_featured_image":false},"product_brand":[],"product_cat":[22,21],"product_tag":[],"class_list":{"0":"post-954","1":"product","2":"type-product","3":"status-publish","4":"has-post-thumbnail","6":"product_cat-guiado","7":"product_cat-promociones","9":"first","10":"instock","11":"sold-individually","12":"taxable","13":"shipping-taxable","14":"purchasable","15":"product-type-variable"},"acf":[],"yoast_head":"<!-- This site is optimized with the Yoast SEO plugin v27.5 - https:\/\/yoast.com\/product\/yoast-seo-wordpress\/ -->\n<title>Hiroshima + Miyajima - Takiguiados<\/title>\n<meta name=\"description\" content=\"Este guiado es ideal para quienes quieren descubrir la energ\u00eda \u00fanica de la Tokio moderna, donde cada calle es una postal y cada rinc\u00f3n tiene algo nuevo que ofrecer.\" \/>\n<meta name=\"robots\" content=\"index, follow, max-snippet:-1, max-image-preview:large, max-video-preview:-1\" \/>\n<link rel=\"canonical\" href=\"https:\/\/takiguiados.com\/en\/guiado\/hiroshima-miyajima\/\" \/>\n<meta property=\"og:locale\" content=\"en_US\" \/>\n<meta property=\"og:type\" content=\"article\" \/>\n<meta property=\"og:title\" content=\"Hiroshima + Miyajima - Takiguiados\" \/>\n<meta property=\"og:description\" content=\"Este guiado es ideal para quienes quieren descubrir la energ\u00eda \u00fanica de la Tokio moderna, donde cada calle es una postal y cada rinc\u00f3n tiene algo nuevo que ofrecer.\" \/>\n<meta property=\"og:url\" content=\"https:\/\/takiguiados.com\/en\/guiado\/hiroshima-miyajima\/\" \/>\n<meta property=\"og:site_name\" content=\"Takiguiados\" \/>\n<meta property=\"article:modified_time\" content=\"2026-02-02T11:26:45+00:00\" \/>\n<meta property=\"og:image\" content=\"https:\/\/takiguiados.com\/wp-content\/uploads\/Hiroshima-and-Miyajima-Mixed.jpeg\" \/>\n\t<meta property=\"og:image:width\" content=\"1600\" \/>\n\t<meta property=\"og:image:height\" content=\"1134\" \/>\n\t<meta property=\"og:image:type\" content=\"image\/jpeg\" \/>\n<meta name=\"twitter:card\" content=\"summary_large_image\" \/>\n<meta name=\"twitter:label1\" content=\"Est. reading time\" \/>\n\t<meta name=\"twitter:data1\" content=\"2 minutes\" \/>\n<script type=\"application\/ld+json\" class=\"yoast-schema-graph\">{\"@context\":\"https:\\\/\\\/schema.org\",\"@graph\":[{\"@type\":\"WebPage\",\"@id\":\"https:\\\/\\\/takiguiados.com\\\/en\\\/guiado\\\/hiroshima-miyajima\\\/\",\"url\":\"https:\\\/\\\/takiguiados.com\\\/en\\\/guiado\\\/hiroshima-miyajima\\\/\",\"name\":\"Hiroshima + Miyajima - Takiguiados\",\"isPartOf\":{\"@id\":\"https:\\\/\\\/takiguiados.com\\\/en\\\/#website\"},\"primaryImageOfPage\":{\"@id\":\"https:\\\/\\\/takiguiados.com\\\/en\\\/guiado\\\/hiroshima-miyajima\\\/#primaryimage\"},\"image\":{\"@id\":\"https:\\\/\\\/takiguiados.com\\\/en\\\/guiado\\\/hiroshima-miyajima\\\/#primaryimage\"},\"thumbnailUrl\":\"https:\\\/\\\/takiguiados.com\\\/wp-content\\\/uploads\\\/Hiroshima-and-Miyajima-Mixed.jpeg\",\"datePublished\":\"2025-04-25T02:25:24+00:00\",\"dateModified\":\"2026-02-02T11:26:45+00:00\",\"description\":\"Este guiado es ideal para quienes quieren descubrir la energ\u00eda \u00fanica de la Tokio moderna, donde cada calle es una postal y cada rinc\u00f3n tiene algo nuevo que ofrecer.\",\"breadcrumb\":{\"@id\":\"https:\\\/\\\/takiguiados.com\\\/en\\\/guiado\\\/hiroshima-miyajima\\\/#breadcrumb\"},\"inLanguage\":\"en-US\",\"potentialAction\":[{\"@type\":\"ReadAction\",\"target\":[\"https:\\\/\\\/takiguiados.com\\\/en\\\/guiado\\\/hiroshima-miyajima\\\/\"]}]},{\"@type\":\"ImageObject\",\"inLanguage\":\"en-US\",\"@id\":\"https:\\\/\\\/takiguiados.com\\\/en\\\/guiado\\\/hiroshima-miyajima\\\/#primaryimage\",\"url\":\"https:\\\/\\\/takiguiados.com\\\/wp-content\\\/uploads\\\/Hiroshima-and-Miyajima-Mixed.jpeg\",\"contentUrl\":\"https:\\\/\\\/takiguiados.com\\\/wp-content\\\/uploads\\\/Hiroshima-and-Miyajima-Mixed.jpeg\",\"width\":1600,\"height\":1134},{\"@type\":\"BreadcrumbList\",\"@id\":\"https:\\\/\\\/takiguiados.com\\\/en\\\/guiado\\\/hiroshima-miyajima\\\/#breadcrumb\",\"itemListElement\":[{\"@type\":\"ListItem\",\"position\":1,\"name\":\"Portada\",\"item\":\"https:\\\/\\\/takiguiados.com\\\/en\\\/\"},{\"@type\":\"ListItem\",\"position\":2,\"name\":\"Experiencias\",\"item\":\"https:\\\/\\\/takiguiados.com\\\/en\\\/experiencias\\\/\"},{\"@type\":\"ListItem\",\"position\":3,\"name\":\"Hiroshima + Miyajima\"}]},{\"@type\":\"WebSite\",\"@id\":\"https:\\\/\\\/takiguiados.com\\\/en\\\/#website\",\"url\":\"https:\\\/\\\/takiguiados.com\\\/en\\\/\",\"name\":\"Takiguiados\",\"description\":\"\",\"publisher\":{\"@id\":\"https:\\\/\\\/takiguiados.com\\\/en\\\/#organization\"},\"potentialAction\":[{\"@type\":\"SearchAction\",\"target\":{\"@type\":\"EntryPoint\",\"urlTemplate\":\"https:\\\/\\\/takiguiados.com\\\/en\\\/?s={search_term_string}\"},\"query-input\":{\"@type\":\"PropertyValueSpecification\",\"valueRequired\":true,\"valueName\":\"search_term_string\"}}],\"inLanguage\":\"en-US\"},{\"@type\":\"Organization\",\"@id\":\"https:\\\/\\\/takiguiados.com\\\/en\\\/#organization\",\"name\":\"Takiguiados\",\"url\":\"https:\\\/\\\/takiguiados.com\\\/en\\\/\",\"logo\":{\"@type\":\"ImageObject\",\"inLanguage\":\"en-US\",\"@id\":\"https:\\\/\\\/takiguiados.com\\\/en\\\/#\\\/schema\\\/logo\\\/image\\\/\",\"url\":\"https:\\\/\\\/takiguiados.com\\\/wp-content\\\/uploads\\\/logo.gif\",\"contentUrl\":\"https:\\\/\\\/takiguiados.com\\\/wp-content\\\/uploads\\\/logo.gif\",\"width\":100,\"height\":100,\"caption\":\"Takiguiados\"},\"image\":{\"@id\":\"https:\\\/\\\/takiguiados.com\\\/en\\\/#\\\/schema\\\/logo\\\/image\\\/\"}}]}<\/script>\n<!-- \/ Yoast SEO plugin. -->","yoast_head_json":{"title":"Hiroshima + Miyajima - Takiguiados","description":"Este guiado es ideal para quienes quieren descubrir la energ\u00eda \u00fanica de la Tokio moderna, donde cada calle es una postal y cada rinc\u00f3n tiene algo nuevo que ofrecer.","robots":{"index":"index","follow":"follow","max-snippet":"max-snippet:-1","max-image-preview":"max-image-preview:large","max-video-preview":"max-video-preview:-1"},"canonical":"https:\/\/takiguiados.com\/en\/guiado\/hiroshima-miyajima\/","og_locale":"en_US","og_type":"article","og_title":"Hiroshima + Miyajima - Takiguiados","og_description":"Este guiado es ideal para quienes quieren descubrir la energ\u00eda \u00fanica de la Tokio moderna, donde cada calle es una postal y cada rinc\u00f3n tiene algo nuevo que ofrecer.","og_url":"https:\/\/takiguiados.com\/en\/guiado\/hiroshima-miyajima\/","og_site_name":"Takiguiados","article_modified_time":"2026-02-02T11:26:45+00:00","og_image":[{"width":1600,"height":1134,"url":"https:\/\/takiguiados.com\/wp-content\/uploads\/Hiroshima-and-Miyajima-Mixed.jpeg","type":"image\/jpeg"}],"twitter_card":"summary_large_image","twitter_misc":{"Est. reading time":"2 minutes"},"schema":{"@context":"https:\/\/schema.org","@graph":[{"@type":"WebPage","@id":"https:\/\/takiguiados.com\/en\/guiado\/hiroshima-miyajima\/","url":"https:\/\/takiguiados.com\/en\/guiado\/hiroshima-miyajima\/","name":"Hiroshima + Miyajima - Takiguiados","isPartOf":{"@id":"https:\/\/takiguiados.com\/en\/#website"},"primaryImageOfPage":{"@id":"https:\/\/takiguiados.com\/en\/guiado\/hiroshima-miyajima\/#primaryimage"},"image":{"@id":"https:\/\/takiguiados.com\/en\/guiado\/hiroshima-miyajima\/#primaryimage"},"thumbnailUrl":"https:\/\/takiguiados.com\/wp-content\/uploads\/Hiroshima-and-Miyajima-Mixed.jpeg","datePublished":"2025-04-25T02:25:24+00:00","dateModified":"2026-02-02T11:26:45+00:00","description":"Este guiado es ideal para quienes quieren descubrir la energ\u00eda \u00fanica de la Tokio moderna, donde cada calle es una postal y cada rinc\u00f3n tiene algo nuevo que ofrecer.","breadcrumb":{"@id":"https:\/\/takiguiados.com\/en\/guiado\/hiroshima-miyajima\/#breadcrumb"},"inLanguage":"en-US","potentialAction":[{"@type":"ReadAction","target":["https:\/\/takiguiados.com\/en\/guiado\/hiroshima-miyajima\/"]}]},{"@type":"ImageObject","inLanguage":"en-US","@id":"https:\/\/takiguiados.com\/en\/guiado\/hiroshima-miyajima\/#primaryimage","url":"https:\/\/takiguiados.com\/wp-content\/uploads\/Hiroshima-and-Miyajima-Mixed.jpeg","contentUrl":"https:\/\/takiguiados.com\/wp-content\/uploads\/Hiroshima-and-Miyajima-Mixed.jpeg","width":1600,"height":1134},{"@type":"BreadcrumbList","@id":"https:\/\/takiguiados.com\/en\/guiado\/hiroshima-miyajima\/#breadcrumb","itemListElement":[{"@type":"ListItem","position":1,"name":"Portada","item":"https:\/\/takiguiados.com\/en\/"},{"@type":"ListItem","position":2,"name":"Experiencias","item":"https:\/\/takiguiados.com\/en\/experiencias\/"},{"@type":"ListItem","position":3,"name":"Hiroshima + Miyajima"}]},{"@type":"WebSite","@id":"https:\/\/takiguiados.com\/en\/#website","url":"https:\/\/takiguiados.com\/en\/","name":"Takiguiados","description":"","publisher":{"@id":"https:\/\/takiguiados.com\/en\/#organization"},"potentialAction":[{"@type":"SearchAction","target":{"@type":"EntryPoint","urlTemplate":"https:\/\/takiguiados.com\/en\/?s={search_term_string}"},"query-input":{"@type":"PropertyValueSpecification","valueRequired":true,"valueName":"search_term_string"}}],"inLanguage":"en-US"},{"@type":"Organization","@id":"https:\/\/takiguiados.com\/en\/#organization","name":"Takiguiados","url":"https:\/\/takiguiados.com\/en\/","logo":{"@type":"ImageObject","inLanguage":"en-US","@id":"https:\/\/takiguiados.com\/en\/#\/schema\/logo\/image\/","url":"https:\/\/takiguiados.com\/wp-content\/uploads\/logo.gif","contentUrl":"https:\/\/takiguiados.com\/wp-content\/uploads\/logo.gif","width":100,"height":100,"caption":"Takiguiados"},"image":{"@id":"https:\/\/takiguiados.com\/en\/#\/schema\/logo\/image\/"}}]}},"_links":{"self":[{"href":"https:\/\/takiguiados.com\/en\/wp-json\/wp\/v2\/product\/954","targetHints":{"allow":["GET"]}}],"collection":[{"href":"https:\/\/takiguiados.com\/en\/wp-json\/wp\/v2\/product"}],"about":[{"href":"https:\/\/takiguiados.com\/en\/wp-json\/wp\/v2\/types\/product"}],"wp:featuredmedia":[{"embeddable":true,"href":"https:\/\/takiguiados.com\/en\/wp-json\/wp\/v2\/media\/961"}],"wp:attachment":[{"href":"https:\/\/takiguiados.com\/en\/wp-json\/wp\/v2\/media?parent=954"}],"wp:term":[{"taxonomy":"product_brand","embeddable":true,"href":"https:\/\/takiguiados.com\/en\/wp-json\/wp\/v2\/product_brand?post=954"},{"taxonomy":"product_cat","embeddable":true,"href":"https:\/\/takiguiados.com\/en\/wp-json\/wp\/v2\/product_cat?post=954"},{"taxonomy":"product_tag","embeddable":true,"href":"https:\/\/takiguiados.com\/en\/wp-json\/wp\/v2\/product_tag?post=954"}],"curies":[{"name":"wp","href":"https:\/\/api.w.org\/{rel}","templated":true}]}}