{"id":930,"date":"2026-01-15T00:55:17","date_gmt":"2026-01-15T00:55:17","guid":{"rendered":"https:\/\/takiguiados.com\/?post_type=product&#038;p=930"},"modified":"2026-02-02T11:14:06","modified_gmt":"2026-02-02T11:14:06","slug":"nara","status":"publish","type":"product","link":"https:\/\/takiguiados.com\/en\/guiado\/nara\/","title":{"rendered":"Nara"},"content":{"rendered":"<p data-start=\"2590\" data-end=\"2639\"><strong data-start=\"2590\" data-end=\"2637\">Nara: history, nature and spirituality<\/strong><\/p>\n<p data-start=\"827\" data-end=\"1175\">Explore Nara, the first permanent capital of Japan, with our 7-hour guided tour designed to discover some of the most important sites of Japanese historical heritage. This experience is ideal for those who want to delve into the history, spirituality and connection with nature that characterize this unique city.<\/p>\n<p data-start=\"1177\" data-end=\"1489\">We will begin the visit at Nara Park, famous for its sacred deer that roam freely and symbolize the harmony between humans and nature. We will continue toward Todai-ji Temple, home of the Great Bronze Buddha, one of the largest and most impressive statues in Japan and a World Heritage Site.<\/p>\n<p data-start=\"1491\" data-end=\"1819\">During the tour we will also visit traditional shrines and temples surrounded by forests, learning about Buddhism, Shintoism and the importance of Nara in the country's history. Our Spanish-speaking guide will accompany you at all times, adapting the pace of the tour and explaining each place clearly and warmly.<\/p>\n<p data-start=\"1821\" data-end=\"1956\">An essential Nara tour for those looking for what to see in Nara, enjoying a cultural excursion and experiencing the most authentic Japan.<\/p>\n<p data-start=\"2903\" data-end=\"2917\"><strong data-start=\"2903\" data-end=\"2915\">Includes:<\/strong><\/p>\n<ul data-start=\"2918\" data-end=\"3001\">\n<li data-start=\"2918\" data-end=\"2944\">\n<p data-start=\"2920\" data-end=\"2944\">Spanish-speaking guide.<\/p>\n<\/li>\n<li data-start=\"2945\" data-end=\"3001\">\n<p data-start=\"2947\" data-end=\"3001\">Transport assistance and city guidance.<\/p>\n<\/li>\n<\/ul>\n<p data-start=\"3003\" data-end=\"3020\"><strong data-start=\"3003\" data-end=\"3018\">Does not include:<\/strong><\/p>\n<ul data-start=\"3021\" data-end=\"3070\">\n<li data-start=\"3021\" data-end=\"3070\">\n<p data-start=\"3023\" data-end=\"3070\">Admission to attractions, transport and meals.<\/p>\n<\/li>\n<\/ul>\n<hr data-start=\"1071\" data-end=\"1074\" \/>\n<p data-start=\"3072\" data-end=\"3260\"><strong data-start=\"3072\" data-end=\"3096\">Suggested itinerary:<\/strong><br data-start=\"3096\" data-end=\"3099\" \/>We will begin at the <strong data-start=\"3118\" data-end=\"3137\">Todai-ji temple<\/strong>, an architectural masterpiece that houses the Great Buddha of Nara, one of the most impressive statues in all of Japan.<\/p>\n<p data-start=\"3262\" data-end=\"3509\">We will stroll through <strong data-start=\"3280\" data-end=\"3298\">Nara Park<\/strong>, where the friendly sika deer coexist with visitors, being a living symbol of the city. Afterwards, we will head to the <strong data-start=\"3425\" data-end=\"3452\">Kasuga Taisha Shrine<\/strong>, famous for its thousands of stone and bronze lanterns.<\/p>\n<p data-start=\"3511\" data-end=\"3649\">We will end by walking through the ancient streets and gardens of the city, breathing in the historical atmosphere that makes Nara a unique place.<\/p>\n<hr data-start=\"1071\" data-end=\"1074\" \/>\n<p data-start=\"3651\" data-end=\"3743\"><strong data-start=\"3651\" data-end=\"3741\">Nara is a journey to the most traditional and authentic Japan, in a setting of peace and beauty.<\/strong><\/p>","protected":false},"excerpt":{"rendered":"<p>Descubre el encanto hist\u00f3rico de <strong data-start=\"2188\" data-end=\"2196\">Nara<\/strong> en un tour de 7 horas en espa\u00f1ol. Visita el imponente <strong data-start=\"2251\" data-end=\"2270\">templo Todai-ji<\/strong> con su Gran Buda, pasea por el <strong data-start=\"2302\" data-end=\"2320\">parque de Nara<\/strong> junto a los famosos ciervos sika, explora el santuario <strong data-start=\"2376\" data-end=\"2393\">Kasuga Taisha<\/strong> y sum\u00e9rgete en la historia de la primera capital de Jap\u00f3n. Ideal para quienes buscan una experiencia cultural y fotog\u00e9nica en un entorno tranquilo y lleno de tradici\u00f3n. [&#8230;]<\/p>\n<p><a class=\"btn btn-secondary understrap-read-more-link\" href=\"https:\/\/takiguiados.com\/en\/guiado\/nara\/\">Read More&#8230;<span class=\"screen-reader-text\"> from Nara<\/span><\/a><\/p>\n","protected":false},"featured_media":943,"template":"","meta":{"inline_featured_image":false},"product_brand":[],"product_cat":[22,21],"product_tag":[],"class_list":{"0":"post-930","1":"product","2":"type-product","3":"status-publish","4":"has-post-thumbnail","6":"product_cat-guiado","7":"product_cat-promociones","9":"first","10":"instock","11":"sold-individually","12":"taxable","13":"shipping-taxable","14":"purchasable","15":"product-type-variable"},"acf":[],"yoast_head":"<!-- This site is optimized with the Yoast SEO plugin v27.5 - https:\/\/yoast.com\/product\/yoast-seo-wordpress\/ -->\n<title>Nara - Takiguiados<\/title>\n<meta name=\"description\" content=\"Este guiado es ideal para quienes quieren descubrir la energ\u00eda \u00fanica de la Tokio moderna, donde cada calle es una postal y cada rinc\u00f3n tiene algo nuevo que ofrecer.\" \/>\n<meta name=\"robots\" content=\"index, follow, max-snippet:-1, max-image-preview:large, max-video-preview:-1\" \/>\n<link rel=\"canonical\" href=\"https:\/\/takiguiados.com\/en\/guiado\/nara\/\" \/>\n<meta property=\"og:locale\" content=\"en_US\" \/>\n<meta property=\"og:type\" content=\"article\" \/>\n<meta property=\"og:title\" content=\"Nara - Takiguiados\" \/>\n<meta property=\"og:description\" content=\"Este guiado es ideal para quienes quieren descubrir la energ\u00eda \u00fanica de la Tokio moderna, donde cada calle es una postal y cada rinc\u00f3n tiene algo nuevo que ofrecer.\" \/>\n<meta property=\"og:url\" content=\"https:\/\/takiguiados.com\/en\/guiado\/nara\/\" \/>\n<meta property=\"og:site_name\" content=\"Takiguiados\" \/>\n<meta property=\"article:modified_time\" content=\"2026-02-02T11:14:06+00:00\" \/>\n<meta property=\"og:image\" content=\"https:\/\/takiguiados.com\/wp-content\/uploads\/Nara-foto-1024x683.png\" \/>\n\t<meta property=\"og:image:width\" content=\"1024\" \/>\n\t<meta property=\"og:image:height\" content=\"683\" \/>\n\t<meta property=\"og:image:type\" content=\"image\/png\" \/>\n<meta name=\"twitter:card\" content=\"summary_large_image\" \/>\n<meta name=\"twitter:label1\" content=\"Est. reading time\" \/>\n\t<meta name=\"twitter:data1\" content=\"2 minutes\" \/>\n<script type=\"application\/ld+json\" class=\"yoast-schema-graph\">{\"@context\":\"https:\\\/\\\/schema.org\",\"@graph\":[{\"@type\":\"WebPage\",\"@id\":\"https:\\\/\\\/takiguiados.com\\\/en\\\/guiado\\\/nara\\\/\",\"url\":\"https:\\\/\\\/takiguiados.com\\\/en\\\/guiado\\\/nara\\\/\",\"name\":\"Nara - Takiguiados\",\"isPartOf\":{\"@id\":\"https:\\\/\\\/takiguiados.com\\\/en\\\/#website\"},\"primaryImageOfPage\":{\"@id\":\"https:\\\/\\\/takiguiados.com\\\/en\\\/guiado\\\/nara\\\/#primaryimage\"},\"image\":{\"@id\":\"https:\\\/\\\/takiguiados.com\\\/en\\\/guiado\\\/nara\\\/#primaryimage\"},\"thumbnailUrl\":\"https:\\\/\\\/takiguiados.com\\\/wp-content\\\/uploads\\\/Nara-foto.png\",\"datePublished\":\"2026-01-15T00:55:17+00:00\",\"dateModified\":\"2026-02-02T11:14:06+00:00\",\"description\":\"Este guiado es ideal para quienes quieren descubrir la energ\u00eda \u00fanica de la Tokio moderna, donde cada calle es una postal y cada rinc\u00f3n tiene algo nuevo que ofrecer.\",\"breadcrumb\":{\"@id\":\"https:\\\/\\\/takiguiados.com\\\/en\\\/guiado\\\/nara\\\/#breadcrumb\"},\"inLanguage\":\"en-US\",\"potentialAction\":[{\"@type\":\"ReadAction\",\"target\":[\"https:\\\/\\\/takiguiados.com\\\/en\\\/guiado\\\/nara\\\/\"]}]},{\"@type\":\"ImageObject\",\"inLanguage\":\"en-US\",\"@id\":\"https:\\\/\\\/takiguiados.com\\\/en\\\/guiado\\\/nara\\\/#primaryimage\",\"url\":\"https:\\\/\\\/takiguiados.com\\\/wp-content\\\/uploads\\\/Nara-foto.png\",\"contentUrl\":\"https:\\\/\\\/takiguiados.com\\\/wp-content\\\/uploads\\\/Nara-foto.png\",\"width\":1536,\"height\":1024},{\"@type\":\"BreadcrumbList\",\"@id\":\"https:\\\/\\\/takiguiados.com\\\/en\\\/guiado\\\/nara\\\/#breadcrumb\",\"itemListElement\":[{\"@type\":\"ListItem\",\"position\":1,\"name\":\"Portada\",\"item\":\"https:\\\/\\\/takiguiados.com\\\/en\\\/\"},{\"@type\":\"ListItem\",\"position\":2,\"name\":\"Experiencias\",\"item\":\"https:\\\/\\\/takiguiados.com\\\/en\\\/experiencias\\\/\"},{\"@type\":\"ListItem\",\"position\":3,\"name\":\"Nara\"}]},{\"@type\":\"WebSite\",\"@id\":\"https:\\\/\\\/takiguiados.com\\\/en\\\/#website\",\"url\":\"https:\\\/\\\/takiguiados.com\\\/en\\\/\",\"name\":\"Takiguiados\",\"description\":\"\",\"publisher\":{\"@id\":\"https:\\\/\\\/takiguiados.com\\\/en\\\/#organization\"},\"potentialAction\":[{\"@type\":\"SearchAction\",\"target\":{\"@type\":\"EntryPoint\",\"urlTemplate\":\"https:\\\/\\\/takiguiados.com\\\/en\\\/?s={search_term_string}\"},\"query-input\":{\"@type\":\"PropertyValueSpecification\",\"valueRequired\":true,\"valueName\":\"search_term_string\"}}],\"inLanguage\":\"en-US\"},{\"@type\":\"Organization\",\"@id\":\"https:\\\/\\\/takiguiados.com\\\/en\\\/#organization\",\"name\":\"Takiguiados\",\"url\":\"https:\\\/\\\/takiguiados.com\\\/en\\\/\",\"logo\":{\"@type\":\"ImageObject\",\"inLanguage\":\"en-US\",\"@id\":\"https:\\\/\\\/takiguiados.com\\\/en\\\/#\\\/schema\\\/logo\\\/image\\\/\",\"url\":\"https:\\\/\\\/takiguiados.com\\\/wp-content\\\/uploads\\\/logo.gif\",\"contentUrl\":\"https:\\\/\\\/takiguiados.com\\\/wp-content\\\/uploads\\\/logo.gif\",\"width\":100,\"height\":100,\"caption\":\"Takiguiados\"},\"image\":{\"@id\":\"https:\\\/\\\/takiguiados.com\\\/en\\\/#\\\/schema\\\/logo\\\/image\\\/\"}}]}<\/script>\n<!-- \/ Yoast SEO plugin. -->","yoast_head_json":{"title":"Nara - Takiguiados","description":"Este guiado es ideal para quienes quieren descubrir la energ\u00eda \u00fanica de la Tokio moderna, donde cada calle es una postal y cada rinc\u00f3n tiene algo nuevo que ofrecer.","robots":{"index":"index","follow":"follow","max-snippet":"max-snippet:-1","max-image-preview":"max-image-preview:large","max-video-preview":"max-video-preview:-1"},"canonical":"https:\/\/takiguiados.com\/en\/guiado\/nara\/","og_locale":"en_US","og_type":"article","og_title":"Nara - Takiguiados","og_description":"Este guiado es ideal para quienes quieren descubrir la energ\u00eda \u00fanica de la Tokio moderna, donde cada calle es una postal y cada rinc\u00f3n tiene algo nuevo que ofrecer.","og_url":"https:\/\/takiguiados.com\/en\/guiado\/nara\/","og_site_name":"Takiguiados","article_modified_time":"2026-02-02T11:14:06+00:00","og_image":[{"width":1024,"height":683,"url":"https:\/\/takiguiados.com\/wp-content\/uploads\/Nara-foto-1024x683.png","type":"image\/png"}],"twitter_card":"summary_large_image","twitter_misc":{"Est. reading time":"2 minutes"},"schema":{"@context":"https:\/\/schema.org","@graph":[{"@type":"WebPage","@id":"https:\/\/takiguiados.com\/en\/guiado\/nara\/","url":"https:\/\/takiguiados.com\/en\/guiado\/nara\/","name":"Nara - Takiguiados","isPartOf":{"@id":"https:\/\/takiguiados.com\/en\/#website"},"primaryImageOfPage":{"@id":"https:\/\/takiguiados.com\/en\/guiado\/nara\/#primaryimage"},"image":{"@id":"https:\/\/takiguiados.com\/en\/guiado\/nara\/#primaryimage"},"thumbnailUrl":"https:\/\/takiguiados.com\/wp-content\/uploads\/Nara-foto.png","datePublished":"2026-01-15T00:55:17+00:00","dateModified":"2026-02-02T11:14:06+00:00","description":"Este guiado es ideal para quienes quieren descubrir la energ\u00eda \u00fanica de la Tokio moderna, donde cada calle es una postal y cada rinc\u00f3n tiene algo nuevo que ofrecer.","breadcrumb":{"@id":"https:\/\/takiguiados.com\/en\/guiado\/nara\/#breadcrumb"},"inLanguage":"en-US","potentialAction":[{"@type":"ReadAction","target":["https:\/\/takiguiados.com\/en\/guiado\/nara\/"]}]},{"@type":"ImageObject","inLanguage":"en-US","@id":"https:\/\/takiguiados.com\/en\/guiado\/nara\/#primaryimage","url":"https:\/\/takiguiados.com\/wp-content\/uploads\/Nara-foto.png","contentUrl":"https:\/\/takiguiados.com\/wp-content\/uploads\/Nara-foto.png","width":1536,"height":1024},{"@type":"BreadcrumbList","@id":"https:\/\/takiguiados.com\/en\/guiado\/nara\/#breadcrumb","itemListElement":[{"@type":"ListItem","position":1,"name":"Portada","item":"https:\/\/takiguiados.com\/en\/"},{"@type":"ListItem","position":2,"name":"Experiencias","item":"https:\/\/takiguiados.com\/en\/experiencias\/"},{"@type":"ListItem","position":3,"name":"Nara"}]},{"@type":"WebSite","@id":"https:\/\/takiguiados.com\/en\/#website","url":"https:\/\/takiguiados.com\/en\/","name":"Takiguiados","description":"","publisher":{"@id":"https:\/\/takiguiados.com\/en\/#organization"},"potentialAction":[{"@type":"SearchAction","target":{"@type":"EntryPoint","urlTemplate":"https:\/\/takiguiados.com\/en\/?s={search_term_string}"},"query-input":{"@type":"PropertyValueSpecification","valueRequired":true,"valueName":"search_term_string"}}],"inLanguage":"en-US"},{"@type":"Organization","@id":"https:\/\/takiguiados.com\/en\/#organization","name":"Takiguiados","url":"https:\/\/takiguiados.com\/en\/","logo":{"@type":"ImageObject","inLanguage":"en-US","@id":"https:\/\/takiguiados.com\/en\/#\/schema\/logo\/image\/","url":"https:\/\/takiguiados.com\/wp-content\/uploads\/logo.gif","contentUrl":"https:\/\/takiguiados.com\/wp-content\/uploads\/logo.gif","width":100,"height":100,"caption":"Takiguiados"},"image":{"@id":"https:\/\/takiguiados.com\/en\/#\/schema\/logo\/image\/"}}]}},"_links":{"self":[{"href":"https:\/\/takiguiados.com\/en\/wp-json\/wp\/v2\/product\/930","targetHints":{"allow":["GET"]}}],"collection":[{"href":"https:\/\/takiguiados.com\/en\/wp-json\/wp\/v2\/product"}],"about":[{"href":"https:\/\/takiguiados.com\/en\/wp-json\/wp\/v2\/types\/product"}],"wp:featuredmedia":[{"embeddable":true,"href":"https:\/\/takiguiados.com\/en\/wp-json\/wp\/v2\/media\/943"}],"wp:attachment":[{"href":"https:\/\/takiguiados.com\/en\/wp-json\/wp\/v2\/media?parent=930"}],"wp:term":[{"taxonomy":"product_brand","embeddable":true,"href":"https:\/\/takiguiados.com\/en\/wp-json\/wp\/v2\/product_brand?post=930"},{"taxonomy":"product_cat","embeddable":true,"href":"https:\/\/takiguiados.com\/en\/wp-json\/wp\/v2\/product_cat?post=930"},{"taxonomy":"product_tag","embeddable":true,"href":"https:\/\/takiguiados.com\/en\/wp-json\/wp\/v2\/product_tag?post=930"}],"curies":[{"name":"wp","href":"https:\/\/api.w.org\/{rel}","templated":true}]}}