{"id":865,"date":"2026-01-10T19:15:08","date_gmt":"2026-01-10T19:15:08","guid":{"rendered":"https:\/\/takiguiados.com\/?post_type=product&#038;p=865"},"modified":"2026-02-02T11:26:03","modified_gmt":"2026-02-02T11:26:03","slug":"nikko","status":"publish","type":"product","link":"https:\/\/takiguiados.com\/en\/guiado\/nikko\/","title":{"rendered":"Nikko"},"content":{"rendered":"<p data-start=\"866\" data-end=\"931\"><strong data-start=\"866\" data-end=\"931\">Visit the most iconic temples and shrines in Nikko.<\/strong><\/p>\n<p data-start=\"3680\" data-end=\"3933\">Explore Nikko on our 7-hour guided tour, a perfect experience for those who want to discover one of Japan's most sacred and beautiful places. Surrounded by mountains and forests, Nikko uniquely combines history, spirituality and nature.<\/p>\n<p data-start=\"3935\" data-end=\"4206\">We'll visit shrines and temples designated as World Heritage Sites, famous for their detailed architecture, vibrant colors and religious symbolism. During the tour you'll learn about Shinto, Buddhism and Nikko's historical importance in feudal Japan.<\/p>\n<p data-start=\"4208\" data-end=\"4484\">Our Spanish-speaking guide will accompany you throughout the day, explaining every detail and adapting the tour so you can enjoy a complete and enriching experience. The perfect tour for those wondering what to see in Nikko and looking for a cultural day trip from Tokyo.<\/p>\n<p data-start=\"1372\" data-end=\"1384\"><strong data-start=\"1372\" data-end=\"1384\">Includes:<\/strong><\/p>\n<ul data-start=\"1386\" data-end=\"1464\">\n<li data-start=\"1386\" data-end=\"1440\">\n<div>Guide service throughout the tour<\/div>\n<\/li>\n<li data-start=\"1386\" data-end=\"1440\">\n<div>Cultural, historical and spiritual explanations<\/div>\n<\/li>\n<\/ul>\n<p data-start=\"1466\" data-end=\"1481\"><strong data-start=\"1466\" data-end=\"1481\">Does not include:<\/strong><\/p>\n<ul data-start=\"1483\" data-end=\"1592\">\n<li data-start=\"1483\" data-end=\"1530\">\n<div>Transport to Nikko<\/div>\n<\/li>\n<li data-start=\"1483\" data-end=\"1530\">\n<div>Admission tickets for both attendees and guide<\/div>\n<\/li>\n<li data-start=\"1483\" data-end=\"1530\">\n<div>Personal meals and expenses<\/div>\n<\/li>\n<\/ul>\n<hr data-start=\"1594\" data-end=\"1597\" \/>\n<p data-start=\"1599\" data-end=\"1675\"><strong>Recommendations<\/strong><\/p>\n<p data-start=\"1599\" data-end=\"1675\">Comfortable footwear is recommended, as we'll walk through large areas and natural environments. The itinerary may be slightly adapted depending on weather or visitor flow, always preserving the essence of the experience.<\/p>","protected":false},"excerpt":{"rendered":"<p>Descubre Nikko en una excursi\u00f3n de d\u00eda completo desde Tokio, un enclave sagrado rodeado de monta\u00f1as y bosques centenarios donde historia, espiritualidad y naturaleza se unen. Visitaremos sus templos y santuarios Patrimonio de la Humanidad y conoceremos la profunda relaci\u00f3n de Nikko con el shogunato Tokugawa. [&#8230;]<\/p>\n<p><a class=\"btn btn-secondary understrap-read-more-link\" href=\"https:\/\/takiguiados.com\/en\/guiado\/nikko\/\">Read More&#8230;<span class=\"screen-reader-text\"> from Nikko<\/span><\/a><\/p>\n","protected":false},"featured_media":878,"template":"","meta":{"inline_featured_image":false},"product_brand":[],"product_cat":[22,21],"product_tag":[],"class_list":{"0":"post-865","1":"product","2":"type-product","3":"status-publish","4":"has-post-thumbnail","6":"product_cat-guiado","7":"product_cat-promociones","9":"first","10":"instock","11":"sold-individually","12":"taxable","13":"shipping-taxable","14":"purchasable","15":"product-type-variable"},"acf":[],"yoast_head":"<!-- This site is optimized with the Yoast SEO plugin v27.5 - https:\/\/yoast.com\/product\/yoast-seo-wordpress\/ -->\n<title>Nikko - Takiguiados<\/title>\n<meta name=\"description\" content=\"Este guiado es ideal para quienes quieren descubrir la energ\u00eda \u00fanica de la Tokio moderna, donde cada calle es una postal y cada rinc\u00f3n tiene algo nuevo que ofrecer.\" \/>\n<meta name=\"robots\" content=\"index, follow, max-snippet:-1, max-image-preview:large, max-video-preview:-1\" \/>\n<link rel=\"canonical\" href=\"https:\/\/takiguiados.com\/en\/guiado\/nikko\/\" \/>\n<meta property=\"og:locale\" content=\"en_US\" \/>\n<meta property=\"og:type\" content=\"article\" \/>\n<meta property=\"og:title\" content=\"Nikko - Takiguiados\" \/>\n<meta property=\"og:description\" content=\"Este guiado es ideal para quienes quieren descubrir la energ\u00eda \u00fanica de la Tokio moderna, donde cada calle es una postal y cada rinc\u00f3n tiene algo nuevo que ofrecer.\" \/>\n<meta property=\"og:url\" content=\"https:\/\/takiguiados.com\/en\/guiado\/nikko\/\" \/>\n<meta property=\"og:site_name\" content=\"Takiguiados\" \/>\n<meta property=\"article:modified_time\" content=\"2026-02-02T11:26:03+00:00\" \/>\n<meta property=\"og:image\" content=\"https:\/\/takiguiados.com\/wp-content\/uploads\/Nikko-scaled.jpg\" \/>\n\t<meta property=\"og:image:width\" content=\"2560\" \/>\n\t<meta property=\"og:image:height\" content=\"1707\" \/>\n\t<meta property=\"og:image:type\" content=\"image\/jpeg\" \/>\n<meta name=\"twitter:card\" content=\"summary_large_image\" \/>\n<meta name=\"twitter:label1\" content=\"Est. reading time\" \/>\n\t<meta name=\"twitter:data1\" content=\"2 minutes\" \/>\n<script type=\"application\/ld+json\" class=\"yoast-schema-graph\">{\"@context\":\"https:\\\/\\\/schema.org\",\"@graph\":[{\"@type\":\"WebPage\",\"@id\":\"https:\\\/\\\/takiguiados.com\\\/en\\\/guiado\\\/nikko\\\/\",\"url\":\"https:\\\/\\\/takiguiados.com\\\/en\\\/guiado\\\/nikko\\\/\",\"name\":\"Nikko - Takiguiados\",\"isPartOf\":{\"@id\":\"https:\\\/\\\/takiguiados.com\\\/en\\\/#website\"},\"primaryImageOfPage\":{\"@id\":\"https:\\\/\\\/takiguiados.com\\\/en\\\/guiado\\\/nikko\\\/#primaryimage\"},\"image\":{\"@id\":\"https:\\\/\\\/takiguiados.com\\\/en\\\/guiado\\\/nikko\\\/#primaryimage\"},\"thumbnailUrl\":\"https:\\\/\\\/takiguiados.com\\\/wp-content\\\/uploads\\\/Nikko-scaled.jpg\",\"datePublished\":\"2026-01-10T19:15:08+00:00\",\"dateModified\":\"2026-02-02T11:26:03+00:00\",\"description\":\"Este guiado es ideal para quienes quieren descubrir la energ\u00eda \u00fanica de la Tokio moderna, donde cada calle es una postal y cada rinc\u00f3n tiene algo nuevo que ofrecer.\",\"breadcrumb\":{\"@id\":\"https:\\\/\\\/takiguiados.com\\\/en\\\/guiado\\\/nikko\\\/#breadcrumb\"},\"inLanguage\":\"en-US\",\"potentialAction\":[{\"@type\":\"ReadAction\",\"target\":[\"https:\\\/\\\/takiguiados.com\\\/en\\\/guiado\\\/nikko\\\/\"]}]},{\"@type\":\"ImageObject\",\"inLanguage\":\"en-US\",\"@id\":\"https:\\\/\\\/takiguiados.com\\\/en\\\/guiado\\\/nikko\\\/#primaryimage\",\"url\":\"https:\\\/\\\/takiguiados.com\\\/wp-content\\\/uploads\\\/Nikko-scaled.jpg\",\"contentUrl\":\"https:\\\/\\\/takiguiados.com\\\/wp-content\\\/uploads\\\/Nikko-scaled.jpg\",\"width\":2560,\"height\":1707},{\"@type\":\"BreadcrumbList\",\"@id\":\"https:\\\/\\\/takiguiados.com\\\/en\\\/guiado\\\/nikko\\\/#breadcrumb\",\"itemListElement\":[{\"@type\":\"ListItem\",\"position\":1,\"name\":\"Portada\",\"item\":\"https:\\\/\\\/takiguiados.com\\\/en\\\/\"},{\"@type\":\"ListItem\",\"position\":2,\"name\":\"Experiencias\",\"item\":\"https:\\\/\\\/takiguiados.com\\\/en\\\/experiencias\\\/\"},{\"@type\":\"ListItem\",\"position\":3,\"name\":\"Nikko\"}]},{\"@type\":\"WebSite\",\"@id\":\"https:\\\/\\\/takiguiados.com\\\/en\\\/#website\",\"url\":\"https:\\\/\\\/takiguiados.com\\\/en\\\/\",\"name\":\"Takiguiados\",\"description\":\"\",\"publisher\":{\"@id\":\"https:\\\/\\\/takiguiados.com\\\/en\\\/#organization\"},\"potentialAction\":[{\"@type\":\"SearchAction\",\"target\":{\"@type\":\"EntryPoint\",\"urlTemplate\":\"https:\\\/\\\/takiguiados.com\\\/en\\\/?s={search_term_string}\"},\"query-input\":{\"@type\":\"PropertyValueSpecification\",\"valueRequired\":true,\"valueName\":\"search_term_string\"}}],\"inLanguage\":\"en-US\"},{\"@type\":\"Organization\",\"@id\":\"https:\\\/\\\/takiguiados.com\\\/en\\\/#organization\",\"name\":\"Takiguiados\",\"url\":\"https:\\\/\\\/takiguiados.com\\\/en\\\/\",\"logo\":{\"@type\":\"ImageObject\",\"inLanguage\":\"en-US\",\"@id\":\"https:\\\/\\\/takiguiados.com\\\/en\\\/#\\\/schema\\\/logo\\\/image\\\/\",\"url\":\"https:\\\/\\\/takiguiados.com\\\/wp-content\\\/uploads\\\/logo.gif\",\"contentUrl\":\"https:\\\/\\\/takiguiados.com\\\/wp-content\\\/uploads\\\/logo.gif\",\"width\":100,\"height\":100,\"caption\":\"Takiguiados\"},\"image\":{\"@id\":\"https:\\\/\\\/takiguiados.com\\\/en\\\/#\\\/schema\\\/logo\\\/image\\\/\"}}]}<\/script>\n<!-- \/ Yoast SEO plugin. -->","yoast_head_json":{"title":"Nikko - Takiguiados","description":"Este guiado es ideal para quienes quieren descubrir la energ\u00eda \u00fanica de la Tokio moderna, donde cada calle es una postal y cada rinc\u00f3n tiene algo nuevo que ofrecer.","robots":{"index":"index","follow":"follow","max-snippet":"max-snippet:-1","max-image-preview":"max-image-preview:large","max-video-preview":"max-video-preview:-1"},"canonical":"https:\/\/takiguiados.com\/en\/guiado\/nikko\/","og_locale":"en_US","og_type":"article","og_title":"Nikko - Takiguiados","og_description":"Este guiado es ideal para quienes quieren descubrir la energ\u00eda \u00fanica de la Tokio moderna, donde cada calle es una postal y cada rinc\u00f3n tiene algo nuevo que ofrecer.","og_url":"https:\/\/takiguiados.com\/en\/guiado\/nikko\/","og_site_name":"Takiguiados","article_modified_time":"2026-02-02T11:26:03+00:00","og_image":[{"width":2560,"height":1707,"url":"https:\/\/takiguiados.com\/wp-content\/uploads\/Nikko-scaled.jpg","type":"image\/jpeg"}],"twitter_card":"summary_large_image","twitter_misc":{"Est. reading time":"2 minutes"},"schema":{"@context":"https:\/\/schema.org","@graph":[{"@type":"WebPage","@id":"https:\/\/takiguiados.com\/en\/guiado\/nikko\/","url":"https:\/\/takiguiados.com\/en\/guiado\/nikko\/","name":"Nikko - Takiguiados","isPartOf":{"@id":"https:\/\/takiguiados.com\/en\/#website"},"primaryImageOfPage":{"@id":"https:\/\/takiguiados.com\/en\/guiado\/nikko\/#primaryimage"},"image":{"@id":"https:\/\/takiguiados.com\/en\/guiado\/nikko\/#primaryimage"},"thumbnailUrl":"https:\/\/takiguiados.com\/wp-content\/uploads\/Nikko-scaled.jpg","datePublished":"2026-01-10T19:15:08+00:00","dateModified":"2026-02-02T11:26:03+00:00","description":"Este guiado es ideal para quienes quieren descubrir la energ\u00eda \u00fanica de la Tokio moderna, donde cada calle es una postal y cada rinc\u00f3n tiene algo nuevo que ofrecer.","breadcrumb":{"@id":"https:\/\/takiguiados.com\/en\/guiado\/nikko\/#breadcrumb"},"inLanguage":"en-US","potentialAction":[{"@type":"ReadAction","target":["https:\/\/takiguiados.com\/en\/guiado\/nikko\/"]}]},{"@type":"ImageObject","inLanguage":"en-US","@id":"https:\/\/takiguiados.com\/en\/guiado\/nikko\/#primaryimage","url":"https:\/\/takiguiados.com\/wp-content\/uploads\/Nikko-scaled.jpg","contentUrl":"https:\/\/takiguiados.com\/wp-content\/uploads\/Nikko-scaled.jpg","width":2560,"height":1707},{"@type":"BreadcrumbList","@id":"https:\/\/takiguiados.com\/en\/guiado\/nikko\/#breadcrumb","itemListElement":[{"@type":"ListItem","position":1,"name":"Portada","item":"https:\/\/takiguiados.com\/en\/"},{"@type":"ListItem","position":2,"name":"Experiencias","item":"https:\/\/takiguiados.com\/en\/experiencias\/"},{"@type":"ListItem","position":3,"name":"Nikko"}]},{"@type":"WebSite","@id":"https:\/\/takiguiados.com\/en\/#website","url":"https:\/\/takiguiados.com\/en\/","name":"Takiguiados","description":"","publisher":{"@id":"https:\/\/takiguiados.com\/en\/#organization"},"potentialAction":[{"@type":"SearchAction","target":{"@type":"EntryPoint","urlTemplate":"https:\/\/takiguiados.com\/en\/?s={search_term_string}"},"query-input":{"@type":"PropertyValueSpecification","valueRequired":true,"valueName":"search_term_string"}}],"inLanguage":"en-US"},{"@type":"Organization","@id":"https:\/\/takiguiados.com\/en\/#organization","name":"Takiguiados","url":"https:\/\/takiguiados.com\/en\/","logo":{"@type":"ImageObject","inLanguage":"en-US","@id":"https:\/\/takiguiados.com\/en\/#\/schema\/logo\/image\/","url":"https:\/\/takiguiados.com\/wp-content\/uploads\/logo.gif","contentUrl":"https:\/\/takiguiados.com\/wp-content\/uploads\/logo.gif","width":100,"height":100,"caption":"Takiguiados"},"image":{"@id":"https:\/\/takiguiados.com\/en\/#\/schema\/logo\/image\/"}}]}},"_links":{"self":[{"href":"https:\/\/takiguiados.com\/en\/wp-json\/wp\/v2\/product\/865","targetHints":{"allow":["GET"]}}],"collection":[{"href":"https:\/\/takiguiados.com\/en\/wp-json\/wp\/v2\/product"}],"about":[{"href":"https:\/\/takiguiados.com\/en\/wp-json\/wp\/v2\/types\/product"}],"wp:featuredmedia":[{"embeddable":true,"href":"https:\/\/takiguiados.com\/en\/wp-json\/wp\/v2\/media\/878"}],"wp:attachment":[{"href":"https:\/\/takiguiados.com\/en\/wp-json\/wp\/v2\/media?parent=865"}],"wp:term":[{"taxonomy":"product_brand","embeddable":true,"href":"https:\/\/takiguiados.com\/en\/wp-json\/wp\/v2\/product_brand?post=865"},{"taxonomy":"product_cat","embeddable":true,"href":"https:\/\/takiguiados.com\/en\/wp-json\/wp\/v2\/product_cat?post=865"},{"taxonomy":"product_tag","embeddable":true,"href":"https:\/\/takiguiados.com\/en\/wp-json\/wp\/v2\/product_tag?post=865"}],"curies":[{"name":"wp","href":"https:\/\/api.w.org\/{rel}","templated":true}]}}