{"id":755,"date":"2026-01-21T13:51:47","date_gmt":"2026-01-21T13:51:47","guid":{"rendered":"https:\/\/takiguiados.com\/?post_type=product&#038;p=755"},"modified":"2026-02-02T11:11:44","modified_gmt":"2026-02-02T11:11:44","slug":"kyoto","status":"publish","type":"product","link":"https:\/\/takiguiados.com\/en\/guiado\/kyoto\/","title":{"rendered":"Kyoto"},"content":{"rendered":"<p><strong>Discover the essence of Kyoto in a single day with our 7-hour tour<\/strong><\/p>\n<p>Kyoto, the ancient capital of <strong>Japan<\/strong>, is a city where <strong>history, culture and natural beauty<\/strong> intertwine in every corner. With our full-day Kyoto tour, we take you to the <strong>most iconic and essential places<\/strong>, combining tradition, spirituality and <strong>unforgettable landscapes<\/strong>. Ideal for those looking for what to see in Kyoto and making the most of their visit, this tour is the perfect way to immerse yourself in the <strong>cultural heart of Japan<\/strong>.<\/p>\n<p><strong>Includes<\/strong>:<\/p>\n<p>Spanish-speaking guide throughout the experience.<\/p>\n<p>Transport assistance and city guidance.<\/p>\n<p><strong>Does not include:<\/strong><\/p>\n<p>Admission to temples or attractions that require it.<\/p>\n<p>Personal expenses and meals during the tour.<\/p>\n<hr data-start=\"1071\" data-end=\"1074\" \/>\n<p><strong>An itinerary to fall in love with Kyoto<\/strong><\/p>\n<p>We will start at the majestic <strong>Fushimi Inari Taisha Shrine<\/strong>, famous for its thousands of red torii that form a magical path up the mountain. This <strong>sacred place<\/strong> is one of the <strong>most recognizable symbols of Japan<\/strong> and a <strong>must-see<\/strong> for any traveler.<\/p>\n<p>Next, we will enter the <strong>Gion district<\/strong>, the <strong>geisha district<\/strong> most famous in Kyoto. Its cobblestone streets, tea houses and traditional architecture will transport you to another era, providing one of the <strong>most authentic cultural experiences in the city<\/strong>.<\/p>\n<p>The next stop is the spectacular <strong>Golden Pavilion (Kinkaku-ji)<\/strong>, a <strong>zen temple<\/strong> covered in gold leaf that reflects on a tranquil pond surrounded by gardens. A perfect setting to capture <strong>unforgettable photographs<\/strong>.<\/p>\n<p>Then, we will breathe in the serenity of the <strong>Arashiyama Bamboo Forest<\/strong>, one of the most iconic natural landscapes in Japan. Walking among its towering green stalks is an almost magical experience that connects with the natural essence of <strong>Kyoto<\/strong>.<\/p>\n<p>Finally, we will end our tour at the impressive <strong>Kiyomizu-dera Temple<\/strong>, <strong>UNESCO World Heritage Site<\/strong>. From its famous wooden terrace, you will enjoy one of the best panoramic views of the city, a perfect close to a day full of discoveries.<\/p>\n<hr data-start=\"1071\" data-end=\"1074\" \/>\n<p>Your <strong>perfect day<\/strong> in <strong>ancient Japanese capital<\/strong><\/p>\n<p>This tour is designed for you to live <strong>the best of Kyoto<\/strong> without rushing, with the company of an expert guide in <strong>Japanese culture, history and customs.<\/strong> Whether it is your first time in <strong>Japan<\/strong> or a return visit, you will discover corners, stories and secrets that will make you fall even more in love with this city.<\/p>\n<p>Book now and live an <strong>unforgettable day in Kyoto<\/strong>, exploring its <strong>temples<\/strong>, gardens, historic neighborhoods and <strong>landscapes<\/strong> that will be engraved in your memory forever.<\/p>","protected":false},"excerpt":{"rendered":"<p data-start=\"145\" data-end=\"701\">Vive <strong>lo mejor de Kioto<\/strong> en un solo d\u00eda con nuestro <strong>tour en Kioto<\/strong> dise\u00f1ado para descubrir los lugares imprescindibles de la ciudad. Visita el famoso <strong>santuario Fushimi Inari Taisha<\/strong>, con sus interminables <strong>toriis rojos<\/strong>, recorre el tradicional <strong>barrio de Gion<\/strong> y marav\u00edllate con la belleza del <strong>Pabell\u00f3n Dorado (Kinkaku-ji)<\/strong>. Sum\u00e9rgete en la naturaleza en el bosque de bamb\u00fa de <strong>Arashiyama<\/strong> y finaliza en el impresionante templo <strong>Kiyomizudera<\/strong>, <strong>Patrimonio de la Humanidad<\/strong>, con vistas panor\u00e1micas de Kioto. Una <strong>experiencia \u00fanica<\/strong> para quienes quieren saber qu\u00e9 ver en <strong>Kioto<\/strong> y aprovechar al m\u00e1ximo su viaje por la antigua <strong>capital de Jap\u00f3n<\/strong>.<\/p>\n<p> [&#8230;]<\/p>\n<p><a class=\"btn btn-secondary understrap-read-more-link\" href=\"https:\/\/takiguiados.com\/en\/guiado\/kyoto\/\">Read More&#8230;<span class=\"screen-reader-text\"> from Kyoto<\/span><\/a><\/p>\n","protected":false},"featured_media":773,"template":"","meta":{"inline_featured_image":false},"product_brand":[],"product_cat":[25,22,21],"product_tag":[],"class_list":{"0":"post-755","1":"product","2":"type-product","3":"status-publish","4":"has-post-thumbnail","6":"product_cat-experiencias","7":"product_cat-guiado","8":"product_cat-promociones","10":"first","11":"instock","12":"sold-individually","13":"taxable","14":"shipping-taxable","15":"purchasable","16":"product-type-variable"},"acf":[],"yoast_head":"<!-- This site is optimized with the Yoast SEO plugin v27.5 - https:\/\/yoast.com\/product\/yoast-seo-wordpress\/ -->\n<title>Kyoto - Takiguiados<\/title>\n<meta name=\"description\" content=\"Si te interesa la historia de Jap\u00f3n, la cultura ancestral y los contrastes \u00fanicos entre lo cl\u00e1sico y lo moderno, este tour es ideal para ti.\" \/>\n<meta name=\"robots\" content=\"index, follow, max-snippet:-1, max-image-preview:large, max-video-preview:-1\" \/>\n<link rel=\"canonical\" href=\"https:\/\/takiguiados.com\/en\/guiado\/kyoto\/\" \/>\n<meta property=\"og:locale\" content=\"en_US\" \/>\n<meta property=\"og:type\" content=\"article\" \/>\n<meta property=\"og:title\" content=\"Kyoto - Takiguiados\" \/>\n<meta property=\"og:description\" content=\"Si te interesa la historia de Jap\u00f3n, la cultura ancestral y los contrastes \u00fanicos entre lo cl\u00e1sico y lo moderno, este tour es ideal para ti.\" \/>\n<meta property=\"og:url\" content=\"https:\/\/takiguiados.com\/en\/guiado\/kyoto\/\" \/>\n<meta property=\"og:site_name\" content=\"Takiguiados\" \/>\n<meta property=\"article:modified_time\" content=\"2026-02-02T11:11:44+00:00\" \/>\n<meta property=\"og:image\" content=\"https:\/\/takiguiados.com\/wp-content\/uploads\/Barrio-Gion.webp\" \/>\n\t<meta property=\"og:image:width\" content=\"1500\" \/>\n\t<meta property=\"og:image:height\" content=\"1148\" \/>\n\t<meta property=\"og:image:type\" content=\"image\/webp\" \/>\n<meta name=\"twitter:card\" content=\"summary_large_image\" \/>\n<meta name=\"twitter:label1\" content=\"Est. reading time\" \/>\n\t<meta name=\"twitter:data1\" content=\"3 minutes\" \/>\n<script type=\"application\/ld+json\" class=\"yoast-schema-graph\">{\"@context\":\"https:\\\/\\\/schema.org\",\"@graph\":[{\"@type\":\"WebPage\",\"@id\":\"https:\\\/\\\/takiguiados.com\\\/en\\\/guiado\\\/kyoto\\\/\",\"url\":\"https:\\\/\\\/takiguiados.com\\\/en\\\/guiado\\\/kyoto\\\/\",\"name\":\"Kyoto - Takiguiados\",\"isPartOf\":{\"@id\":\"https:\\\/\\\/takiguiados.com\\\/en\\\/#website\"},\"primaryImageOfPage\":{\"@id\":\"https:\\\/\\\/takiguiados.com\\\/en\\\/guiado\\\/kyoto\\\/#primaryimage\"},\"image\":{\"@id\":\"https:\\\/\\\/takiguiados.com\\\/en\\\/guiado\\\/kyoto\\\/#primaryimage\"},\"thumbnailUrl\":\"https:\\\/\\\/takiguiados.com\\\/wp-content\\\/uploads\\\/Barrio-Gion.webp\",\"datePublished\":\"2026-01-21T13:51:47+00:00\",\"dateModified\":\"2026-02-02T11:11:44+00:00\",\"description\":\"Si te interesa la historia de Jap\u00f3n, la cultura ancestral y los contrastes \u00fanicos entre lo cl\u00e1sico y lo moderno, este tour es ideal para ti.\",\"breadcrumb\":{\"@id\":\"https:\\\/\\\/takiguiados.com\\\/en\\\/guiado\\\/kyoto\\\/#breadcrumb\"},\"inLanguage\":\"en-US\",\"potentialAction\":[{\"@type\":\"ReadAction\",\"target\":[\"https:\\\/\\\/takiguiados.com\\\/en\\\/guiado\\\/kyoto\\\/\"]}]},{\"@type\":\"ImageObject\",\"inLanguage\":\"en-US\",\"@id\":\"https:\\\/\\\/takiguiados.com\\\/en\\\/guiado\\\/kyoto\\\/#primaryimage\",\"url\":\"https:\\\/\\\/takiguiados.com\\\/wp-content\\\/uploads\\\/Barrio-Gion.webp\",\"contentUrl\":\"https:\\\/\\\/takiguiados.com\\\/wp-content\\\/uploads\\\/Barrio-Gion.webp\",\"width\":1500,\"height\":1148},{\"@type\":\"BreadcrumbList\",\"@id\":\"https:\\\/\\\/takiguiados.com\\\/en\\\/guiado\\\/kyoto\\\/#breadcrumb\",\"itemListElement\":[{\"@type\":\"ListItem\",\"position\":1,\"name\":\"Portada\",\"item\":\"https:\\\/\\\/takiguiados.com\\\/en\\\/\"},{\"@type\":\"ListItem\",\"position\":2,\"name\":\"Experiencias\",\"item\":\"https:\\\/\\\/takiguiados.com\\\/en\\\/experiencias\\\/\"},{\"@type\":\"ListItem\",\"position\":3,\"name\":\"Kyoto\"}]},{\"@type\":\"WebSite\",\"@id\":\"https:\\\/\\\/takiguiados.com\\\/en\\\/#website\",\"url\":\"https:\\\/\\\/takiguiados.com\\\/en\\\/\",\"name\":\"Takiguiados\",\"description\":\"\",\"publisher\":{\"@id\":\"https:\\\/\\\/takiguiados.com\\\/en\\\/#organization\"},\"potentialAction\":[{\"@type\":\"SearchAction\",\"target\":{\"@type\":\"EntryPoint\",\"urlTemplate\":\"https:\\\/\\\/takiguiados.com\\\/en\\\/?s={search_term_string}\"},\"query-input\":{\"@type\":\"PropertyValueSpecification\",\"valueRequired\":true,\"valueName\":\"search_term_string\"}}],\"inLanguage\":\"en-US\"},{\"@type\":\"Organization\",\"@id\":\"https:\\\/\\\/takiguiados.com\\\/en\\\/#organization\",\"name\":\"Takiguiados\",\"url\":\"https:\\\/\\\/takiguiados.com\\\/en\\\/\",\"logo\":{\"@type\":\"ImageObject\",\"inLanguage\":\"en-US\",\"@id\":\"https:\\\/\\\/takiguiados.com\\\/en\\\/#\\\/schema\\\/logo\\\/image\\\/\",\"url\":\"https:\\\/\\\/takiguiados.com\\\/wp-content\\\/uploads\\\/logo.gif\",\"contentUrl\":\"https:\\\/\\\/takiguiados.com\\\/wp-content\\\/uploads\\\/logo.gif\",\"width\":100,\"height\":100,\"caption\":\"Takiguiados\"},\"image\":{\"@id\":\"https:\\\/\\\/takiguiados.com\\\/en\\\/#\\\/schema\\\/logo\\\/image\\\/\"}}]}<\/script>\n<!-- \/ Yoast SEO plugin. -->","yoast_head_json":{"title":"Kyoto - Takiguiados","description":"Si te interesa la historia de Jap\u00f3n, la cultura ancestral y los contrastes \u00fanicos entre lo cl\u00e1sico y lo moderno, este tour es ideal para ti.","robots":{"index":"index","follow":"follow","max-snippet":"max-snippet:-1","max-image-preview":"max-image-preview:large","max-video-preview":"max-video-preview:-1"},"canonical":"https:\/\/takiguiados.com\/en\/guiado\/kyoto\/","og_locale":"en_US","og_type":"article","og_title":"Kyoto - Takiguiados","og_description":"Si te interesa la historia de Jap\u00f3n, la cultura ancestral y los contrastes \u00fanicos entre lo cl\u00e1sico y lo moderno, este tour es ideal para ti.","og_url":"https:\/\/takiguiados.com\/en\/guiado\/kyoto\/","og_site_name":"Takiguiados","article_modified_time":"2026-02-02T11:11:44+00:00","og_image":[{"width":1500,"height":1148,"url":"https:\/\/takiguiados.com\/wp-content\/uploads\/Barrio-Gion.webp","type":"image\/webp"}],"twitter_card":"summary_large_image","twitter_misc":{"Est. reading time":"3 minutes"},"schema":{"@context":"https:\/\/schema.org","@graph":[{"@type":"WebPage","@id":"https:\/\/takiguiados.com\/en\/guiado\/kyoto\/","url":"https:\/\/takiguiados.com\/en\/guiado\/kyoto\/","name":"Kyoto - Takiguiados","isPartOf":{"@id":"https:\/\/takiguiados.com\/en\/#website"},"primaryImageOfPage":{"@id":"https:\/\/takiguiados.com\/en\/guiado\/kyoto\/#primaryimage"},"image":{"@id":"https:\/\/takiguiados.com\/en\/guiado\/kyoto\/#primaryimage"},"thumbnailUrl":"https:\/\/takiguiados.com\/wp-content\/uploads\/Barrio-Gion.webp","datePublished":"2026-01-21T13:51:47+00:00","dateModified":"2026-02-02T11:11:44+00:00","description":"Si te interesa la historia de Jap\u00f3n, la cultura ancestral y los contrastes \u00fanicos entre lo cl\u00e1sico y lo moderno, este tour es ideal para ti.","breadcrumb":{"@id":"https:\/\/takiguiados.com\/en\/guiado\/kyoto\/#breadcrumb"},"inLanguage":"en-US","potentialAction":[{"@type":"ReadAction","target":["https:\/\/takiguiados.com\/en\/guiado\/kyoto\/"]}]},{"@type":"ImageObject","inLanguage":"en-US","@id":"https:\/\/takiguiados.com\/en\/guiado\/kyoto\/#primaryimage","url":"https:\/\/takiguiados.com\/wp-content\/uploads\/Barrio-Gion.webp","contentUrl":"https:\/\/takiguiados.com\/wp-content\/uploads\/Barrio-Gion.webp","width":1500,"height":1148},{"@type":"BreadcrumbList","@id":"https:\/\/takiguiados.com\/en\/guiado\/kyoto\/#breadcrumb","itemListElement":[{"@type":"ListItem","position":1,"name":"Portada","item":"https:\/\/takiguiados.com\/en\/"},{"@type":"ListItem","position":2,"name":"Experiencias","item":"https:\/\/takiguiados.com\/en\/experiencias\/"},{"@type":"ListItem","position":3,"name":"Kyoto"}]},{"@type":"WebSite","@id":"https:\/\/takiguiados.com\/en\/#website","url":"https:\/\/takiguiados.com\/en\/","name":"Takiguiados","description":"","publisher":{"@id":"https:\/\/takiguiados.com\/en\/#organization"},"potentialAction":[{"@type":"SearchAction","target":{"@type":"EntryPoint","urlTemplate":"https:\/\/takiguiados.com\/en\/?s={search_term_string}"},"query-input":{"@type":"PropertyValueSpecification","valueRequired":true,"valueName":"search_term_string"}}],"inLanguage":"en-US"},{"@type":"Organization","@id":"https:\/\/takiguiados.com\/en\/#organization","name":"Takiguiados","url":"https:\/\/takiguiados.com\/en\/","logo":{"@type":"ImageObject","inLanguage":"en-US","@id":"https:\/\/takiguiados.com\/en\/#\/schema\/logo\/image\/","url":"https:\/\/takiguiados.com\/wp-content\/uploads\/logo.gif","contentUrl":"https:\/\/takiguiados.com\/wp-content\/uploads\/logo.gif","width":100,"height":100,"caption":"Takiguiados"},"image":{"@id":"https:\/\/takiguiados.com\/en\/#\/schema\/logo\/image\/"}}]}},"_links":{"self":[{"href":"https:\/\/takiguiados.com\/en\/wp-json\/wp\/v2\/product\/755","targetHints":{"allow":["GET"]}}],"collection":[{"href":"https:\/\/takiguiados.com\/en\/wp-json\/wp\/v2\/product"}],"about":[{"href":"https:\/\/takiguiados.com\/en\/wp-json\/wp\/v2\/types\/product"}],"wp:featuredmedia":[{"embeddable":true,"href":"https:\/\/takiguiados.com\/en\/wp-json\/wp\/v2\/media\/773"}],"wp:attachment":[{"href":"https:\/\/takiguiados.com\/en\/wp-json\/wp\/v2\/media?parent=755"}],"wp:term":[{"taxonomy":"product_brand","embeddable":true,"href":"https:\/\/takiguiados.com\/en\/wp-json\/wp\/v2\/product_brand?post=755"},{"taxonomy":"product_cat","embeddable":true,"href":"https:\/\/takiguiados.com\/en\/wp-json\/wp\/v2\/product_cat?post=755"},{"taxonomy":"product_tag","embeddable":true,"href":"https:\/\/takiguiados.com\/en\/wp-json\/wp\/v2\/product_tag?post=755"}],"curies":[{"name":"wp","href":"https:\/\/api.w.org\/{rel}","templated":true}]}}