{"id":457,"date":"2021-05-21T09:37:06","date_gmt":"2021-05-21T09:37:06","guid":{"rendered":"https:\/\/dev.takiguiados.com\/?post_type=product&#038;p=457"},"modified":"2026-03-17T14:56:25","modified_gmt":"2026-03-17T14:56:25","slug":"experiencia-jdm-nissan-gtr-r35","status":"publish","type":"product","link":"https:\/\/takiguiados.com\/en\/guiado\/experiencia-jdm-nissan-gtr-r35\/","title":{"rendered":"Daikoku Experience &#8211; JDM"},"content":{"rendered":"<p data-start=\"720\" data-end=\"1037\">Live <strong data-start=\"725\" data-end=\"757\">2\u20133 hours (depending on traffic)<\/strong> of authentic culture <strong data-start=\"779\" data-end=\"795\">JDM in Tokyo<\/strong> as we delve into the nighttime scene of Japanese motorsports. During this guided experience we will explore some of the most emblematic places where sports cars, tuning and the passion for motors gather in Japan.<\/p>\n<p data-start=\"1039\" data-end=\"1143\">The experience starts at a <strong data-start=\"1069\" data-end=\"1112\">previously agreed meeting point<\/strong>, adapted to the night's plan.<\/p>\n<p data-start=\"1145\" data-end=\"1593\">From there we will begin the journey toward the legendary <strong data-start=\"1201\" data-end=\"1238\">Daikoku Parking Area (Daikoku PA)<\/strong>, considered one of the most famous gathering points in the world for motor enthusiasts. Since the 80s, Daikoku PA has become a symbol of <strong data-start=\"1403\" data-end=\"1448\">JDM culture, drift and Japanese tuning<\/strong>, bringing together iconic models like Skyline GT-R, Supra, NSX, RX-7, modified European sports cars and authentic rarities of Japanese motorsports.<\/p>\n<p data-start=\"1595\" data-end=\"1784\">During the visit you will be able to live the atmosphere from within, surrounded by roaring engines, neon lights and motor enthusiasts who gather every night to share their passion for cars.<\/p>\n<p data-start=\"1786\" data-end=\"2089\">After stopping at Daikoku PA, we will continue the experience driving along some of the best-known urban highways between Tokyo and Yokohama. This route is part of the cultural experience of the tour, allowing you to enjoy the city's nighttime atmosphere and the Japanese automotive universe.<\/p>\n<p data-start=\"2091\" data-end=\"2296\">As a closing, we will make a final stop near the iconic <strong data-start=\"2155\" data-end=\"2170\">Tokyo Tower<\/strong>, one of the most emblematic places in the city, ideal for taking photos and enjoying the nighttime views of Tokyo.<\/p>\n<p data-start=\"2298\" data-end=\"2566\">During the tour we will use <strong data-start=\"2327\" data-end=\"2356\">an authentic JDM vehicle<\/strong>, selected based on availability. The vehicle is part of the experience and is used solely as an element to facilitate the route of the guided tour and immersion in Japanese automotive culture.<\/p>\n<p data-start=\"2568\" data-end=\"2756\">This experience <strong data-start=\"2585\" data-end=\"2636\">is not a taxi service or private transport<\/strong>, but rather a <strong data-start=\"2646\" data-end=\"2755\">guided tour focused on Japanese car culture and the meeting points of the JDM world in Tokyo<\/strong>.<\/p>\n<hr data-start=\"2758\" data-end=\"2761\" \/>\n<h4 data-section-id=\"1bmay4y\" data-start=\"2763\" data-end=\"2804\">Why a JDM experience in Tokyo?<\/h4>\n<p data-start=\"2806\" data-end=\"3040\">Because <strong data-start=\"2816\" data-end=\"2867\">JDM is not just a type of car, it is a culture<\/strong>. Living the Tokyo automotive scene from within is the most authentic way to understand the passion that exists in Japan for sports cars, tuning and motorsports.<\/p>\n<p data-start=\"3042\" data-end=\"3094\">Every night is different and every experience is unique.<\/p>\n<hr data-start=\"3096\" data-end=\"3099\" \/>\n<h4 data-section-id=\"pzxno\" data-start=\"3101\" data-end=\"3111\">Includes<\/h4>\n<ul data-start=\"3113\" data-end=\"3326\">\n<li data-section-id=\"jgsfvl\" data-start=\"3113\" data-end=\"3246\">\n<p data-start=\"3115\" data-end=\"3246\">Expert companion in <strong data-start=\"3138\" data-end=\"3174\">Japanese automotive culture<\/strong> (English or Japanese, with the possibility of requesting an interpreter in Spanish).<\/p>\n<\/li>\n<li data-section-id=\"145bavi\" data-start=\"3247\" data-end=\"3326\">\n<p data-start=\"3249\" data-end=\"3326\">Guided experience at the most emblematic points of the <strong data-start=\"3303\" data-end=\"3325\">JDM world in Tokyo<\/strong>.<\/p>\n<\/li>\n<\/ul>\n<hr data-start=\"3328\" data-end=\"3331\" \/>\n<h4 data-section-id=\"zbzlph\" data-start=\"3333\" data-end=\"3346\">Does not include<\/h4>\n<ul data-start=\"3348\" data-end=\"3489\">\n<li data-section-id=\"ycojmt\" data-start=\"3348\" data-end=\"3401\">\n<p data-start=\"3350\" data-end=\"3401\">Hotel pickup (a meeting point will be indicated).<\/p>\n<\/li>\n<li data-section-id=\"1y5bfc8\" data-start=\"3402\" data-end=\"3443\">\n<p data-start=\"3404\" data-end=\"3443\">Transport to the meeting point.<\/p>\n<\/li>\n<li data-section-id=\"1fvtk3i\" data-start=\"3444\" data-end=\"3489\">\n<p data-start=\"3446\" data-end=\"3489\">Personal consumption during the experience.<\/p>\n<\/li>\n<\/ul>\n<hr data-start=\"3491\" data-end=\"3494\" \/>\n<p data-start=\"3496\" data-end=\"3598\">Feel the sound of the engine, live the culture and become part of the world <strong data-start=\"3564\" data-end=\"3580\">JDM in Tokyo<\/strong> like never before.<\/p>\n<p data-start=\"3600\" data-end=\"3709\"><strong data-start=\"3600\" data-end=\"3709\">Book your spot and discover one of the most authentic experiences of the Japanese automotive scene.<br \/>\n<\/strong><\/p>\n<p data-start=\"3600\" data-end=\"3709\">The maximum capacity per vehicle is <strong data-start=\"442\" data-end=\"487\">3 or 4 people, depending on the model used<\/strong>. If interpreter service is requested, <strong data-start=\"534\" data-end=\"616\">one of the available spots will be assigned to the interpreter during the experience<\/strong>.<\/p>","protected":false},"excerpt":{"rendered":"<p>Descubre la <strong data-start=\"3269\" data-end=\"3303\">aut\u00e9ntica cultura JDM en Tokio<\/strong> con una experiencia nocturna \u00fanica por la escena automovil\u00edstica japonesa. Visitamos el legendario parking de autos\u00a0<strong data-start=\"3441\" data-end=\"3455\">Daikoku PA<\/strong>, el punto de reuni\u00f3n m\u00e1s famoso del mundo para coches deportivos, drift y tuning japon\u00e9s. Vive el automovilismo desde dentro <strong data-start=\"3581\" data-end=\"3634\">a bordo de un veh\u00edculo JDM (seg\u00fan disponibilidad)<\/strong> y sum\u00e9rgete en la pasi\u00f3n por los coches que define a Jap\u00f3n. Ideal para amantes del motor, el JDM y las experiencias \u00fanicas en Tokio. [&#8230;]<\/p>\n<p><a class=\"btn btn-secondary understrap-read-more-link\" href=\"https:\/\/takiguiados.com\/en\/guiado\/experiencia-jdm-nissan-gtr-r35\/\">Read More&#8230;<span class=\"screen-reader-text\"> from Experiencia Daikoku &#8211; JDM<\/span><\/a><\/p>\n","protected":false},"featured_media":1150,"template":"","meta":{"inline_featured_image":false},"product_brand":[],"product_cat":[25],"product_tag":[],"class_list":{"0":"post-457","1":"product","2":"type-product","3":"status-publish","4":"has-post-thumbnail","6":"product_cat-experiencias","8":"first","9":"instock","10":"sold-individually","11":"taxable","12":"shipping-taxable","13":"purchasable","14":"product-type-variable","15":"has-default-attributes"},"acf":[],"yoast_head":"<!-- This site is optimized with the Yoast SEO plugin v27.5 - https:\/\/yoast.com\/product\/yoast-seo-wordpress\/ -->\n<title>Experiencia Daikoku - JDM - Takiguiados<\/title>\n<meta name=\"robots\" content=\"index, follow, max-snippet:-1, max-image-preview:large, max-video-preview:-1\" \/>\n<link rel=\"canonical\" href=\"https:\/\/takiguiados.com\/en\/guiado\/experiencia-jdm-nissan-gtr-r35\/\" \/>\n<meta property=\"og:locale\" content=\"en_US\" \/>\n<meta property=\"og:type\" content=\"article\" \/>\n<meta property=\"og:title\" content=\"Experiencia Daikoku - JDM - Takiguiados\" \/>\n<meta property=\"og:description\" content=\"Descubre la aut\u00e9ntica cultura JDM en Tokio con una experiencia nocturna \u00fanica por la escena automovil\u00edstica japonesa. Visitamos el legendario parking de autos\u00a0Daikoku PA, el punto de reuni\u00f3n m\u00e1s famoso del mundo para coches deportivos, drift y tuning japon\u00e9s. Vive el automovilismo desde dentro a bordo de un veh\u00edculo JDM (seg\u00fan disponibilidad) y sum\u00e9rgete en la pasi\u00f3n por los coches que define a Jap\u00f3n. Ideal para amantes del motor, el JDM y las experiencias \u00fanicas en Tokio. [...]Read More... from Experiencia Daikoku &#8211; JDM\" \/>\n<meta property=\"og:url\" content=\"https:\/\/takiguiados.com\/en\/guiado\/experiencia-jdm-nissan-gtr-r35\/\" \/>\n<meta property=\"og:site_name\" content=\"Takiguiados\" \/>\n<meta property=\"article:modified_time\" content=\"2026-03-17T14:56:25+00:00\" \/>\n<meta property=\"og:image\" content=\"https:\/\/takiguiados.com\/wp-content\/uploads\/r35-2.png\" \/>\n\t<meta property=\"og:image:width\" content=\"1567\" \/>\n\t<meta property=\"og:image:height\" content=\"1045\" \/>\n\t<meta property=\"og:image:type\" content=\"image\/png\" \/>\n<meta name=\"twitter:card\" content=\"summary_large_image\" \/>\n<meta name=\"twitter:label1\" content=\"Est. reading time\" \/>\n\t<meta name=\"twitter:data1\" content=\"3 minutes\" \/>\n<script type=\"application\/ld+json\" class=\"yoast-schema-graph\">{\"@context\":\"https:\\\/\\\/schema.org\",\"@graph\":[{\"@type\":\"WebPage\",\"@id\":\"https:\\\/\\\/takiguiados.com\\\/en\\\/guiado\\\/experiencia-jdm-nissan-gtr-r35\\\/\",\"url\":\"https:\\\/\\\/takiguiados.com\\\/en\\\/guiado\\\/experiencia-jdm-nissan-gtr-r35\\\/\",\"name\":\"Experiencia Daikoku - JDM - Takiguiados\",\"isPartOf\":{\"@id\":\"https:\\\/\\\/takiguiados.com\\\/en\\\/#website\"},\"primaryImageOfPage\":{\"@id\":\"https:\\\/\\\/takiguiados.com\\\/en\\\/guiado\\\/experiencia-jdm-nissan-gtr-r35\\\/#primaryimage\"},\"image\":{\"@id\":\"https:\\\/\\\/takiguiados.com\\\/en\\\/guiado\\\/experiencia-jdm-nissan-gtr-r35\\\/#primaryimage\"},\"thumbnailUrl\":\"https:\\\/\\\/takiguiados.com\\\/wp-content\\\/uploads\\\/r35-2.png\",\"datePublished\":\"2021-05-21T09:37:06+00:00\",\"dateModified\":\"2026-03-17T14:56:25+00:00\",\"breadcrumb\":{\"@id\":\"https:\\\/\\\/takiguiados.com\\\/en\\\/guiado\\\/experiencia-jdm-nissan-gtr-r35\\\/#breadcrumb\"},\"inLanguage\":\"en-US\",\"potentialAction\":[{\"@type\":\"ReadAction\",\"target\":[\"https:\\\/\\\/takiguiados.com\\\/en\\\/guiado\\\/experiencia-jdm-nissan-gtr-r35\\\/\"]}]},{\"@type\":\"ImageObject\",\"inLanguage\":\"en-US\",\"@id\":\"https:\\\/\\\/takiguiados.com\\\/en\\\/guiado\\\/experiencia-jdm-nissan-gtr-r35\\\/#primaryimage\",\"url\":\"https:\\\/\\\/takiguiados.com\\\/wp-content\\\/uploads\\\/r35-2.png\",\"contentUrl\":\"https:\\\/\\\/takiguiados.com\\\/wp-content\\\/uploads\\\/r35-2.png\",\"width\":1567,\"height\":1045},{\"@type\":\"BreadcrumbList\",\"@id\":\"https:\\\/\\\/takiguiados.com\\\/en\\\/guiado\\\/experiencia-jdm-nissan-gtr-r35\\\/#breadcrumb\",\"itemListElement\":[{\"@type\":\"ListItem\",\"position\":1,\"name\":\"Portada\",\"item\":\"https:\\\/\\\/takiguiados.com\\\/en\\\/\"},{\"@type\":\"ListItem\",\"position\":2,\"name\":\"Experiencias\",\"item\":\"https:\\\/\\\/takiguiados.com\\\/en\\\/experiencias\\\/\"},{\"@type\":\"ListItem\",\"position\":3,\"name\":\"Experiencia Daikoku &#8211; JDM\"}]},{\"@type\":\"WebSite\",\"@id\":\"https:\\\/\\\/takiguiados.com\\\/en\\\/#website\",\"url\":\"https:\\\/\\\/takiguiados.com\\\/en\\\/\",\"name\":\"Takiguiados\",\"description\":\"\",\"publisher\":{\"@id\":\"https:\\\/\\\/takiguiados.com\\\/en\\\/#organization\"},\"potentialAction\":[{\"@type\":\"SearchAction\",\"target\":{\"@type\":\"EntryPoint\",\"urlTemplate\":\"https:\\\/\\\/takiguiados.com\\\/en\\\/?s={search_term_string}\"},\"query-input\":{\"@type\":\"PropertyValueSpecification\",\"valueRequired\":true,\"valueName\":\"search_term_string\"}}],\"inLanguage\":\"en-US\"},{\"@type\":\"Organization\",\"@id\":\"https:\\\/\\\/takiguiados.com\\\/en\\\/#organization\",\"name\":\"Takiguiados\",\"url\":\"https:\\\/\\\/takiguiados.com\\\/en\\\/\",\"logo\":{\"@type\":\"ImageObject\",\"inLanguage\":\"en-US\",\"@id\":\"https:\\\/\\\/takiguiados.com\\\/en\\\/#\\\/schema\\\/logo\\\/image\\\/\",\"url\":\"https:\\\/\\\/takiguiados.com\\\/wp-content\\\/uploads\\\/logo.gif\",\"contentUrl\":\"https:\\\/\\\/takiguiados.com\\\/wp-content\\\/uploads\\\/logo.gif\",\"width\":100,\"height\":100,\"caption\":\"Takiguiados\"},\"image\":{\"@id\":\"https:\\\/\\\/takiguiados.com\\\/en\\\/#\\\/schema\\\/logo\\\/image\\\/\"}}]}<\/script>\n<!-- \/ Yoast SEO plugin. -->","yoast_head_json":{"title":"Experiencia Daikoku - JDM - Takiguiados","robots":{"index":"index","follow":"follow","max-snippet":"max-snippet:-1","max-image-preview":"max-image-preview:large","max-video-preview":"max-video-preview:-1"},"canonical":"https:\/\/takiguiados.com\/en\/guiado\/experiencia-jdm-nissan-gtr-r35\/","og_locale":"en_US","og_type":"article","og_title":"Experiencia Daikoku - JDM - Takiguiados","og_description":"Descubre la aut\u00e9ntica cultura JDM en Tokio con una experiencia nocturna \u00fanica por la escena automovil\u00edstica japonesa. Visitamos el legendario parking de autos\u00a0Daikoku PA, el punto de reuni\u00f3n m\u00e1s famoso del mundo para coches deportivos, drift y tuning japon\u00e9s. Vive el automovilismo desde dentro a bordo de un veh\u00edculo JDM (seg\u00fan disponibilidad) y sum\u00e9rgete en la pasi\u00f3n por los coches que define a Jap\u00f3n. Ideal para amantes del motor, el JDM y las experiencias \u00fanicas en Tokio. [...]Read More... from Experiencia Daikoku &#8211; JDM","og_url":"https:\/\/takiguiados.com\/en\/guiado\/experiencia-jdm-nissan-gtr-r35\/","og_site_name":"Takiguiados","article_modified_time":"2026-03-17T14:56:25+00:00","og_image":[{"width":1567,"height":1045,"url":"https:\/\/takiguiados.com\/wp-content\/uploads\/r35-2.png","type":"image\/png"}],"twitter_card":"summary_large_image","twitter_misc":{"Est. reading time":"3 minutes"},"schema":{"@context":"https:\/\/schema.org","@graph":[{"@type":"WebPage","@id":"https:\/\/takiguiados.com\/en\/guiado\/experiencia-jdm-nissan-gtr-r35\/","url":"https:\/\/takiguiados.com\/en\/guiado\/experiencia-jdm-nissan-gtr-r35\/","name":"Experiencia Daikoku - JDM - Takiguiados","isPartOf":{"@id":"https:\/\/takiguiados.com\/en\/#website"},"primaryImageOfPage":{"@id":"https:\/\/takiguiados.com\/en\/guiado\/experiencia-jdm-nissan-gtr-r35\/#primaryimage"},"image":{"@id":"https:\/\/takiguiados.com\/en\/guiado\/experiencia-jdm-nissan-gtr-r35\/#primaryimage"},"thumbnailUrl":"https:\/\/takiguiados.com\/wp-content\/uploads\/r35-2.png","datePublished":"2021-05-21T09:37:06+00:00","dateModified":"2026-03-17T14:56:25+00:00","breadcrumb":{"@id":"https:\/\/takiguiados.com\/en\/guiado\/experiencia-jdm-nissan-gtr-r35\/#breadcrumb"},"inLanguage":"en-US","potentialAction":[{"@type":"ReadAction","target":["https:\/\/takiguiados.com\/en\/guiado\/experiencia-jdm-nissan-gtr-r35\/"]}]},{"@type":"ImageObject","inLanguage":"en-US","@id":"https:\/\/takiguiados.com\/en\/guiado\/experiencia-jdm-nissan-gtr-r35\/#primaryimage","url":"https:\/\/takiguiados.com\/wp-content\/uploads\/r35-2.png","contentUrl":"https:\/\/takiguiados.com\/wp-content\/uploads\/r35-2.png","width":1567,"height":1045},{"@type":"BreadcrumbList","@id":"https:\/\/takiguiados.com\/en\/guiado\/experiencia-jdm-nissan-gtr-r35\/#breadcrumb","itemListElement":[{"@type":"ListItem","position":1,"name":"Portada","item":"https:\/\/takiguiados.com\/en\/"},{"@type":"ListItem","position":2,"name":"Experiencias","item":"https:\/\/takiguiados.com\/en\/experiencias\/"},{"@type":"ListItem","position":3,"name":"Experiencia Daikoku &#8211; JDM"}]},{"@type":"WebSite","@id":"https:\/\/takiguiados.com\/en\/#website","url":"https:\/\/takiguiados.com\/en\/","name":"Takiguiados","description":"","publisher":{"@id":"https:\/\/takiguiados.com\/en\/#organization"},"potentialAction":[{"@type":"SearchAction","target":{"@type":"EntryPoint","urlTemplate":"https:\/\/takiguiados.com\/en\/?s={search_term_string}"},"query-input":{"@type":"PropertyValueSpecification","valueRequired":true,"valueName":"search_term_string"}}],"inLanguage":"en-US"},{"@type":"Organization","@id":"https:\/\/takiguiados.com\/en\/#organization","name":"Takiguiados","url":"https:\/\/takiguiados.com\/en\/","logo":{"@type":"ImageObject","inLanguage":"en-US","@id":"https:\/\/takiguiados.com\/en\/#\/schema\/logo\/image\/","url":"https:\/\/takiguiados.com\/wp-content\/uploads\/logo.gif","contentUrl":"https:\/\/takiguiados.com\/wp-content\/uploads\/logo.gif","width":100,"height":100,"caption":"Takiguiados"},"image":{"@id":"https:\/\/takiguiados.com\/en\/#\/schema\/logo\/image\/"}}]}},"_links":{"self":[{"href":"https:\/\/takiguiados.com\/en\/wp-json\/wp\/v2\/product\/457","targetHints":{"allow":["GET"]}}],"collection":[{"href":"https:\/\/takiguiados.com\/en\/wp-json\/wp\/v2\/product"}],"about":[{"href":"https:\/\/takiguiados.com\/en\/wp-json\/wp\/v2\/types\/product"}],"wp:featuredmedia":[{"embeddable":true,"href":"https:\/\/takiguiados.com\/en\/wp-json\/wp\/v2\/media\/1150"}],"wp:attachment":[{"href":"https:\/\/takiguiados.com\/en\/wp-json\/wp\/v2\/media?parent=457"}],"wp:term":[{"taxonomy":"product_brand","embeddable":true,"href":"https:\/\/takiguiados.com\/en\/wp-json\/wp\/v2\/product_brand?post=457"},{"taxonomy":"product_cat","embeddable":true,"href":"https:\/\/takiguiados.com\/en\/wp-json\/wp\/v2\/product_cat?post=457"},{"taxonomy":"product_tag","embeddable":true,"href":"https:\/\/takiguiados.com\/en\/wp-json\/wp\/v2\/product_tag?post=457"}],"curies":[{"name":"wp","href":"https:\/\/api.w.org\/{rel}","templated":true}]}}