{"id":429,"date":"2026-01-23T09:08:29","date_gmt":"2026-01-23T09:08:29","guid":{"rendered":"https:\/\/dev.takiguiados.com\/?post_type=product&#038;p=429"},"modified":"2026-02-02T11:08:41","modified_gmt":"2026-02-02T11:08:41","slug":"tokio-tradicional","status":"publish","type":"product","link":"https:\/\/takiguiados.com\/en\/guiado\/tokio-tradicional\/","title":{"rendered":"Traditional Tokyo"},"content":{"rendered":"<p data-start=\"263\" data-end=\"349\"><strong data-start=\"263\" data-end=\"349\">Immerse yourself in Tokyo's history and culture with our \"Traditional Tokyo\" tour<\/strong><\/p>\n<p data-start=\"351\" data-end=\"699\">If you're interested in Japan's history, ancestral culture and the unique contrasts between classic and modern, this tour is ideal for you. For approximately 7 hours (from 10:00 to 17:00), we'll walk through some of the city's most iconic neighborhoods: <strong data-start=\"611\" data-end=\"640\">Asakusa, Ueno and Akihabara<\/strong>, on a fascinating journey through Tokyo's past and present.<\/p>\n<p data-start=\"701\" data-end=\"849\">This tour is perfect for those who want to understand the essence of Japanese culture through its temples, customs and technological evolution.<\/p>\n<p data-start=\"851\" data-end=\"863\"><strong data-start=\"851\" data-end=\"863\">Includes:<\/strong><\/p>\n<ul data-start=\"864\" data-end=\"942\">\n<li data-start=\"864\" data-end=\"918\">\n<p data-start=\"866\" data-end=\"918\">Spanish-speaking guide throughout the experience.<\/p>\n<\/li>\n<li data-start=\"864\" data-end=\"918\">\n<p data-start=\"866\" data-end=\"918\">Hotel pickup.<\/p>\n<\/li>\n<\/ul>\n<p data-start=\"944\" data-end=\"959\"><strong data-start=\"944\" data-end=\"959\">Does not include:<\/strong><\/p>\n<ul data-start=\"960\" data-end=\"1069\">\n<li data-start=\"960\" data-end=\"1007\">\n<p data-start=\"962\" data-end=\"1007\">Traveler's personal expenses and transportation.<\/p>\n<\/li>\n<li data-start=\"1008\" data-end=\"1069\">\n<p data-start=\"1010\" data-end=\"1069\">Cost of food and drinks consumed during the tour.<\/p>\n<\/li>\n<\/ul>\n<hr data-start=\"1071\" data-end=\"1074\" \/>\n<p data-start=\"1076\" data-end=\"1156\"><strong data-start=\"1076\" data-end=\"1156\">Discover the traditional heart of Tokyo on foot, with history around every corner<\/strong><\/p>\n<p data-start=\"1158\" data-end=\"1434\">This tour offers a complete experience for travelers looking for more than just photos: a true connection with the soul of Japan. We explore from ancient temples to historic alleys, without overlooking the impact of modernity on today's Japanese culture.<\/p>\n<p data-start=\"1436\" data-end=\"1463\"><strong data-start=\"1436\" data-end=\"1463\">Recommended itinerary:<\/strong><\/p>\n<ul data-start=\"1465\" data-end=\"2143\">\n<li data-start=\"1465\" data-end=\"1723\">\n<p data-start=\"1467\" data-end=\"1723\"><strong data-start=\"1467\" data-end=\"1478\">Asakusa<\/strong>: We start the tour in Tokyo's most traditional neighborhood, home to the iconic <strong data-start=\"1560\" data-end=\"1579\">Senso-ji temple<\/strong>, the city's oldest. We stroll along the Nakamise-dori shopping street, full of shops with traditional sweets and souvenirs.<\/p>\n<\/li>\n<li data-start=\"1724\" data-end=\"1934\">\n<p data-start=\"1726\" data-end=\"1934\"><strong data-start=\"1726\" data-end=\"1744\">Ueno Park<\/strong>: We continue through this historic area, home to museums, shrines and one of Tokyo's most important parks. Perfect for lovers of nature, history and art.<\/p>\n<\/li>\n<li data-start=\"1935\" data-end=\"2143\">\n<p data-start=\"1937\" data-end=\"2143\"><strong data-start=\"1937\" data-end=\"1950\">Akihabara<\/strong>: We finish in this district famous for technology, manga and anime. Here you'll see how <strong data-start=\"2046\" data-end=\"2063\">otaku culture<\/strong> and Japanese innovation coexist with hidden temples and streets full of history.<\/p>\n<\/li>\n<\/ul>\n<hr data-start=\"2145\" data-end=\"2148\" \/>\n<p data-start=\"2150\" data-end=\"2183\"><strong data-start=\"2150\" data-end=\"2183\">Places we might visit<\/strong><\/p>\n<ul data-start=\"2184\" data-end=\"2816\">\n<li data-start=\"2184\" data-end=\"2309\">\n<p data-start=\"2186\" data-end=\"2309\"><strong data-start=\"2186\" data-end=\"2205\">Senso-ji Temple<\/strong> in Asakusa: One of Tokyo's most sacred and visited sites, full of spirituality and tradition.<\/p>\n<\/li>\n<li data-start=\"2310\" data-end=\"2429\">\n<p data-start=\"2312\" data-end=\"2429\"><strong data-start=\"2312\" data-end=\"2330\">Nakamise Street<\/strong>: To try Japanese snacks like ningyo-yaki, senbei or matcha ice cream, and buy handicrafts.<\/p>\n<\/li>\n<li data-start=\"2558\" data-end=\"2688\">\n<p data-start=\"2560\" data-end=\"2688\"><strong data-start=\"2560\" data-end=\"2588\">Traditional alleys<\/strong> in Ueno: Corners that seem frozen in time, where you can still breathe the air of old Edo.<\/p>\n<\/li>\n<li data-start=\"2689\" data-end=\"2816\">\n<p data-start=\"2691\" data-end=\"2816\"><strong data-start=\"2691\" data-end=\"2731\">Electronics and pop culture stores<\/strong> in Akihabara: For those curious about Japanese modernity and the latest technologies.<\/p>\n<\/li>\n<\/ul>\n<hr data-start=\"2818\" data-end=\"2821\" \/>\n<p data-start=\"3115\" data-end=\"3190\">Book your traditional tour and connect with the true essence of Tokyo!<\/p>","protected":false},"excerpt":{"rendered":"<p data-start=\"145\" data-end=\"701\">Explora el Tokio m\u00e1s aut\u00e9ntico con nuestro guiado <strong data-start=\"195\" data-end=\"216\">Tokio Tradicional<\/strong>. Recorre Asakusa, Ueno y Akihabara en un viaje fascinante por la <strong data-start=\"282\" data-end=\"303\">historia de Jap\u00f3n<\/strong>, desde el imponente <strong data-start=\"324\" data-end=\"343\">templo Senso-ji<\/strong> hasta callejones llenos de encanto. Sum\u00e9rgete en la <strong data-start=\"396\" data-end=\"416\">cultura japonesa<\/strong>, prueba dulces t\u00edpicos en Nakamise-dori, pasea por los callejones de Ueno y descubre el contraste con la <strong data-start=\"517\" data-end=\"544\">tecnolog\u00eda de Akihabara<\/strong>. Ideal para quienes buscan entender el pasado y presente de Tokio en una experiencia cultural inolvidable. \u00a1Conecta con el esp\u00edritu de Jap\u00f3n en un solo d\u00eda!<\/p>\n<p> [&#8230;]<\/p>\n<p><a class=\"btn btn-secondary understrap-read-more-link\" href=\"https:\/\/takiguiados.com\/en\/guiado\/tokio-tradicional\/\">Read More&#8230;<span class=\"screen-reader-text\"> from Tokio Tradicional<\/span><\/a><\/p>\n","protected":false},"featured_media":38,"template":"","meta":{"inline_featured_image":false},"product_brand":[],"product_cat":[22,21],"product_tag":[],"class_list":{"0":"post-429","1":"product","2":"type-product","3":"status-publish","4":"has-post-thumbnail","6":"product_cat-guiado","7":"product_cat-promociones","9":"first","10":"instock","11":"sold-individually","12":"taxable","13":"shipping-taxable","14":"purchasable","15":"product-type-variable"},"acf":[],"yoast_head":"<!-- This site is optimized with the Yoast SEO plugin v27.5 - https:\/\/yoast.com\/product\/yoast-seo-wordpress\/ -->\n<title>Tokio Tradicional - Takiguiados<\/title>\n<meta name=\"description\" content=\"Si te interesa la historia de Jap\u00f3n, la cultura ancestral y los contrastes \u00fanicos entre lo cl\u00e1sico y lo moderno, este tour es ideal para ti.\" \/>\n<meta name=\"robots\" content=\"index, follow, max-snippet:-1, max-image-preview:large, max-video-preview:-1\" \/>\n<link rel=\"canonical\" href=\"https:\/\/takiguiados.com\/en\/guiado\/tokio-tradicional\/\" \/>\n<meta property=\"og:locale\" content=\"en_US\" \/>\n<meta property=\"og:type\" content=\"article\" \/>\n<meta property=\"og:title\" content=\"Tokio Tradicional - Takiguiados\" \/>\n<meta property=\"og:description\" content=\"Si te interesa la historia de Jap\u00f3n, la cultura ancestral y los contrastes \u00fanicos entre lo cl\u00e1sico y lo moderno, este tour es ideal para ti.\" \/>\n<meta property=\"og:url\" content=\"https:\/\/takiguiados.com\/en\/guiado\/tokio-tradicional\/\" \/>\n<meta property=\"og:site_name\" content=\"Takiguiados\" \/>\n<meta property=\"article:modified_time\" content=\"2026-02-02T11:08:41+00:00\" \/>\n<meta property=\"og:image\" content=\"https:\/\/takiguiados.com\/wp-content\/uploads\/3333332.jpeg\" \/>\n\t<meta property=\"og:image:width\" content=\"1000\" \/>\n\t<meta property=\"og:image:height\" content=\"1000\" \/>\n\t<meta property=\"og:image:type\" content=\"image\/jpeg\" \/>\n<meta name=\"twitter:card\" content=\"summary_large_image\" \/>\n<meta name=\"twitter:label1\" content=\"Est. reading time\" \/>\n\t<meta name=\"twitter:data1\" content=\"2 minutes\" \/>\n<script type=\"application\/ld+json\" class=\"yoast-schema-graph\">{\"@context\":\"https:\\\/\\\/schema.org\",\"@graph\":[{\"@type\":\"WebPage\",\"@id\":\"https:\\\/\\\/takiguiados.com\\\/en\\\/guiado\\\/tokio-tradicional\\\/\",\"url\":\"https:\\\/\\\/takiguiados.com\\\/en\\\/guiado\\\/tokio-tradicional\\\/\",\"name\":\"Tokio Tradicional - Takiguiados\",\"isPartOf\":{\"@id\":\"https:\\\/\\\/takiguiados.com\\\/en\\\/#website\"},\"primaryImageOfPage\":{\"@id\":\"https:\\\/\\\/takiguiados.com\\\/en\\\/guiado\\\/tokio-tradicional\\\/#primaryimage\"},\"image\":{\"@id\":\"https:\\\/\\\/takiguiados.com\\\/en\\\/guiado\\\/tokio-tradicional\\\/#primaryimage\"},\"thumbnailUrl\":\"https:\\\/\\\/takiguiados.com\\\/wp-content\\\/uploads\\\/3333332.jpeg\",\"datePublished\":\"2026-01-23T09:08:29+00:00\",\"dateModified\":\"2026-02-02T11:08:41+00:00\",\"description\":\"Si te interesa la historia de Jap\u00f3n, la cultura ancestral y los contrastes \u00fanicos entre lo cl\u00e1sico y lo moderno, este tour es ideal para ti.\",\"breadcrumb\":{\"@id\":\"https:\\\/\\\/takiguiados.com\\\/en\\\/guiado\\\/tokio-tradicional\\\/#breadcrumb\"},\"inLanguage\":\"en-US\",\"potentialAction\":[{\"@type\":\"ReadAction\",\"target\":[\"https:\\\/\\\/takiguiados.com\\\/en\\\/guiado\\\/tokio-tradicional\\\/\"]}]},{\"@type\":\"ImageObject\",\"inLanguage\":\"en-US\",\"@id\":\"https:\\\/\\\/takiguiados.com\\\/en\\\/guiado\\\/tokio-tradicional\\\/#primaryimage\",\"url\":\"https:\\\/\\\/takiguiados.com\\\/wp-content\\\/uploads\\\/3333332.jpeg\",\"contentUrl\":\"https:\\\/\\\/takiguiados.com\\\/wp-content\\\/uploads\\\/3333332.jpeg\",\"width\":1000,\"height\":1000},{\"@type\":\"BreadcrumbList\",\"@id\":\"https:\\\/\\\/takiguiados.com\\\/en\\\/guiado\\\/tokio-tradicional\\\/#breadcrumb\",\"itemListElement\":[{\"@type\":\"ListItem\",\"position\":1,\"name\":\"Portada\",\"item\":\"https:\\\/\\\/takiguiados.com\\\/en\\\/\"},{\"@type\":\"ListItem\",\"position\":2,\"name\":\"Experiencias\",\"item\":\"https:\\\/\\\/takiguiados.com\\\/en\\\/experiencias\\\/\"},{\"@type\":\"ListItem\",\"position\":3,\"name\":\"Tokio Tradicional\"}]},{\"@type\":\"WebSite\",\"@id\":\"https:\\\/\\\/takiguiados.com\\\/en\\\/#website\",\"url\":\"https:\\\/\\\/takiguiados.com\\\/en\\\/\",\"name\":\"Takiguiados\",\"description\":\"\",\"publisher\":{\"@id\":\"https:\\\/\\\/takiguiados.com\\\/en\\\/#organization\"},\"potentialAction\":[{\"@type\":\"SearchAction\",\"target\":{\"@type\":\"EntryPoint\",\"urlTemplate\":\"https:\\\/\\\/takiguiados.com\\\/en\\\/?s={search_term_string}\"},\"query-input\":{\"@type\":\"PropertyValueSpecification\",\"valueRequired\":true,\"valueName\":\"search_term_string\"}}],\"inLanguage\":\"en-US\"},{\"@type\":\"Organization\",\"@id\":\"https:\\\/\\\/takiguiados.com\\\/en\\\/#organization\",\"name\":\"Takiguiados\",\"url\":\"https:\\\/\\\/takiguiados.com\\\/en\\\/\",\"logo\":{\"@type\":\"ImageObject\",\"inLanguage\":\"en-US\",\"@id\":\"https:\\\/\\\/takiguiados.com\\\/en\\\/#\\\/schema\\\/logo\\\/image\\\/\",\"url\":\"https:\\\/\\\/takiguiados.com\\\/wp-content\\\/uploads\\\/logo.gif\",\"contentUrl\":\"https:\\\/\\\/takiguiados.com\\\/wp-content\\\/uploads\\\/logo.gif\",\"width\":100,\"height\":100,\"caption\":\"Takiguiados\"},\"image\":{\"@id\":\"https:\\\/\\\/takiguiados.com\\\/en\\\/#\\\/schema\\\/logo\\\/image\\\/\"}}]}<\/script>\n<!-- \/ Yoast SEO plugin. -->","yoast_head_json":{"title":"Tokio Tradicional - Takiguiados","description":"Si te interesa la historia de Jap\u00f3n, la cultura ancestral y los contrastes \u00fanicos entre lo cl\u00e1sico y lo moderno, este tour es ideal para ti.","robots":{"index":"index","follow":"follow","max-snippet":"max-snippet:-1","max-image-preview":"max-image-preview:large","max-video-preview":"max-video-preview:-1"},"canonical":"https:\/\/takiguiados.com\/en\/guiado\/tokio-tradicional\/","og_locale":"en_US","og_type":"article","og_title":"Tokio Tradicional - Takiguiados","og_description":"Si te interesa la historia de Jap\u00f3n, la cultura ancestral y los contrastes \u00fanicos entre lo cl\u00e1sico y lo moderno, este tour es ideal para ti.","og_url":"https:\/\/takiguiados.com\/en\/guiado\/tokio-tradicional\/","og_site_name":"Takiguiados","article_modified_time":"2026-02-02T11:08:41+00:00","og_image":[{"width":1000,"height":1000,"url":"https:\/\/takiguiados.com\/wp-content\/uploads\/3333332.jpeg","type":"image\/jpeg"}],"twitter_card":"summary_large_image","twitter_misc":{"Est. reading time":"2 minutes"},"schema":{"@context":"https:\/\/schema.org","@graph":[{"@type":"WebPage","@id":"https:\/\/takiguiados.com\/en\/guiado\/tokio-tradicional\/","url":"https:\/\/takiguiados.com\/en\/guiado\/tokio-tradicional\/","name":"Tokio Tradicional - Takiguiados","isPartOf":{"@id":"https:\/\/takiguiados.com\/en\/#website"},"primaryImageOfPage":{"@id":"https:\/\/takiguiados.com\/en\/guiado\/tokio-tradicional\/#primaryimage"},"image":{"@id":"https:\/\/takiguiados.com\/en\/guiado\/tokio-tradicional\/#primaryimage"},"thumbnailUrl":"https:\/\/takiguiados.com\/wp-content\/uploads\/3333332.jpeg","datePublished":"2026-01-23T09:08:29+00:00","dateModified":"2026-02-02T11:08:41+00:00","description":"Si te interesa la historia de Jap\u00f3n, la cultura ancestral y los contrastes \u00fanicos entre lo cl\u00e1sico y lo moderno, este tour es ideal para ti.","breadcrumb":{"@id":"https:\/\/takiguiados.com\/en\/guiado\/tokio-tradicional\/#breadcrumb"},"inLanguage":"en-US","potentialAction":[{"@type":"ReadAction","target":["https:\/\/takiguiados.com\/en\/guiado\/tokio-tradicional\/"]}]},{"@type":"ImageObject","inLanguage":"en-US","@id":"https:\/\/takiguiados.com\/en\/guiado\/tokio-tradicional\/#primaryimage","url":"https:\/\/takiguiados.com\/wp-content\/uploads\/3333332.jpeg","contentUrl":"https:\/\/takiguiados.com\/wp-content\/uploads\/3333332.jpeg","width":1000,"height":1000},{"@type":"BreadcrumbList","@id":"https:\/\/takiguiados.com\/en\/guiado\/tokio-tradicional\/#breadcrumb","itemListElement":[{"@type":"ListItem","position":1,"name":"Portada","item":"https:\/\/takiguiados.com\/en\/"},{"@type":"ListItem","position":2,"name":"Experiencias","item":"https:\/\/takiguiados.com\/en\/experiencias\/"},{"@type":"ListItem","position":3,"name":"Tokio Tradicional"}]},{"@type":"WebSite","@id":"https:\/\/takiguiados.com\/en\/#website","url":"https:\/\/takiguiados.com\/en\/","name":"Takiguiados","description":"","publisher":{"@id":"https:\/\/takiguiados.com\/en\/#organization"},"potentialAction":[{"@type":"SearchAction","target":{"@type":"EntryPoint","urlTemplate":"https:\/\/takiguiados.com\/en\/?s={search_term_string}"},"query-input":{"@type":"PropertyValueSpecification","valueRequired":true,"valueName":"search_term_string"}}],"inLanguage":"en-US"},{"@type":"Organization","@id":"https:\/\/takiguiados.com\/en\/#organization","name":"Takiguiados","url":"https:\/\/takiguiados.com\/en\/","logo":{"@type":"ImageObject","inLanguage":"en-US","@id":"https:\/\/takiguiados.com\/en\/#\/schema\/logo\/image\/","url":"https:\/\/takiguiados.com\/wp-content\/uploads\/logo.gif","contentUrl":"https:\/\/takiguiados.com\/wp-content\/uploads\/logo.gif","width":100,"height":100,"caption":"Takiguiados"},"image":{"@id":"https:\/\/takiguiados.com\/en\/#\/schema\/logo\/image\/"}}]}},"_links":{"self":[{"href":"https:\/\/takiguiados.com\/en\/wp-json\/wp\/v2\/product\/429","targetHints":{"allow":["GET"]}}],"collection":[{"href":"https:\/\/takiguiados.com\/en\/wp-json\/wp\/v2\/product"}],"about":[{"href":"https:\/\/takiguiados.com\/en\/wp-json\/wp\/v2\/types\/product"}],"wp:featuredmedia":[{"embeddable":true,"href":"https:\/\/takiguiados.com\/en\/wp-json\/wp\/v2\/media\/38"}],"wp:attachment":[{"href":"https:\/\/takiguiados.com\/en\/wp-json\/wp\/v2\/media?parent=429"}],"wp:term":[{"taxonomy":"product_brand","embeddable":true,"href":"https:\/\/takiguiados.com\/en\/wp-json\/wp\/v2\/product_brand?post=429"},{"taxonomy":"product_cat","embeddable":true,"href":"https:\/\/takiguiados.com\/en\/wp-json\/wp\/v2\/product_cat?post=429"},{"taxonomy":"product_tag","embeddable":true,"href":"https:\/\/takiguiados.com\/en\/wp-json\/wp\/v2\/product_tag?post=429"}],"curies":[{"name":"wp","href":"https:\/\/api.w.org\/{rel}","templated":true}]}}