{"id":331,"date":"2025-04-28T10:55:36","date_gmt":"2025-04-28T10:55:36","guid":{"rendered":"https:\/\/dev.takiguiados.com\/?post_type=product&#038;p=331"},"modified":"2026-01-24T05:54:42","modified_gmt":"2026-01-24T05:54:42","slug":"tokio-de-noche","status":"publish","type":"product","link":"https:\/\/takiguiados.com\/en\/guiado\/tokio-de-noche\/","title":{"rendered":"Tokyo by Night"},"content":{"rendered":"<p><strong>Discover the nighttime magic of Tokyo with our \u00abTokyo at Night\u00bb guided tour<\/strong><\/p>\n<p>If you want to experience the vibrant <strong>Tokyo nightlife<\/strong> without staying out too late, this tour is perfect for you. During 4 hours (from 19:00 to 23:00), we will take you to explore the most authentic corners of the city when the sun goes down. From <strong>traditional izakayas<\/strong> to unique bars, you will live the <strong>Tokyo night<\/strong> as a true local.<\/p>\n<p><strong>Includes<\/strong>:<\/p>\n<ul>\n<li aria-level=\"1\">Spanish-speaking guide throughout the experience.<\/li>\n<li aria-level=\"1\">Hotel pickup.<\/li>\n<\/ul>\n<p><strong>Does not include<\/strong>:<\/p>\n<ul>\n<li aria-level=\"1\">Traveler's personal expenses and transportation.<\/li>\n<li aria-level=\"1\">Cost of food and drinks consumed during the tour.<\/li>\n<\/ul>\n<hr data-start=\"1071\" data-end=\"1074\" \/>\n<p><strong>Explore Tokyo nightlife without missing the next morning<\/strong><\/p>\n<p>On this tour, you will enjoy a complete experience that will allow you to learn about the essence of the Tokyo night in a relaxed and authentic way.<\/p>\n<p><strong>Recommended itinerary:<\/strong><\/p>\n<ul>\n<li aria-level=\"1\"><strong>Traditional izakaya<\/strong>: Start the night in a typical Japanese bar where locals gather after work. Taste delicious dishes like yakitori, sashimi and karaage, accompanied by sake or Japanese beer.<\/li>\n<\/ul>\n<ul>\n<li aria-level=\"1\"><strong>Japanese karaoke<\/strong>: Immerse yourself in one of the most iconic experiences of Japan. Sing your favorite songs in a private karaoke, where you can enjoy a fun and relaxed atmosphere.<\/li>\n<\/ul>\n<ul>\n<li aria-level=\"1\"><strong>Themed bar or speakeasy<\/strong>: Discover hidden bars with unique atmospheres, from jazz bars to artisanal cocktail places. Tokyo is full of secret corners ideal for a quiet drink.<\/li>\n<\/ul>\n<p><strong>Places we might visit<\/strong><\/p>\n<ul>\n<li><strong>Shinjuku Golden Gai<\/strong>: A maze of alleys with small retro-style bars, each with its own charm and personality. Ideal for enjoying an intimate and authentic atmosphere.<\/li>\n<li><strong>Nonbei Yokocho in Shibuya<\/strong>: Known as \u00abthe alley of the drunks\u00bb, this nostalgic corner of Shibuya is full of small bars that take you back to another era.<\/li>\n<li><strong>Hidden izakayas in Ebisu or Yurakucho<\/strong>: Places frequented by Tokyoites, perfect for tasting Japanese gastronomy with a good nighttime atmosphere.<\/li>\n<li><strong>Themed bars<\/strong>: From anime and video game bars to secret speakeasies, Tokyo has options for all tastes.<\/li>\n<\/ul>\n<hr data-start=\"1071\" data-end=\"1074\" \/>\n<p><strong>A nighttime tour adapted to your style<\/strong><\/p>\n<p>This guided tour is fully customizable based on your interests. Whether you prefer a quiet evening at an elegant bar or a livelier night at karaoke, we design the experience for you to enjoy to the fullest.<\/p>\n<p>Book your guided tour and discover Tokyo at night like never before!<\/p>","protected":false},"excerpt":{"rendered":"<p><span style=\"font-weight: 400;\">Vive la <strong>noche de Tokio<\/strong> como un aut\u00e9ntico tokiota con nuestro <strong>tour \u00abTokio de Noche\u00bb<\/strong>. Descubre el lado m\u00e1s animado de la ciudad sin trasnochar, comenzando en un <strong>izakaya tradicional<\/strong>, donde locales y viajeros comparten risas y <strong>sake<\/strong>. Luego, atr\u00e9vete con un <strong>cl\u00e1sico karaoke japon\u00e9s<\/strong> y sum\u00e9rgete en la <strong>cultura nocturna<\/strong>. Finaliza la velada en un bar con ambiente \u00fanico, disfrutando de <strong>c\u00f3cteles artesanales<\/strong> o una<strong> cerveza local<\/strong>. La opci\u00f3n perfecta para quienes quieren experimentar la magia nocturna sin perderse la ma\u00f1ana siguiente. \u00a1Tu <strong>noche en Tokio<\/strong> empieza aqu\u00ed!<\/span> [&#8230;]<\/p>\n<p><a class=\"btn btn-secondary understrap-read-more-link\" href=\"https:\/\/takiguiados.com\/en\/guiado\/tokio-de-noche\/\">Read More&#8230;<span class=\"screen-reader-text\"> from Tokio de noche<\/span><\/a><\/p>\n","protected":false},"featured_media":414,"template":"","meta":{"inline_featured_image":false},"product_brand":[],"product_cat":[25],"product_tag":[],"class_list":{"0":"post-331","1":"product","2":"type-product","3":"status-publish","4":"has-post-thumbnail","6":"product_cat-experiencias","8":"first","9":"instock","10":"sold-individually","11":"taxable","12":"shipping-taxable","13":"purchasable","14":"product-type-variable"},"acf":[],"yoast_head":"<!-- This site is optimized with the Yoast SEO plugin v27.5 - https:\/\/yoast.com\/product\/yoast-seo-wordpress\/ -->\n<title>Tokio de noche - Takiguiados<\/title>\n<meta name=\"description\" content=\"Si quieres experimentar la vibrante vida nocturna de Tokio sin trasnochar, este tour es perfecto para ti.\" \/>\n<meta name=\"robots\" content=\"index, follow, max-snippet:-1, max-image-preview:large, max-video-preview:-1\" \/>\n<link rel=\"canonical\" href=\"https:\/\/takiguiados.com\/en\/guiado\/tokio-de-noche\/\" \/>\n<meta property=\"og:locale\" content=\"en_US\" \/>\n<meta property=\"og:type\" content=\"article\" \/>\n<meta property=\"og:title\" content=\"Tokio de noche - Takiguiados\" \/>\n<meta property=\"og:description\" content=\"Si quieres experimentar la vibrante vida nocturna de Tokio sin trasnochar, este tour es perfecto para ti.\" \/>\n<meta property=\"og:url\" content=\"https:\/\/takiguiados.com\/en\/guiado\/tokio-de-noche\/\" \/>\n<meta property=\"og:site_name\" content=\"Takiguiados\" \/>\n<meta property=\"article:modified_time\" content=\"2026-01-24T05:54:42+00:00\" \/>\n<meta property=\"og:image\" content=\"https:\/\/takiguiados.com\/wp-content\/uploads\/night-life-tokyo_1920x1080-1.webp\" \/>\n\t<meta property=\"og:image:width\" content=\"1500\" \/>\n\t<meta property=\"og:image:height\" content=\"843\" \/>\n\t<meta property=\"og:image:type\" content=\"image\/webp\" \/>\n<meta name=\"twitter:card\" content=\"summary_large_image\" \/>\n<meta name=\"twitter:label1\" content=\"Est. reading time\" \/>\n\t<meta name=\"twitter:data1\" content=\"2 minutes\" \/>\n<script type=\"application\/ld+json\" class=\"yoast-schema-graph\">{\"@context\":\"https:\\\/\\\/schema.org\",\"@graph\":[{\"@type\":\"WebPage\",\"@id\":\"https:\\\/\\\/takiguiados.com\\\/en\\\/guiado\\\/tokio-de-noche\\\/\",\"url\":\"https:\\\/\\\/takiguiados.com\\\/en\\\/guiado\\\/tokio-de-noche\\\/\",\"name\":\"Tokio de noche - Takiguiados\",\"isPartOf\":{\"@id\":\"https:\\\/\\\/takiguiados.com\\\/en\\\/#website\"},\"primaryImageOfPage\":{\"@id\":\"https:\\\/\\\/takiguiados.com\\\/en\\\/guiado\\\/tokio-de-noche\\\/#primaryimage\"},\"image\":{\"@id\":\"https:\\\/\\\/takiguiados.com\\\/en\\\/guiado\\\/tokio-de-noche\\\/#primaryimage\"},\"thumbnailUrl\":\"https:\\\/\\\/takiguiados.com\\\/wp-content\\\/uploads\\\/night-life-tokyo_1920x1080-1.webp\",\"datePublished\":\"2025-04-28T10:55:36+00:00\",\"dateModified\":\"2026-01-24T05:54:42+00:00\",\"description\":\"Si quieres experimentar la vibrante vida nocturna de Tokio sin trasnochar, este tour es perfecto para ti.\",\"breadcrumb\":{\"@id\":\"https:\\\/\\\/takiguiados.com\\\/en\\\/guiado\\\/tokio-de-noche\\\/#breadcrumb\"},\"inLanguage\":\"en-US\",\"potentialAction\":[{\"@type\":\"ReadAction\",\"target\":[\"https:\\\/\\\/takiguiados.com\\\/en\\\/guiado\\\/tokio-de-noche\\\/\"]}]},{\"@type\":\"ImageObject\",\"inLanguage\":\"en-US\",\"@id\":\"https:\\\/\\\/takiguiados.com\\\/en\\\/guiado\\\/tokio-de-noche\\\/#primaryimage\",\"url\":\"https:\\\/\\\/takiguiados.com\\\/wp-content\\\/uploads\\\/night-life-tokyo_1920x1080-1.webp\",\"contentUrl\":\"https:\\\/\\\/takiguiados.com\\\/wp-content\\\/uploads\\\/night-life-tokyo_1920x1080-1.webp\",\"width\":1500,\"height\":843},{\"@type\":\"BreadcrumbList\",\"@id\":\"https:\\\/\\\/takiguiados.com\\\/en\\\/guiado\\\/tokio-de-noche\\\/#breadcrumb\",\"itemListElement\":[{\"@type\":\"ListItem\",\"position\":1,\"name\":\"Portada\",\"item\":\"https:\\\/\\\/takiguiados.com\\\/en\\\/\"},{\"@type\":\"ListItem\",\"position\":2,\"name\":\"Experiencias\",\"item\":\"https:\\\/\\\/takiguiados.com\\\/en\\\/experiencias\\\/\"},{\"@type\":\"ListItem\",\"position\":3,\"name\":\"Tokio de noche\"}]},{\"@type\":\"WebSite\",\"@id\":\"https:\\\/\\\/takiguiados.com\\\/en\\\/#website\",\"url\":\"https:\\\/\\\/takiguiados.com\\\/en\\\/\",\"name\":\"Takiguiados\",\"description\":\"\",\"publisher\":{\"@id\":\"https:\\\/\\\/takiguiados.com\\\/en\\\/#organization\"},\"potentialAction\":[{\"@type\":\"SearchAction\",\"target\":{\"@type\":\"EntryPoint\",\"urlTemplate\":\"https:\\\/\\\/takiguiados.com\\\/en\\\/?s={search_term_string}\"},\"query-input\":{\"@type\":\"PropertyValueSpecification\",\"valueRequired\":true,\"valueName\":\"search_term_string\"}}],\"inLanguage\":\"en-US\"},{\"@type\":\"Organization\",\"@id\":\"https:\\\/\\\/takiguiados.com\\\/en\\\/#organization\",\"name\":\"Takiguiados\",\"url\":\"https:\\\/\\\/takiguiados.com\\\/en\\\/\",\"logo\":{\"@type\":\"ImageObject\",\"inLanguage\":\"en-US\",\"@id\":\"https:\\\/\\\/takiguiados.com\\\/en\\\/#\\\/schema\\\/logo\\\/image\\\/\",\"url\":\"https:\\\/\\\/takiguiados.com\\\/wp-content\\\/uploads\\\/logo.gif\",\"contentUrl\":\"https:\\\/\\\/takiguiados.com\\\/wp-content\\\/uploads\\\/logo.gif\",\"width\":100,\"height\":100,\"caption\":\"Takiguiados\"},\"image\":{\"@id\":\"https:\\\/\\\/takiguiados.com\\\/en\\\/#\\\/schema\\\/logo\\\/image\\\/\"}}]}<\/script>\n<!-- \/ Yoast SEO plugin. -->","yoast_head_json":{"title":"Tokio de noche - Takiguiados","description":"Si quieres experimentar la vibrante vida nocturna de Tokio sin trasnochar, este tour es perfecto para ti.","robots":{"index":"index","follow":"follow","max-snippet":"max-snippet:-1","max-image-preview":"max-image-preview:large","max-video-preview":"max-video-preview:-1"},"canonical":"https:\/\/takiguiados.com\/en\/guiado\/tokio-de-noche\/","og_locale":"en_US","og_type":"article","og_title":"Tokio de noche - Takiguiados","og_description":"Si quieres experimentar la vibrante vida nocturna de Tokio sin trasnochar, este tour es perfecto para ti.","og_url":"https:\/\/takiguiados.com\/en\/guiado\/tokio-de-noche\/","og_site_name":"Takiguiados","article_modified_time":"2026-01-24T05:54:42+00:00","og_image":[{"width":1500,"height":843,"url":"https:\/\/takiguiados.com\/wp-content\/uploads\/night-life-tokyo_1920x1080-1.webp","type":"image\/webp"}],"twitter_card":"summary_large_image","twitter_misc":{"Est. reading time":"2 minutes"},"schema":{"@context":"https:\/\/schema.org","@graph":[{"@type":"WebPage","@id":"https:\/\/takiguiados.com\/en\/guiado\/tokio-de-noche\/","url":"https:\/\/takiguiados.com\/en\/guiado\/tokio-de-noche\/","name":"Tokio de noche - Takiguiados","isPartOf":{"@id":"https:\/\/takiguiados.com\/en\/#website"},"primaryImageOfPage":{"@id":"https:\/\/takiguiados.com\/en\/guiado\/tokio-de-noche\/#primaryimage"},"image":{"@id":"https:\/\/takiguiados.com\/en\/guiado\/tokio-de-noche\/#primaryimage"},"thumbnailUrl":"https:\/\/takiguiados.com\/wp-content\/uploads\/night-life-tokyo_1920x1080-1.webp","datePublished":"2025-04-28T10:55:36+00:00","dateModified":"2026-01-24T05:54:42+00:00","description":"Si quieres experimentar la vibrante vida nocturna de Tokio sin trasnochar, este tour es perfecto para ti.","breadcrumb":{"@id":"https:\/\/takiguiados.com\/en\/guiado\/tokio-de-noche\/#breadcrumb"},"inLanguage":"en-US","potentialAction":[{"@type":"ReadAction","target":["https:\/\/takiguiados.com\/en\/guiado\/tokio-de-noche\/"]}]},{"@type":"ImageObject","inLanguage":"en-US","@id":"https:\/\/takiguiados.com\/en\/guiado\/tokio-de-noche\/#primaryimage","url":"https:\/\/takiguiados.com\/wp-content\/uploads\/night-life-tokyo_1920x1080-1.webp","contentUrl":"https:\/\/takiguiados.com\/wp-content\/uploads\/night-life-tokyo_1920x1080-1.webp","width":1500,"height":843},{"@type":"BreadcrumbList","@id":"https:\/\/takiguiados.com\/en\/guiado\/tokio-de-noche\/#breadcrumb","itemListElement":[{"@type":"ListItem","position":1,"name":"Portada","item":"https:\/\/takiguiados.com\/en\/"},{"@type":"ListItem","position":2,"name":"Experiencias","item":"https:\/\/takiguiados.com\/en\/experiencias\/"},{"@type":"ListItem","position":3,"name":"Tokio de noche"}]},{"@type":"WebSite","@id":"https:\/\/takiguiados.com\/en\/#website","url":"https:\/\/takiguiados.com\/en\/","name":"Takiguiados","description":"","publisher":{"@id":"https:\/\/takiguiados.com\/en\/#organization"},"potentialAction":[{"@type":"SearchAction","target":{"@type":"EntryPoint","urlTemplate":"https:\/\/takiguiados.com\/en\/?s={search_term_string}"},"query-input":{"@type":"PropertyValueSpecification","valueRequired":true,"valueName":"search_term_string"}}],"inLanguage":"en-US"},{"@type":"Organization","@id":"https:\/\/takiguiados.com\/en\/#organization","name":"Takiguiados","url":"https:\/\/takiguiados.com\/en\/","logo":{"@type":"ImageObject","inLanguage":"en-US","@id":"https:\/\/takiguiados.com\/en\/#\/schema\/logo\/image\/","url":"https:\/\/takiguiados.com\/wp-content\/uploads\/logo.gif","contentUrl":"https:\/\/takiguiados.com\/wp-content\/uploads\/logo.gif","width":100,"height":100,"caption":"Takiguiados"},"image":{"@id":"https:\/\/takiguiados.com\/en\/#\/schema\/logo\/image\/"}}]}},"_links":{"self":[{"href":"https:\/\/takiguiados.com\/en\/wp-json\/wp\/v2\/product\/331","targetHints":{"allow":["GET"]}}],"collection":[{"href":"https:\/\/takiguiados.com\/en\/wp-json\/wp\/v2\/product"}],"about":[{"href":"https:\/\/takiguiados.com\/en\/wp-json\/wp\/v2\/types\/product"}],"wp:featuredmedia":[{"embeddable":true,"href":"https:\/\/takiguiados.com\/en\/wp-json\/wp\/v2\/media\/414"}],"wp:attachment":[{"href":"https:\/\/takiguiados.com\/en\/wp-json\/wp\/v2\/media?parent=331"}],"wp:term":[{"taxonomy":"product_brand","embeddable":true,"href":"https:\/\/takiguiados.com\/en\/wp-json\/wp\/v2\/product_brand?post=331"},{"taxonomy":"product_cat","embeddable":true,"href":"https:\/\/takiguiados.com\/en\/wp-json\/wp\/v2\/product_cat?post=331"},{"taxonomy":"product_tag","embeddable":true,"href":"https:\/\/takiguiados.com\/en\/wp-json\/wp\/v2\/product_tag?post=331"}],"curies":[{"name":"wp","href":"https:\/\/api.w.org\/{rel}","templated":true}]}}