{"id":217,"date":"2025-03-19T14:24:37","date_gmt":"2025-03-19T14:24:37","guid":{"rendered":"http:\/\/takiguiados.local\/?post_type=product&#038;p=217"},"modified":"2026-02-02T11:36:24","modified_gmt":"2026-02-02T11:36:24","slug":"relajate-como-un-japones","status":"publish","type":"product","link":"https:\/\/takiguiados.com\/en\/guiado\/relajate-como-un-japones\/","title":{"rendered":"Tour Ending in a Japanese Public Bath"},"content":{"rendered":"<p><b>A tour full of history and relaxation<\/b><\/p>\n<p><span style=\"font-weight: 400;\">This tour is designed for those who want to enjoy the main tourist attractions of Tokyo, but without missing the opportunity to experience the relaxing Japanese tradition. We start with a complete tour of the most representative points of the city, but with a unique touch: at the end of the day, we will take you to a sento where you can immerse yourself in an atmosphere of peace and rest, highly valued by locals.<\/span><\/p>\n<p><b>Relax and enjoy the Japanese tradition<\/b><\/p>\n<p><span style=\"font-weight: 400;\">The sento is much more than a place to bathe; it is a space for relaxation and meditation. Public baths are an integral part of Japanese culture, and on this tour you will have the opportunity to experience this deeply rooted custom, regardless of whether you are a first-time visitor or a regular in the city.<\/span><\/p>\n<p><span style=\"font-weight: 400;\">Whether to relax after a busy day of sightseeing or to experience one of Japan's most famous traditions, the sento is the ideal place to close the day. Relax in its thermal waters and enjoy the tranquility while reflecting on your day in Tokyo.<\/span><\/p>\n<p><b>Relax like a Japanese person: a unique experience of peace and tradition.<\/b><\/p>\n<p><span style=\"font-weight: 400;\">This tour is perfect for those who seek not only to explore Tokyo, but also to immerse themselves in Japanese culture in a deeper and more relaxing way. At the end of the tour, you will leave with a feeling of well-being and satisfaction that only a traditional Japanese bath can offer.<\/span><\/p>\n<div>\n<p data-start=\"3206\" data-end=\"3255\"><strong>Includes:<\/strong><\/p>\n<\/div>\n<div>\u2022Guide service throughout the tour<\/div>\n<div>\u2022Historical, cultural and urban explanations<\/div>\n<div><\/div>\n<div><strong>Does not include:<\/strong><\/div>\n<div>\u2022Transport to Kobe<\/div>\n<div>\u2022Admission to venues, if any<\/div>\n<div>\u2022Personal meals and expenses<\/div>\n<hr data-start=\"1071\" data-end=\"1074\" \/>\n<p><b>Itinerary:<\/b><\/p>\n<ul>\n<li aria-level=\"1\"><b>Tour of the main tourist points of Tokyo:<\/b>\u00a0We visit the most emblematic places in the city, such as the bustling Shinjuku district, the Meiji Shrine, the famous Shibuya Crossing and other points of great cultural and architectural interest.<\/li>\n<li aria-level=\"1\"><b>Introduction to Japanese culture:<\/b>\u00a0While we explore the city, you will learn about the history, traditions and daily life of Tokyo, discovering places that are often overlooked by tourists.<\/li>\n<li aria-level=\"1\"><b>The final touch: a traditional bath in a sento:<\/b>\u00a0After a day full of exploration, we end our journey in a sento. In these public baths, you will be able to relax and enjoy an authentic experience, as the people of Tokyo do. Whether you have tattoos or not, public baths in Japan are a perfect place to disconnect from daily stress and immerse yourself in Japanese tradition.<\/li>\n<\/ul>\n<p><b>Book now and experience Tokyo in a different way!<\/b><\/p>","protected":false},"excerpt":{"rendered":"<p><b>Rel\u00e1jate como un japon\u00e9s y vive una experiencia \u00fanica en Tokio.<\/b><span style=\"font-weight: 400;\"> Tras explorar la ciudad en un guiado convencional, finalizamos la jornada en un aut\u00e9ntico <\/span><b>sento japon\u00e9s<\/b><span style=\"font-weight: 400;\">, los tradicionales ba\u00f1os p\u00fablicos donde locales y viajeros desconectan del ajetreo diario. <\/span><b>Da igual si tienes tatuajes o no<\/b><span style=\"font-weight: 400;\">, en este tour encontrar\u00e1s un espacio perfecto para sumergirte en las costumbres japonesas y disfrutar de un merecido descanso. <\/span><b>Explora, descubre y rel\u00e1jate como un verdadero tokiota.<\/b><span style=\"font-weight: 400;\"> \u00a1Tu experiencia en Tokio no estar\u00e1 completa sin este momento de paz y tradici\u00f3n!<\/span> [&#8230;]<\/p>\n<p><a class=\"btn btn-secondary understrap-read-more-link\" href=\"https:\/\/takiguiados.com\/en\/guiado\/relajate-como-un-japones\/\">Read More&#8230;<span class=\"screen-reader-text\"> from Tour Terminando en Ba\u00f1o P\u00fablico Japon\u00e9s<\/span><\/a><\/p>\n","protected":false},"featured_media":412,"template":"","meta":{"inline_featured_image":false},"product_brand":[],"product_cat":[25,22],"product_tag":[],"class_list":{"0":"post-217","1":"product","2":"type-product","3":"status-publish","4":"has-post-thumbnail","6":"product_cat-experiencias","7":"product_cat-guiado","9":"first","10":"instock","11":"sold-individually","12":"taxable","13":"shipping-taxable","14":"purchasable","15":"product-type-variable"},"acf":[],"yoast_head":"<!-- This site is optimized with the Yoast SEO plugin v27.5 - https:\/\/yoast.com\/product\/yoast-seo-wordpress\/ -->\n<title>Tour Terminando en Ba\u00f1o P\u00fablico Japon\u00e9s - Takiguiados<\/title>\n<meta name=\"description\" content=\"Este tour est\u00e1 dise\u00f1ado para aquellos que quieren disfrutar de los principales atractivos tur\u00edsticos de Tokio, pero sin perder la oportunidad de experimentar la relajante tradici\u00f3n japonesa.\" \/>\n<meta name=\"robots\" content=\"index, follow, max-snippet:-1, max-image-preview:large, max-video-preview:-1\" \/>\n<link rel=\"canonical\" href=\"https:\/\/takiguiados.com\/en\/guiado\/relajate-como-un-japones\/\" \/>\n<meta property=\"og:locale\" content=\"en_US\" \/>\n<meta property=\"og:type\" content=\"article\" \/>\n<meta property=\"og:title\" content=\"Tour Terminando en Ba\u00f1o P\u00fablico Japon\u00e9s - Takiguiados\" \/>\n<meta property=\"og:description\" content=\"Este tour est\u00e1 dise\u00f1ado para aquellos que quieren disfrutar de los principales atractivos tur\u00edsticos de Tokio, pero sin perder la oportunidad de experimentar la relajante tradici\u00f3n japonesa.\" \/>\n<meta property=\"og:url\" content=\"https:\/\/takiguiados.com\/en\/guiado\/relajate-como-un-japones\/\" \/>\n<meta property=\"og:site_name\" content=\"Takiguiados\" \/>\n<meta property=\"article:modified_time\" content=\"2026-02-02T11:36:24+00:00\" \/>\n<meta property=\"og:image\" content=\"https:\/\/takiguiados.com\/wp-content\/uploads\/sento-2.webp\" \/>\n\t<meta property=\"og:image:width\" content=\"1500\" \/>\n\t<meta property=\"og:image:height\" content=\"843\" \/>\n\t<meta property=\"og:image:type\" content=\"image\/webp\" \/>\n<meta name=\"twitter:card\" content=\"summary_large_image\" \/>\n<meta name=\"twitter:label1\" content=\"Est. reading time\" \/>\n\t<meta name=\"twitter:data1\" content=\"3 minutes\" \/>\n<script type=\"application\/ld+json\" class=\"yoast-schema-graph\">{\"@context\":\"https:\\\/\\\/schema.org\",\"@graph\":[{\"@type\":\"WebPage\",\"@id\":\"https:\\\/\\\/takiguiados.com\\\/en\\\/guiado\\\/relajate-como-un-japones\\\/\",\"url\":\"https:\\\/\\\/takiguiados.com\\\/en\\\/guiado\\\/relajate-como-un-japones\\\/\",\"name\":\"Tour Terminando en Ba\u00f1o P\u00fablico Japon\u00e9s - Takiguiados\",\"isPartOf\":{\"@id\":\"https:\\\/\\\/takiguiados.com\\\/en\\\/#website\"},\"primaryImageOfPage\":{\"@id\":\"https:\\\/\\\/takiguiados.com\\\/en\\\/guiado\\\/relajate-como-un-japones\\\/#primaryimage\"},\"image\":{\"@id\":\"https:\\\/\\\/takiguiados.com\\\/en\\\/guiado\\\/relajate-como-un-japones\\\/#primaryimage\"},\"thumbnailUrl\":\"https:\\\/\\\/takiguiados.com\\\/wp-content\\\/uploads\\\/sento-2.webp\",\"datePublished\":\"2025-03-19T14:24:37+00:00\",\"dateModified\":\"2026-02-02T11:36:24+00:00\",\"description\":\"Este tour est\u00e1 dise\u00f1ado para aquellos que quieren disfrutar de los principales atractivos tur\u00edsticos de Tokio, pero sin perder la oportunidad de experimentar la relajante tradici\u00f3n japonesa.\",\"breadcrumb\":{\"@id\":\"https:\\\/\\\/takiguiados.com\\\/en\\\/guiado\\\/relajate-como-un-japones\\\/#breadcrumb\"},\"inLanguage\":\"en-US\",\"potentialAction\":[{\"@type\":\"ReadAction\",\"target\":[\"https:\\\/\\\/takiguiados.com\\\/en\\\/guiado\\\/relajate-como-un-japones\\\/\"]}]},{\"@type\":\"ImageObject\",\"inLanguage\":\"en-US\",\"@id\":\"https:\\\/\\\/takiguiados.com\\\/en\\\/guiado\\\/relajate-como-un-japones\\\/#primaryimage\",\"url\":\"https:\\\/\\\/takiguiados.com\\\/wp-content\\\/uploads\\\/sento-2.webp\",\"contentUrl\":\"https:\\\/\\\/takiguiados.com\\\/wp-content\\\/uploads\\\/sento-2.webp\",\"width\":1500,\"height\":843},{\"@type\":\"BreadcrumbList\",\"@id\":\"https:\\\/\\\/takiguiados.com\\\/en\\\/guiado\\\/relajate-como-un-japones\\\/#breadcrumb\",\"itemListElement\":[{\"@type\":\"ListItem\",\"position\":1,\"name\":\"Portada\",\"item\":\"https:\\\/\\\/takiguiados.com\\\/en\\\/\"},{\"@type\":\"ListItem\",\"position\":2,\"name\":\"Experiencias\",\"item\":\"https:\\\/\\\/takiguiados.com\\\/en\\\/experiencias\\\/\"},{\"@type\":\"ListItem\",\"position\":3,\"name\":\"Tour Terminando en Ba\u00f1o P\u00fablico Japon\u00e9s\"}]},{\"@type\":\"WebSite\",\"@id\":\"https:\\\/\\\/takiguiados.com\\\/en\\\/#website\",\"url\":\"https:\\\/\\\/takiguiados.com\\\/en\\\/\",\"name\":\"Takiguiados\",\"description\":\"\",\"publisher\":{\"@id\":\"https:\\\/\\\/takiguiados.com\\\/en\\\/#organization\"},\"potentialAction\":[{\"@type\":\"SearchAction\",\"target\":{\"@type\":\"EntryPoint\",\"urlTemplate\":\"https:\\\/\\\/takiguiados.com\\\/en\\\/?s={search_term_string}\"},\"query-input\":{\"@type\":\"PropertyValueSpecification\",\"valueRequired\":true,\"valueName\":\"search_term_string\"}}],\"inLanguage\":\"en-US\"},{\"@type\":\"Organization\",\"@id\":\"https:\\\/\\\/takiguiados.com\\\/en\\\/#organization\",\"name\":\"Takiguiados\",\"url\":\"https:\\\/\\\/takiguiados.com\\\/en\\\/\",\"logo\":{\"@type\":\"ImageObject\",\"inLanguage\":\"en-US\",\"@id\":\"https:\\\/\\\/takiguiados.com\\\/en\\\/#\\\/schema\\\/logo\\\/image\\\/\",\"url\":\"https:\\\/\\\/takiguiados.com\\\/wp-content\\\/uploads\\\/logo.gif\",\"contentUrl\":\"https:\\\/\\\/takiguiados.com\\\/wp-content\\\/uploads\\\/logo.gif\",\"width\":100,\"height\":100,\"caption\":\"Takiguiados\"},\"image\":{\"@id\":\"https:\\\/\\\/takiguiados.com\\\/en\\\/#\\\/schema\\\/logo\\\/image\\\/\"}}]}<\/script>\n<!-- \/ Yoast SEO plugin. -->","yoast_head_json":{"title":"Tour Terminando en Ba\u00f1o P\u00fablico Japon\u00e9s - Takiguiados","description":"Este tour est\u00e1 dise\u00f1ado para aquellos que quieren disfrutar de los principales atractivos tur\u00edsticos de Tokio, pero sin perder la oportunidad de experimentar la relajante tradici\u00f3n japonesa.","robots":{"index":"index","follow":"follow","max-snippet":"max-snippet:-1","max-image-preview":"max-image-preview:large","max-video-preview":"max-video-preview:-1"},"canonical":"https:\/\/takiguiados.com\/en\/guiado\/relajate-como-un-japones\/","og_locale":"en_US","og_type":"article","og_title":"Tour Terminando en Ba\u00f1o P\u00fablico Japon\u00e9s - Takiguiados","og_description":"Este tour est\u00e1 dise\u00f1ado para aquellos que quieren disfrutar de los principales atractivos tur\u00edsticos de Tokio, pero sin perder la oportunidad de experimentar la relajante tradici\u00f3n japonesa.","og_url":"https:\/\/takiguiados.com\/en\/guiado\/relajate-como-un-japones\/","og_site_name":"Takiguiados","article_modified_time":"2026-02-02T11:36:24+00:00","og_image":[{"width":1500,"height":843,"url":"https:\/\/takiguiados.com\/wp-content\/uploads\/sento-2.webp","type":"image\/webp"}],"twitter_card":"summary_large_image","twitter_misc":{"Est. reading time":"3 minutes"},"schema":{"@context":"https:\/\/schema.org","@graph":[{"@type":"WebPage","@id":"https:\/\/takiguiados.com\/en\/guiado\/relajate-como-un-japones\/","url":"https:\/\/takiguiados.com\/en\/guiado\/relajate-como-un-japones\/","name":"Tour Terminando en Ba\u00f1o P\u00fablico Japon\u00e9s - Takiguiados","isPartOf":{"@id":"https:\/\/takiguiados.com\/en\/#website"},"primaryImageOfPage":{"@id":"https:\/\/takiguiados.com\/en\/guiado\/relajate-como-un-japones\/#primaryimage"},"image":{"@id":"https:\/\/takiguiados.com\/en\/guiado\/relajate-como-un-japones\/#primaryimage"},"thumbnailUrl":"https:\/\/takiguiados.com\/wp-content\/uploads\/sento-2.webp","datePublished":"2025-03-19T14:24:37+00:00","dateModified":"2026-02-02T11:36:24+00:00","description":"Este tour est\u00e1 dise\u00f1ado para aquellos que quieren disfrutar de los principales atractivos tur\u00edsticos de Tokio, pero sin perder la oportunidad de experimentar la relajante tradici\u00f3n japonesa.","breadcrumb":{"@id":"https:\/\/takiguiados.com\/en\/guiado\/relajate-como-un-japones\/#breadcrumb"},"inLanguage":"en-US","potentialAction":[{"@type":"ReadAction","target":["https:\/\/takiguiados.com\/en\/guiado\/relajate-como-un-japones\/"]}]},{"@type":"ImageObject","inLanguage":"en-US","@id":"https:\/\/takiguiados.com\/en\/guiado\/relajate-como-un-japones\/#primaryimage","url":"https:\/\/takiguiados.com\/wp-content\/uploads\/sento-2.webp","contentUrl":"https:\/\/takiguiados.com\/wp-content\/uploads\/sento-2.webp","width":1500,"height":843},{"@type":"BreadcrumbList","@id":"https:\/\/takiguiados.com\/en\/guiado\/relajate-como-un-japones\/#breadcrumb","itemListElement":[{"@type":"ListItem","position":1,"name":"Portada","item":"https:\/\/takiguiados.com\/en\/"},{"@type":"ListItem","position":2,"name":"Experiencias","item":"https:\/\/takiguiados.com\/en\/experiencias\/"},{"@type":"ListItem","position":3,"name":"Tour Terminando en Ba\u00f1o P\u00fablico Japon\u00e9s"}]},{"@type":"WebSite","@id":"https:\/\/takiguiados.com\/en\/#website","url":"https:\/\/takiguiados.com\/en\/","name":"Takiguiados","description":"","publisher":{"@id":"https:\/\/takiguiados.com\/en\/#organization"},"potentialAction":[{"@type":"SearchAction","target":{"@type":"EntryPoint","urlTemplate":"https:\/\/takiguiados.com\/en\/?s={search_term_string}"},"query-input":{"@type":"PropertyValueSpecification","valueRequired":true,"valueName":"search_term_string"}}],"inLanguage":"en-US"},{"@type":"Organization","@id":"https:\/\/takiguiados.com\/en\/#organization","name":"Takiguiados","url":"https:\/\/takiguiados.com\/en\/","logo":{"@type":"ImageObject","inLanguage":"en-US","@id":"https:\/\/takiguiados.com\/en\/#\/schema\/logo\/image\/","url":"https:\/\/takiguiados.com\/wp-content\/uploads\/logo.gif","contentUrl":"https:\/\/takiguiados.com\/wp-content\/uploads\/logo.gif","width":100,"height":100,"caption":"Takiguiados"},"image":{"@id":"https:\/\/takiguiados.com\/en\/#\/schema\/logo\/image\/"}}]}},"_links":{"self":[{"href":"https:\/\/takiguiados.com\/en\/wp-json\/wp\/v2\/product\/217","targetHints":{"allow":["GET"]}}],"collection":[{"href":"https:\/\/takiguiados.com\/en\/wp-json\/wp\/v2\/product"}],"about":[{"href":"https:\/\/takiguiados.com\/en\/wp-json\/wp\/v2\/types\/product"}],"wp:featuredmedia":[{"embeddable":true,"href":"https:\/\/takiguiados.com\/en\/wp-json\/wp\/v2\/media\/412"}],"wp:attachment":[{"href":"https:\/\/takiguiados.com\/en\/wp-json\/wp\/v2\/media?parent=217"}],"wp:term":[{"taxonomy":"product_brand","embeddable":true,"href":"https:\/\/takiguiados.com\/en\/wp-json\/wp\/v2\/product_brand?post=217"},{"taxonomy":"product_cat","embeddable":true,"href":"https:\/\/takiguiados.com\/en\/wp-json\/wp\/v2\/product_cat?post=217"},{"taxonomy":"product_tag","embeddable":true,"href":"https:\/\/takiguiados.com\/en\/wp-json\/wp\/v2\/product_tag?post=217"}],"curies":[{"name":"wp","href":"https:\/\/api.w.org\/{rel}","templated":true}]}}