{"id":213,"date":"2025-05-20T14:23:44","date_gmt":"2025-05-20T14:23:44","guid":{"rendered":"http:\/\/takiguiados.local\/?post_type=product&#038;p=213"},"modified":"2026-02-02T11:30:19","modified_gmt":"2026-02-02T11:30:19","slug":"vida-nocturna-de-tokio","status":"publish","type":"product","link":"https:\/\/takiguiados.com\/en\/guiado\/vida-nocturna-de-tokio\/","title":{"rendered":"Tokyo Party"},"content":{"rendered":"<p><b>Live the authentic Tokyo party with our nighttime guided tour<\/b><\/p>\n<p><span style=\"font-weight: 400;\">Get ready for an unforgettable night exploring the vibrant nightlife of Tokyo as a true local. On this tour of <\/span><b>7 hours (from 21:00 to 4:00 am)<\/b><span style=\"font-weight: 400;\"> we will tour the best spots to fully enjoy the Tokyo night. From traditional bars to nightclubs, this experience is ideal for those seeking to discover the true essence of partying in Japan.<\/span><\/p>\n<p><b>Includes:<\/b><\/p>\n<ul>\n<li style=\"font-weight: 400;\" aria-level=\"1\"><span style=\"font-weight: 400;\">Spanish-speaking guide throughout the experience.<\/span><\/li>\n<li style=\"font-weight: 400;\" aria-level=\"1\"><span style=\"font-weight: 400;\">Hotel pickup.<\/span><\/li>\n<\/ul>\n<p><b>Does not include:<\/b><\/p>\n<ul>\n<li style=\"font-weight: 400;\" aria-level=\"1\"><span style=\"font-weight: 400;\">Admission to attractions that require additional payment, both for the passenger and the guide.<\/span><\/li>\n<li style=\"font-weight: 400;\" aria-level=\"1\"><span style=\"font-weight: 400;\">Entry to bars, clubs, or minimum consumption for both passenger and guide.<\/span><\/li>\n<li style=\"font-weight: 400;\" aria-level=\"1\"><span style=\"font-weight: 400;\">Traveler's transport.<\/span><\/li>\n<\/ul>\n<h3><\/h3>\n<h3><b>Places we will visit<\/b><\/h3>\n<p><b>Izakayas:<\/b><span style=\"font-weight: 400;\"> We will start the night in a classic <\/span><b>izakaya<\/b><span style=\"font-weight: 400;\">, traditional Japanese bars where locals enjoy good food and drinks in a lively atmosphere. Here you will be able to taste typical Japanese dishes and experience the authentic nighttime culture.<\/span><span style=\"font-weight: 400;\"><br \/>\n<\/span><span style=\"font-weight: 400;\"><br \/>\n<\/span><b>Golden Gai:<\/b><span style=\"font-weight: 400;\"> An iconic area of Shinjuku with more than 200 small bars, each with its own personality and style. An essential place for lovers of Tokyo's underground culture<\/span><\/p>\n<p><b>Kabukicho area:<\/b><span style=\"font-weight: 400;\"> Known as Tokyo's red light district, Kabukicho is the epicenter of nightlife. Its streets illuminated by neon are full of bars, themed restaurants and endless entertainment.<\/span><\/p>\n<p><b>Karaoke\/Game Center:<\/b><span style=\"font-weight: 400;\"> In Japan, karaoke is an unmissable nighttime ritual. You will have the option to sing your favorite songs in a private room or, if you prefer, enjoy the classics <\/span><b>game centers<\/b><span style=\"font-weight: 400;\"> with arcade machines and virtual reality games.<\/span><\/p>\n<p><b>Shinjuku area:<\/b><span style=\"font-weight: 400;\"> In addition to Kabukicho, we will explore other corners of Shinjuku that house secret bars and venues with a more relaxed atmosphere. A perfect opportunity to enjoy a cocktail in a unique bar.<\/span><\/p>\n<p><b>Shibuya and party zones:<\/b><span style=\"font-weight: 400;\"> Shibuya is the meeting point for young people and tourists looking for fun. Here we will get to know the most popular bars, ideal for socializing with locals and travelers from all over the world.<\/span><\/p>\n<p><span style=\"font-weight: 400;\">.<\/span><\/p>\n<p><b>Ending in a nightclub:<\/b><span style=\"font-weight: 400;\"> We will close the night dancing until dawn at one of the best nightclubs in Tokyo. Enjoy the energetic atmosphere and music from local and international DJs.<\/span><\/p>\n<h3><b>An unforgettable night in Tokyo<\/b><\/h3>\n<p><span style=\"font-weight: 400;\">This guided tour is designed for those who want to immerse themselves in the Tokyo nightlife without worrying about the details. We take care of the route so you can focus only on enjoying and living the experience to the fullest.<\/span><\/p>\n<p><b>Book your guided tour and experience the Tokyo night like never before!<\/b><\/p>","protected":false},"excerpt":{"rendered":"<p><span style=\"font-weight: 400;\">Descubre la vibrante <\/span><b>vida nocturna de Tokio<\/b><span style=\"font-weight: 400;\"> con un guiado dise\u00f1ado para los que quieren disfrutar al m\u00e1ximo. Comienza la noche con una cena en un restaurante local, rel\u00e1jate en un <\/span><b>bar de c\u00f3cteles, shisha o puros<\/b><span style=\"font-weight: 400;\">, canta en un <\/span><b>karaoke japon\u00e9s<\/b><span style=\"font-weight: 400;\"> y termina bailando hasta el amanecer en un <\/span><b>club nocturno<\/b><span style=\"font-weight: 400;\"> de primer nivel. Explora los mejores bares y discotecas de Tokio, vive una experiencia aut\u00e9ntica y sum\u00e9rgete en la diversi\u00f3n de la ciudad que nunca duerme. \u00a1La noche en Tokio te espera!<\/span> [&#8230;]<\/p>\n<p><a class=\"btn btn-secondary understrap-read-more-link\" href=\"https:\/\/takiguiados.com\/en\/guiado\/vida-nocturna-de-tokio\/\">Read More&#8230;<span class=\"screen-reader-text\"> from Fiesta en Tokio<\/span><\/a><\/p>\n","protected":false},"featured_media":409,"template":"","meta":{"inline_featured_image":false},"product_brand":[],"product_cat":[25],"product_tag":[],"class_list":{"0":"post-213","1":"product","2":"type-product","3":"status-publish","4":"has-post-thumbnail","6":"product_cat-experiencias","8":"first","9":"instock","10":"sold-individually","11":"taxable","12":"shipping-taxable","13":"purchasable","14":"product-type-variable"},"acf":[],"yoast_head":"<!-- This site is optimized with the Yoast SEO plugin v27.5 - https:\/\/yoast.com\/product\/yoast-seo-wordpress\/ -->\n<title>Fiesta en Tokio - Takiguiados<\/title>\n<meta name=\"description\" content=\"Recorreremos los mejores spots para disfrutar al m\u00e1ximo la noche tokiota. Desde bares tradicionales hasta clubes nocturnos, esta experiencia es ideal para quienes buscan descubrir la verdadera esencia de la fiesta.\" \/>\n<meta name=\"robots\" content=\"index, follow, max-snippet:-1, max-image-preview:large, max-video-preview:-1\" \/>\n<link rel=\"canonical\" href=\"https:\/\/takiguiados.com\/en\/guiado\/vida-nocturna-de-tokio\/\" \/>\n<meta property=\"og:locale\" content=\"en_US\" \/>\n<meta property=\"og:type\" content=\"article\" \/>\n<meta property=\"og:title\" content=\"Fiesta en Tokio - Takiguiados\" \/>\n<meta property=\"og:description\" content=\"Recorreremos los mejores spots para disfrutar al m\u00e1ximo la noche tokiota. Desde bares tradicionales hasta clubes nocturnos, esta experiencia es ideal para quienes buscan descubrir la verdadera esencia de la fiesta.\" \/>\n<meta property=\"og:url\" content=\"https:\/\/takiguiados.com\/en\/guiado\/vida-nocturna-de-tokio\/\" \/>\n<meta property=\"og:site_name\" content=\"Takiguiados\" \/>\n<meta property=\"article:modified_time\" content=\"2026-02-02T11:30:19+00:00\" \/>\n<meta property=\"og:image\" content=\"https:\/\/takiguiados.com\/wp-content\/uploads\/night-club-tokyo_1920x1080-1.webp\" \/>\n\t<meta property=\"og:image:width\" content=\"1500\" \/>\n\t<meta property=\"og:image:height\" content=\"843\" \/>\n\t<meta property=\"og:image:type\" content=\"image\/webp\" \/>\n<meta name=\"twitter:card\" content=\"summary_large_image\" \/>\n<meta name=\"twitter:label1\" content=\"Est. reading time\" \/>\n\t<meta name=\"twitter:data1\" content=\"3 minutes\" \/>\n<script type=\"application\/ld+json\" class=\"yoast-schema-graph\">{\"@context\":\"https:\\\/\\\/schema.org\",\"@graph\":[{\"@type\":\"WebPage\",\"@id\":\"https:\\\/\\\/takiguiados.com\\\/en\\\/guiado\\\/vida-nocturna-de-tokio\\\/\",\"url\":\"https:\\\/\\\/takiguiados.com\\\/en\\\/guiado\\\/vida-nocturna-de-tokio\\\/\",\"name\":\"Fiesta en Tokio - Takiguiados\",\"isPartOf\":{\"@id\":\"https:\\\/\\\/takiguiados.com\\\/en\\\/#website\"},\"primaryImageOfPage\":{\"@id\":\"https:\\\/\\\/takiguiados.com\\\/en\\\/guiado\\\/vida-nocturna-de-tokio\\\/#primaryimage\"},\"image\":{\"@id\":\"https:\\\/\\\/takiguiados.com\\\/en\\\/guiado\\\/vida-nocturna-de-tokio\\\/#primaryimage\"},\"thumbnailUrl\":\"https:\\\/\\\/takiguiados.com\\\/wp-content\\\/uploads\\\/night-club-tokyo_1920x1080-1.webp\",\"datePublished\":\"2025-05-20T14:23:44+00:00\",\"dateModified\":\"2026-02-02T11:30:19+00:00\",\"description\":\"Recorreremos los mejores spots para disfrutar al m\u00e1ximo la noche tokiota. Desde bares tradicionales hasta clubes nocturnos, esta experiencia es ideal para quienes buscan descubrir la verdadera esencia de la fiesta.\",\"breadcrumb\":{\"@id\":\"https:\\\/\\\/takiguiados.com\\\/en\\\/guiado\\\/vida-nocturna-de-tokio\\\/#breadcrumb\"},\"inLanguage\":\"en-US\",\"potentialAction\":[{\"@type\":\"ReadAction\",\"target\":[\"https:\\\/\\\/takiguiados.com\\\/en\\\/guiado\\\/vida-nocturna-de-tokio\\\/\"]}]},{\"@type\":\"ImageObject\",\"inLanguage\":\"en-US\",\"@id\":\"https:\\\/\\\/takiguiados.com\\\/en\\\/guiado\\\/vida-nocturna-de-tokio\\\/#primaryimage\",\"url\":\"https:\\\/\\\/takiguiados.com\\\/wp-content\\\/uploads\\\/night-club-tokyo_1920x1080-1.webp\",\"contentUrl\":\"https:\\\/\\\/takiguiados.com\\\/wp-content\\\/uploads\\\/night-club-tokyo_1920x1080-1.webp\",\"width\":1500,\"height\":843},{\"@type\":\"BreadcrumbList\",\"@id\":\"https:\\\/\\\/takiguiados.com\\\/en\\\/guiado\\\/vida-nocturna-de-tokio\\\/#breadcrumb\",\"itemListElement\":[{\"@type\":\"ListItem\",\"position\":1,\"name\":\"Portada\",\"item\":\"https:\\\/\\\/takiguiados.com\\\/en\\\/\"},{\"@type\":\"ListItem\",\"position\":2,\"name\":\"Experiencias\",\"item\":\"https:\\\/\\\/takiguiados.com\\\/en\\\/experiencias\\\/\"},{\"@type\":\"ListItem\",\"position\":3,\"name\":\"Fiesta en Tokio\"}]},{\"@type\":\"WebSite\",\"@id\":\"https:\\\/\\\/takiguiados.com\\\/en\\\/#website\",\"url\":\"https:\\\/\\\/takiguiados.com\\\/en\\\/\",\"name\":\"Takiguiados\",\"description\":\"\",\"publisher\":{\"@id\":\"https:\\\/\\\/takiguiados.com\\\/en\\\/#organization\"},\"potentialAction\":[{\"@type\":\"SearchAction\",\"target\":{\"@type\":\"EntryPoint\",\"urlTemplate\":\"https:\\\/\\\/takiguiados.com\\\/en\\\/?s={search_term_string}\"},\"query-input\":{\"@type\":\"PropertyValueSpecification\",\"valueRequired\":true,\"valueName\":\"search_term_string\"}}],\"inLanguage\":\"en-US\"},{\"@type\":\"Organization\",\"@id\":\"https:\\\/\\\/takiguiados.com\\\/en\\\/#organization\",\"name\":\"Takiguiados\",\"url\":\"https:\\\/\\\/takiguiados.com\\\/en\\\/\",\"logo\":{\"@type\":\"ImageObject\",\"inLanguage\":\"en-US\",\"@id\":\"https:\\\/\\\/takiguiados.com\\\/en\\\/#\\\/schema\\\/logo\\\/image\\\/\",\"url\":\"https:\\\/\\\/takiguiados.com\\\/wp-content\\\/uploads\\\/logo.gif\",\"contentUrl\":\"https:\\\/\\\/takiguiados.com\\\/wp-content\\\/uploads\\\/logo.gif\",\"width\":100,\"height\":100,\"caption\":\"Takiguiados\"},\"image\":{\"@id\":\"https:\\\/\\\/takiguiados.com\\\/en\\\/#\\\/schema\\\/logo\\\/image\\\/\"}}]}<\/script>\n<!-- \/ Yoast SEO plugin. -->","yoast_head_json":{"title":"Fiesta en Tokio - Takiguiados","description":"Recorreremos los mejores spots para disfrutar al m\u00e1ximo la noche tokiota. Desde bares tradicionales hasta clubes nocturnos, esta experiencia es ideal para quienes buscan descubrir la verdadera esencia de la fiesta.","robots":{"index":"index","follow":"follow","max-snippet":"max-snippet:-1","max-image-preview":"max-image-preview:large","max-video-preview":"max-video-preview:-1"},"canonical":"https:\/\/takiguiados.com\/en\/guiado\/vida-nocturna-de-tokio\/","og_locale":"en_US","og_type":"article","og_title":"Fiesta en Tokio - Takiguiados","og_description":"Recorreremos los mejores spots para disfrutar al m\u00e1ximo la noche tokiota. Desde bares tradicionales hasta clubes nocturnos, esta experiencia es ideal para quienes buscan descubrir la verdadera esencia de la fiesta.","og_url":"https:\/\/takiguiados.com\/en\/guiado\/vida-nocturna-de-tokio\/","og_site_name":"Takiguiados","article_modified_time":"2026-02-02T11:30:19+00:00","og_image":[{"width":1500,"height":843,"url":"https:\/\/takiguiados.com\/wp-content\/uploads\/night-club-tokyo_1920x1080-1.webp","type":"image\/webp"}],"twitter_card":"summary_large_image","twitter_misc":{"Est. reading time":"3 minutes"},"schema":{"@context":"https:\/\/schema.org","@graph":[{"@type":"WebPage","@id":"https:\/\/takiguiados.com\/en\/guiado\/vida-nocturna-de-tokio\/","url":"https:\/\/takiguiados.com\/en\/guiado\/vida-nocturna-de-tokio\/","name":"Fiesta en Tokio - Takiguiados","isPartOf":{"@id":"https:\/\/takiguiados.com\/en\/#website"},"primaryImageOfPage":{"@id":"https:\/\/takiguiados.com\/en\/guiado\/vida-nocturna-de-tokio\/#primaryimage"},"image":{"@id":"https:\/\/takiguiados.com\/en\/guiado\/vida-nocturna-de-tokio\/#primaryimage"},"thumbnailUrl":"https:\/\/takiguiados.com\/wp-content\/uploads\/night-club-tokyo_1920x1080-1.webp","datePublished":"2025-05-20T14:23:44+00:00","dateModified":"2026-02-02T11:30:19+00:00","description":"Recorreremos los mejores spots para disfrutar al m\u00e1ximo la noche tokiota. Desde bares tradicionales hasta clubes nocturnos, esta experiencia es ideal para quienes buscan descubrir la verdadera esencia de la fiesta.","breadcrumb":{"@id":"https:\/\/takiguiados.com\/en\/guiado\/vida-nocturna-de-tokio\/#breadcrumb"},"inLanguage":"en-US","potentialAction":[{"@type":"ReadAction","target":["https:\/\/takiguiados.com\/en\/guiado\/vida-nocturna-de-tokio\/"]}]},{"@type":"ImageObject","inLanguage":"en-US","@id":"https:\/\/takiguiados.com\/en\/guiado\/vida-nocturna-de-tokio\/#primaryimage","url":"https:\/\/takiguiados.com\/wp-content\/uploads\/night-club-tokyo_1920x1080-1.webp","contentUrl":"https:\/\/takiguiados.com\/wp-content\/uploads\/night-club-tokyo_1920x1080-1.webp","width":1500,"height":843},{"@type":"BreadcrumbList","@id":"https:\/\/takiguiados.com\/en\/guiado\/vida-nocturna-de-tokio\/#breadcrumb","itemListElement":[{"@type":"ListItem","position":1,"name":"Portada","item":"https:\/\/takiguiados.com\/en\/"},{"@type":"ListItem","position":2,"name":"Experiencias","item":"https:\/\/takiguiados.com\/en\/experiencias\/"},{"@type":"ListItem","position":3,"name":"Fiesta en Tokio"}]},{"@type":"WebSite","@id":"https:\/\/takiguiados.com\/en\/#website","url":"https:\/\/takiguiados.com\/en\/","name":"Takiguiados","description":"","publisher":{"@id":"https:\/\/takiguiados.com\/en\/#organization"},"potentialAction":[{"@type":"SearchAction","target":{"@type":"EntryPoint","urlTemplate":"https:\/\/takiguiados.com\/en\/?s={search_term_string}"},"query-input":{"@type":"PropertyValueSpecification","valueRequired":true,"valueName":"search_term_string"}}],"inLanguage":"en-US"},{"@type":"Organization","@id":"https:\/\/takiguiados.com\/en\/#organization","name":"Takiguiados","url":"https:\/\/takiguiados.com\/en\/","logo":{"@type":"ImageObject","inLanguage":"en-US","@id":"https:\/\/takiguiados.com\/en\/#\/schema\/logo\/image\/","url":"https:\/\/takiguiados.com\/wp-content\/uploads\/logo.gif","contentUrl":"https:\/\/takiguiados.com\/wp-content\/uploads\/logo.gif","width":100,"height":100,"caption":"Takiguiados"},"image":{"@id":"https:\/\/takiguiados.com\/en\/#\/schema\/logo\/image\/"}}]}},"_links":{"self":[{"href":"https:\/\/takiguiados.com\/en\/wp-json\/wp\/v2\/product\/213","targetHints":{"allow":["GET"]}}],"collection":[{"href":"https:\/\/takiguiados.com\/en\/wp-json\/wp\/v2\/product"}],"about":[{"href":"https:\/\/takiguiados.com\/en\/wp-json\/wp\/v2\/types\/product"}],"wp:featuredmedia":[{"embeddable":true,"href":"https:\/\/takiguiados.com\/en\/wp-json\/wp\/v2\/media\/409"}],"wp:attachment":[{"href":"https:\/\/takiguiados.com\/en\/wp-json\/wp\/v2\/media?parent=213"}],"wp:term":[{"taxonomy":"product_brand","embeddable":true,"href":"https:\/\/takiguiados.com\/en\/wp-json\/wp\/v2\/product_brand?post=213"},{"taxonomy":"product_cat","embeddable":true,"href":"https:\/\/takiguiados.com\/en\/wp-json\/wp\/v2\/product_cat?post=213"},{"taxonomy":"product_tag","embeddable":true,"href":"https:\/\/takiguiados.com\/en\/wp-json\/wp\/v2\/product_tag?post=213"}],"curies":[{"name":"wp","href":"https:\/\/api.w.org\/{rel}","templated":true}]}}