{"id":211,"date":"2026-01-22T14:23:17","date_gmt":"2026-01-22T14:23:17","guid":{"rendered":"http:\/\/takiguiados.local\/?post_type=product&#038;p=211"},"modified":"2026-02-02T11:10:15","modified_gmt":"2026-02-02T11:10:15","slug":"lo-mas-pintoresco-de-tokio","status":"publish","type":"product","link":"https:\/\/takiguiados.com\/en\/guiado\/lo-mas-pintoresco-de-tokio\/","title":{"rendered":"Modern Tokyo"},"content":{"rendered":"<p data-start=\"866\" data-end=\"931\"><strong data-start=\"866\" data-end=\"931\">Live the pulse of the city with our \u00abModern Tokyo\u00bb guided tour<\/strong><\/p>\n<p data-start=\"933\" data-end=\"1370\">If you want to experience the most current, colorful and eclectic side of Tokyo, this tour is for you. During approximately 7 hours (from 10:00 to 17:00), we will take you to tour three of the most representative neighborhoods of the <strong data-start=\"1153\" data-end=\"1176\">contemporary Tokyo<\/strong>: <strong data-start=\"1178\" data-end=\"1210\">Shibuya, Harajuku and Shinjuku<\/strong>. From street fashion and pop culture stores, to skyscrapers, neon lights and alleys full of life, you will live the city as Tokyoites do today.<\/p>\n<p data-start=\"1372\" data-end=\"1384\"><strong data-start=\"1372\" data-end=\"1384\">Includes:<\/strong><\/p>\n<ul data-start=\"1386\" data-end=\"1464\">\n<li data-start=\"1386\" data-end=\"1440\">\n<p data-start=\"1388\" data-end=\"1440\">Spanish-speaking guide throughout the experience.<\/p>\n<\/li>\n<li data-start=\"1441\" data-end=\"1464\">\n<p data-start=\"1443\" data-end=\"1464\">Hotel pickup.<\/p>\n<\/li>\n<\/ul>\n<p data-start=\"1466\" data-end=\"1481\"><strong data-start=\"1466\" data-end=\"1481\">Does not include:<\/strong><\/p>\n<ul data-start=\"1483\" data-end=\"1592\">\n<li data-start=\"1483\" data-end=\"1530\">\n<p data-start=\"1485\" data-end=\"1530\">Traveler's personal expenses and transportation.<\/p>\n<\/li>\n<li data-start=\"1531\" data-end=\"1592\">\n<p data-start=\"1533\" data-end=\"1592\">Cost of food and drinks consumed during the tour.<\/p>\n<\/li>\n<\/ul>\n<hr data-start=\"1594\" data-end=\"1597\" \/>\n<p data-start=\"1599\" data-end=\"1675\"><strong data-start=\"1599\" data-end=\"1675\">A total immersion in pop culture, fashion and urban life of Tokyo<\/strong><\/p>\n<p data-start=\"1677\" data-end=\"1846\">This guided tour is ideal for those who want to discover the unique energy of the <strong data-start=\"1752\" data-end=\"1769\">modern Tokyo<\/strong>, where every street is a postcard and every corner has something new to offer.<\/p>\n<p data-start=\"1848\" data-end=\"1875\"><strong data-start=\"1848\" data-end=\"1875\">Recommended itinerary:<\/strong><\/p>\n<ul data-start=\"1877\" data-end=\"2606\">\n<li data-start=\"1877\" data-end=\"2116\">\n<p data-start=\"1879\" data-end=\"2116\"><strong data-start=\"1879\" data-end=\"1890\">Shibuya<\/strong>: We start in this iconic neighborhood with its famous <strong data-start=\"1940\" data-end=\"1960\">Shibuya Crossing<\/strong>, one of the most transited pedestrian crossings in the world. We visit the Hachiko statue, futuristic shopping centers and stores of urban trends.<\/p>\n<\/li>\n<li data-start=\"2117\" data-end=\"2368\">\n<p data-start=\"2119\" data-end=\"2368\"><strong data-start=\"2119\" data-end=\"2131\">Harajuku<\/strong>: We continue through <strong data-start=\"2149\" data-end=\"2167\">Takeshita-dori<\/strong>, a pedestrian street full of eccentric fashion, colorful sweets and youth culture. We can also visit the <strong data-start=\"2277\" data-end=\"2296\">Meiji Shrine<\/strong>, one of the most important in Tokyo, located in the middle of an urban forest.<\/p>\n<\/li>\n<li data-start=\"2369\" data-end=\"2606\">\n<p data-start=\"2371\" data-end=\"2606\"><strong data-start=\"2371\" data-end=\"2383\">Shinjuku<\/strong>: We end in this vibrant and multifaceted neighborhood. From the skyscrapers of the financial area to the narrow alleys of <strong data-start=\"2515\" data-end=\"2533\">Omoide Yokocho<\/strong>, without forgetting the red light district of <strong data-start=\"2565\" data-end=\"2578\">Kabukicho<\/strong> and its endless neon.<\/p>\n<\/li>\n<\/ul>\n<hr data-start=\"2608\" data-end=\"2611\" \/>\n<p data-start=\"2613\" data-end=\"2646\"><strong data-start=\"2613\" data-end=\"2646\">Places we might visit<\/strong><\/p>\n<ul data-start=\"2648\" data-end=\"3038\">\n<li data-start=\"2648\" data-end=\"2724\">\n<p data-start=\"2650\" data-end=\"2724\"><strong data-start=\"2650\" data-end=\"2665\">Shibuya Crossing<\/strong>: The famous Shibuya crossing where up to 3000 people can be present at every traffic light change.<\/p>\n<\/li>\n<li data-start=\"2725\" data-end=\"2798\">\n<p data-start=\"2727\" data-end=\"2798\"><strong data-start=\"2727\" data-end=\"2747\">Takeshita Street<\/strong>: The heart of the <strong data-start=\"2766\" data-end=\"2795\">Japanese alternative fashion<\/strong>.<\/p>\n<\/li>\n<li data-start=\"2799\" data-end=\"2874\">\n<p data-start=\"2801\" data-end=\"2874\"><strong data-start=\"2801\" data-end=\"2815\">Omotesando<\/strong>: An avenue with modern architecture and luxury stores.<\/p>\n<\/li>\n<li data-start=\"2875\" data-end=\"2944\">\n<p data-start=\"2877\" data-end=\"2944\"><strong data-start=\"2877\" data-end=\"2896\">Meiji Shrine<\/strong>: A spiritual respite in the middle of the city.<\/p>\n<\/li>\n<li data-start=\"2945\" data-end=\"3038\">\n<p data-start=\"2947\" data-end=\"3038\"><strong data-start=\"2947\" data-end=\"2977\">Omoide Yokocho and Kabukicho<\/strong>: Unique contrasts between nostalgia and modernity in Shinjuku.<\/p>\n<\/li>\n<\/ul>","protected":false},"excerpt":{"rendered":"<p>Descubre el Tokio m\u00e1s vibrante con nuestro guiado <strong data-start=\"306\" data-end=\"323\">Tokio Moderno<\/strong>. Recorre <strong data-start=\"333\" data-end=\"365\">Shibuya, Harajuku y Shinjuku<\/strong>, los barrios m\u00e1s din\u00e1micos de la ciudad, donde la <strong data-start=\"416\" data-end=\"440\">cultura pop japonesa<\/strong>, la moda y la tecnolog\u00eda se mezclan en un entorno lleno de energ\u00eda. Cruza el famoso <strong data-start=\"525\" data-end=\"545\">Shibuya Crossing<\/strong>, explora tiendas \u00fanicas en Takeshita-dori y sorpr\u00e9ndete con los neones de Kabukicho. Ideal para quienes quieren vivir la <strong data-start=\"667\" data-end=\"691\">vida urbana de Tokio<\/strong> y capturar la esencia de la <strong data-start=\"720\" data-end=\"753\">Tokio moderna y contempor\u00e1nea<\/strong>. \u00a1Tu aventura urbana empieza aqu\u00ed! [&#8230;]<\/p>\n<p><a class=\"btn btn-secondary understrap-read-more-link\" href=\"https:\/\/takiguiados.com\/en\/guiado\/lo-mas-pintoresco-de-tokio\/\">Read More&#8230;<span class=\"screen-reader-text\"> from Tokio Moderno<\/span><\/a><\/p>\n","protected":false},"featured_media":443,"template":"","meta":{"inline_featured_image":false},"product_brand":[],"product_cat":[22,21],"product_tag":[],"class_list":{"0":"post-211","1":"product","2":"type-product","3":"status-publish","4":"has-post-thumbnail","6":"product_cat-guiado","7":"product_cat-promociones","9":"first","10":"instock","11":"sold-individually","12":"taxable","13":"shipping-taxable","14":"purchasable","15":"product-type-variable"},"acf":[],"yoast_head":"<!-- This site is optimized with the Yoast SEO plugin v27.5 - https:\/\/yoast.com\/product\/yoast-seo-wordpress\/ -->\n<title>Tokio Moderno - Takiguiados<\/title>\n<meta name=\"description\" content=\"Este guiado es ideal para quienes quieren descubrir la energ\u00eda \u00fanica de la Tokio moderna, donde cada calle es una postal y cada rinc\u00f3n tiene algo nuevo que ofrecer.\" \/>\n<meta name=\"robots\" content=\"index, follow, max-snippet:-1, max-image-preview:large, max-video-preview:-1\" \/>\n<link rel=\"canonical\" href=\"https:\/\/takiguiados.com\/en\/guiado\/lo-mas-pintoresco-de-tokio\/\" \/>\n<meta property=\"og:locale\" content=\"en_US\" \/>\n<meta property=\"og:type\" content=\"article\" \/>\n<meta property=\"og:title\" content=\"Tokio Moderno - Takiguiados\" \/>\n<meta property=\"og:description\" content=\"Este guiado es ideal para quienes quieren descubrir la energ\u00eda \u00fanica de la Tokio moderna, donde cada calle es una postal y cada rinc\u00f3n tiene algo nuevo que ofrecer.\" \/>\n<meta property=\"og:url\" content=\"https:\/\/takiguiados.com\/en\/guiado\/lo-mas-pintoresco-de-tokio\/\" \/>\n<meta property=\"og:site_name\" content=\"Takiguiados\" \/>\n<meta property=\"article:modified_time\" content=\"2026-02-02T11:10:15+00:00\" \/>\n<meta property=\"og:image\" content=\"https:\/\/takiguiados.com\/wp-content\/uploads\/shibuya.webp\" \/>\n\t<meta property=\"og:image:width\" content=\"1500\" \/>\n\t<meta property=\"og:image:height\" content=\"843\" \/>\n\t<meta property=\"og:image:type\" content=\"image\/webp\" \/>\n<meta name=\"twitter:card\" content=\"summary_large_image\" \/>\n<meta name=\"twitter:label1\" content=\"Est. reading time\" \/>\n\t<meta name=\"twitter:data1\" content=\"2 minutes\" \/>\n<script type=\"application\/ld+json\" class=\"yoast-schema-graph\">{\"@context\":\"https:\\\/\\\/schema.org\",\"@graph\":[{\"@type\":\"WebPage\",\"@id\":\"https:\\\/\\\/takiguiados.com\\\/en\\\/guiado\\\/lo-mas-pintoresco-de-tokio\\\/\",\"url\":\"https:\\\/\\\/takiguiados.com\\\/en\\\/guiado\\\/lo-mas-pintoresco-de-tokio\\\/\",\"name\":\"Tokio Moderno - Takiguiados\",\"isPartOf\":{\"@id\":\"https:\\\/\\\/takiguiados.com\\\/en\\\/#website\"},\"primaryImageOfPage\":{\"@id\":\"https:\\\/\\\/takiguiados.com\\\/en\\\/guiado\\\/lo-mas-pintoresco-de-tokio\\\/#primaryimage\"},\"image\":{\"@id\":\"https:\\\/\\\/takiguiados.com\\\/en\\\/guiado\\\/lo-mas-pintoresco-de-tokio\\\/#primaryimage\"},\"thumbnailUrl\":\"https:\\\/\\\/takiguiados.com\\\/wp-content\\\/uploads\\\/shibuya.webp\",\"datePublished\":\"2026-01-22T14:23:17+00:00\",\"dateModified\":\"2026-02-02T11:10:15+00:00\",\"description\":\"Este guiado es ideal para quienes quieren descubrir la energ\u00eda \u00fanica de la Tokio moderna, donde cada calle es una postal y cada rinc\u00f3n tiene algo nuevo que ofrecer.\",\"breadcrumb\":{\"@id\":\"https:\\\/\\\/takiguiados.com\\\/en\\\/guiado\\\/lo-mas-pintoresco-de-tokio\\\/#breadcrumb\"},\"inLanguage\":\"en-US\",\"potentialAction\":[{\"@type\":\"ReadAction\",\"target\":[\"https:\\\/\\\/takiguiados.com\\\/en\\\/guiado\\\/lo-mas-pintoresco-de-tokio\\\/\"]}]},{\"@type\":\"ImageObject\",\"inLanguage\":\"en-US\",\"@id\":\"https:\\\/\\\/takiguiados.com\\\/en\\\/guiado\\\/lo-mas-pintoresco-de-tokio\\\/#primaryimage\",\"url\":\"https:\\\/\\\/takiguiados.com\\\/wp-content\\\/uploads\\\/shibuya.webp\",\"contentUrl\":\"https:\\\/\\\/takiguiados.com\\\/wp-content\\\/uploads\\\/shibuya.webp\",\"width\":1500,\"height\":843},{\"@type\":\"BreadcrumbList\",\"@id\":\"https:\\\/\\\/takiguiados.com\\\/en\\\/guiado\\\/lo-mas-pintoresco-de-tokio\\\/#breadcrumb\",\"itemListElement\":[{\"@type\":\"ListItem\",\"position\":1,\"name\":\"Portada\",\"item\":\"https:\\\/\\\/takiguiados.com\\\/en\\\/\"},{\"@type\":\"ListItem\",\"position\":2,\"name\":\"Experiencias\",\"item\":\"https:\\\/\\\/takiguiados.com\\\/en\\\/experiencias\\\/\"},{\"@type\":\"ListItem\",\"position\":3,\"name\":\"Tokio Moderno\"}]},{\"@type\":\"WebSite\",\"@id\":\"https:\\\/\\\/takiguiados.com\\\/en\\\/#website\",\"url\":\"https:\\\/\\\/takiguiados.com\\\/en\\\/\",\"name\":\"Takiguiados\",\"description\":\"\",\"publisher\":{\"@id\":\"https:\\\/\\\/takiguiados.com\\\/en\\\/#organization\"},\"potentialAction\":[{\"@type\":\"SearchAction\",\"target\":{\"@type\":\"EntryPoint\",\"urlTemplate\":\"https:\\\/\\\/takiguiados.com\\\/en\\\/?s={search_term_string}\"},\"query-input\":{\"@type\":\"PropertyValueSpecification\",\"valueRequired\":true,\"valueName\":\"search_term_string\"}}],\"inLanguage\":\"en-US\"},{\"@type\":\"Organization\",\"@id\":\"https:\\\/\\\/takiguiados.com\\\/en\\\/#organization\",\"name\":\"Takiguiados\",\"url\":\"https:\\\/\\\/takiguiados.com\\\/en\\\/\",\"logo\":{\"@type\":\"ImageObject\",\"inLanguage\":\"en-US\",\"@id\":\"https:\\\/\\\/takiguiados.com\\\/en\\\/#\\\/schema\\\/logo\\\/image\\\/\",\"url\":\"https:\\\/\\\/takiguiados.com\\\/wp-content\\\/uploads\\\/logo.gif\",\"contentUrl\":\"https:\\\/\\\/takiguiados.com\\\/wp-content\\\/uploads\\\/logo.gif\",\"width\":100,\"height\":100,\"caption\":\"Takiguiados\"},\"image\":{\"@id\":\"https:\\\/\\\/takiguiados.com\\\/en\\\/#\\\/schema\\\/logo\\\/image\\\/\"}}]}<\/script>\n<!-- \/ Yoast SEO plugin. -->","yoast_head_json":{"title":"Tokio Moderno - Takiguiados","description":"Este guiado es ideal para quienes quieren descubrir la energ\u00eda \u00fanica de la Tokio moderna, donde cada calle es una postal y cada rinc\u00f3n tiene algo nuevo que ofrecer.","robots":{"index":"index","follow":"follow","max-snippet":"max-snippet:-1","max-image-preview":"max-image-preview:large","max-video-preview":"max-video-preview:-1"},"canonical":"https:\/\/takiguiados.com\/en\/guiado\/lo-mas-pintoresco-de-tokio\/","og_locale":"en_US","og_type":"article","og_title":"Tokio Moderno - Takiguiados","og_description":"Este guiado es ideal para quienes quieren descubrir la energ\u00eda \u00fanica de la Tokio moderna, donde cada calle es una postal y cada rinc\u00f3n tiene algo nuevo que ofrecer.","og_url":"https:\/\/takiguiados.com\/en\/guiado\/lo-mas-pintoresco-de-tokio\/","og_site_name":"Takiguiados","article_modified_time":"2026-02-02T11:10:15+00:00","og_image":[{"width":1500,"height":843,"url":"https:\/\/takiguiados.com\/wp-content\/uploads\/shibuya.webp","type":"image\/webp"}],"twitter_card":"summary_large_image","twitter_misc":{"Est. reading time":"2 minutes"},"schema":{"@context":"https:\/\/schema.org","@graph":[{"@type":"WebPage","@id":"https:\/\/takiguiados.com\/en\/guiado\/lo-mas-pintoresco-de-tokio\/","url":"https:\/\/takiguiados.com\/en\/guiado\/lo-mas-pintoresco-de-tokio\/","name":"Tokio Moderno - Takiguiados","isPartOf":{"@id":"https:\/\/takiguiados.com\/en\/#website"},"primaryImageOfPage":{"@id":"https:\/\/takiguiados.com\/en\/guiado\/lo-mas-pintoresco-de-tokio\/#primaryimage"},"image":{"@id":"https:\/\/takiguiados.com\/en\/guiado\/lo-mas-pintoresco-de-tokio\/#primaryimage"},"thumbnailUrl":"https:\/\/takiguiados.com\/wp-content\/uploads\/shibuya.webp","datePublished":"2026-01-22T14:23:17+00:00","dateModified":"2026-02-02T11:10:15+00:00","description":"Este guiado es ideal para quienes quieren descubrir la energ\u00eda \u00fanica de la Tokio moderna, donde cada calle es una postal y cada rinc\u00f3n tiene algo nuevo que ofrecer.","breadcrumb":{"@id":"https:\/\/takiguiados.com\/en\/guiado\/lo-mas-pintoresco-de-tokio\/#breadcrumb"},"inLanguage":"en-US","potentialAction":[{"@type":"ReadAction","target":["https:\/\/takiguiados.com\/en\/guiado\/lo-mas-pintoresco-de-tokio\/"]}]},{"@type":"ImageObject","inLanguage":"en-US","@id":"https:\/\/takiguiados.com\/en\/guiado\/lo-mas-pintoresco-de-tokio\/#primaryimage","url":"https:\/\/takiguiados.com\/wp-content\/uploads\/shibuya.webp","contentUrl":"https:\/\/takiguiados.com\/wp-content\/uploads\/shibuya.webp","width":1500,"height":843},{"@type":"BreadcrumbList","@id":"https:\/\/takiguiados.com\/en\/guiado\/lo-mas-pintoresco-de-tokio\/#breadcrumb","itemListElement":[{"@type":"ListItem","position":1,"name":"Portada","item":"https:\/\/takiguiados.com\/en\/"},{"@type":"ListItem","position":2,"name":"Experiencias","item":"https:\/\/takiguiados.com\/en\/experiencias\/"},{"@type":"ListItem","position":3,"name":"Tokio Moderno"}]},{"@type":"WebSite","@id":"https:\/\/takiguiados.com\/en\/#website","url":"https:\/\/takiguiados.com\/en\/","name":"Takiguiados","description":"","publisher":{"@id":"https:\/\/takiguiados.com\/en\/#organization"},"potentialAction":[{"@type":"SearchAction","target":{"@type":"EntryPoint","urlTemplate":"https:\/\/takiguiados.com\/en\/?s={search_term_string}"},"query-input":{"@type":"PropertyValueSpecification","valueRequired":true,"valueName":"search_term_string"}}],"inLanguage":"en-US"},{"@type":"Organization","@id":"https:\/\/takiguiados.com\/en\/#organization","name":"Takiguiados","url":"https:\/\/takiguiados.com\/en\/","logo":{"@type":"ImageObject","inLanguage":"en-US","@id":"https:\/\/takiguiados.com\/en\/#\/schema\/logo\/image\/","url":"https:\/\/takiguiados.com\/wp-content\/uploads\/logo.gif","contentUrl":"https:\/\/takiguiados.com\/wp-content\/uploads\/logo.gif","width":100,"height":100,"caption":"Takiguiados"},"image":{"@id":"https:\/\/takiguiados.com\/en\/#\/schema\/logo\/image\/"}}]}},"_links":{"self":[{"href":"https:\/\/takiguiados.com\/en\/wp-json\/wp\/v2\/product\/211","targetHints":{"allow":["GET"]}}],"collection":[{"href":"https:\/\/takiguiados.com\/en\/wp-json\/wp\/v2\/product"}],"about":[{"href":"https:\/\/takiguiados.com\/en\/wp-json\/wp\/v2\/types\/product"}],"wp:featuredmedia":[{"embeddable":true,"href":"https:\/\/takiguiados.com\/en\/wp-json\/wp\/v2\/media\/443"}],"wp:attachment":[{"href":"https:\/\/takiguiados.com\/en\/wp-json\/wp\/v2\/media?parent=211"}],"wp:term":[{"taxonomy":"product_brand","embeddable":true,"href":"https:\/\/takiguiados.com\/en\/wp-json\/wp\/v2\/product_brand?post=211"},{"taxonomy":"product_cat","embeddable":true,"href":"https:\/\/takiguiados.com\/en\/wp-json\/wp\/v2\/product_cat?post=211"},{"taxonomy":"product_tag","embeddable":true,"href":"https:\/\/takiguiados.com\/en\/wp-json\/wp\/v2\/product_tag?post=211"}],"curies":[{"name":"wp","href":"https:\/\/api.w.org\/{rel}","templated":true}]}}