{"id":508,"date":"2025-06-16T08:47:59","date_gmt":"2025-06-16T08:47:59","guid":{"rendered":"https:\/\/takiguiados.com\/?page_id=508"},"modified":"2025-06-23T14:13:41","modified_gmt":"2025-06-23T14:13:41","slug":"ley-de-transacciones-comerciales-especificas","status":"publish","type":"page","link":"https:\/\/takiguiados.com\/en\/ley-de-transacciones-comerciales-especificas\/","title":{"rendered":"Act on Specified Commercial Transactions"},"content":{"rendered":"<div style=\"height:32px\" aria-hidden=\"true\" class=\"wp-block-spacer\"><\/div>\n\n\n\n<p>\u7279\u5b9a\u5546\u53d6\u5f15\u6cd5\u306b\u57fa\u3065\u304f\u8868\u8a18<br>(Informaci\u00f3n conforme a la Ley de Transacciones Comerciales Espec\u00edficas)<\/p>\n\n\n\n<p>\u6c0f\u540d\uff08Nombre completo\uff09\uff1a<br>Ken Takizawa<\/p>\n\n\n\n<p>\u904b\u55b6\u7d71\u62ec\u8cac\u4efb\u8005\uff08Persona responsable de la gesti\u00f3n\uff09\uff1a<br>Ken Takizawa<\/p>\n\n\n\n<p>\u6240\u5728\u5730\uff08Domicilio del negocio\uff09\uff1a<br>802, 3-44-3, Ryusen, Taito-ku, Tokyo 110-0012, Japan<\/p>\n\n\n\n<p>\u96fb\u8a71\u756a\u53f7\uff08Tel\u00e9fono de contacto\uff09\uff1a<br>+81 80-8162-9169<\/p>\n\n\n\n<p>\u30e1\u30fc\u30eb\u30a2\u30c9\u30ec\u30b9\uff08Correo electr\u00f3nico\uff09\uff1a<br>takiguiados@gmail.com<\/p>\n\n\n\n<p>\u4fa1\u683c\uff08Precios\uff09\uff1a<br>\u5404\u30b5\u30fc\u30d3\u30b9\u30da\u30fc\u30b8\u306b\u7a0e\u8fbc\u4fa1\u683c\u3067\u8868\u793a\u3055\u308c\u3066\u3044\u307e\u3059\u3002<br>\u2192 Los precios (incluidos impuestos) est\u00e1n indicados en cada p\u00e1gina de servicio.<\/p>\n\n\n\n<p>\u652f\u6255\u65b9\u6cd5\uff08Formas de pago\uff09\uff1a<br>\u30af\u30ec\u30b8\u30c3\u30c8\u30ab\u30fc\u30c9\u3001Stripe\u6c7a\u6e08\u3001\u4e88\u7d04\u6642\u306b\u8868\u793a\u3055\u308c\u308b\u305d\u306e\u4ed6\u306e\u6c7a\u6e08\u65b9\u6cd5\u306b\u5bfe\u5fdc\u3057\u3066\u3044\u307e\u3059\u3002<br>\u2192 Aceptamos tarjeta de cr\u00e9dito, Stripe y otros m\u00e9todos seg\u00fan el sistema de reservas.<\/p>\n\n\n\n<p>\u9001\u6599\uff08Gastos de env\u00edo\uff09\uff1a<br>\u30b5\u30fc\u30d3\u30b9\u63d0\u4f9b\u578b\u5546\u54c1\u306e\u305f\u3081\u9001\u6599\u306f\u767a\u751f\u3057\u307e\u305b\u3093\u3002<br>\u2192 No se aplican gastos de env\u00edo, ya que se trata de servicios presenciales.<\/p>\n\n\n\n<p>\u652f\u6255\u671f\u9650\uff08Plazo de pago\uff09\uff1a<br>\u4e88\u7d04\u6642\u306b\u5373\u6642\u6c7a\u6e08\u3055\u308c\u307e\u3059\u3002<br>\u2192 El pago se realiza de forma inmediata en el momento de la reserva.<\/p>\n\n\n\n<p>\u5f15\u6e21\u6642\u671f\uff08Plazo de entrega del servicio\uff09\uff1a<br>\u30b5\u30fc\u30d3\u30b9\u306f\u3001\u4e88\u7d04\u6642\u306b\u6307\u5b9a\u3055\u308c\u305f\u65e5\u6642\u306b\u63d0\u4f9b\u3055\u308c\u307e\u3059\u3002<br>\u2192 El servicio se presta en la fecha y hora elegidas al hacer la reserva.<\/p>\n\n\n\n<p>\u8fd4\u54c1\u30fb\u30ad\u30e3\u30f3\u30bb\u30eb\u306b\u3064\u3044\u3066\uff08Pol\u00edtica de cancelaci\u00f3n y devoluciones\uff09\uff1a<br>\u30fb\u65e5\u7a0b\u5909\u66f4\uff08\u7a7a\u304d\u304c\u3042\u308b\u5834\u5408\uff09\u307e\u305f\u306f\u30ad\u30e3\u30f3\u30bb\u30eb\u306b\u306f\u3001\u624b\u6570\u6599\u3068\u3057\u3066\u7dcf\u984d\u306e20\uff05\u304c\u304b\u304b\u308a\u307e\u3059\u3002<br>\u30fb\u958b\u59cb72\u6642\u9593\u524d\u3092\u904e\u304e\u305f\u30ad\u30e3\u30f3\u30bb\u30eb\u3084\u5909\u66f4\u306b\u306f\u3001\u7dcf\u984d\u306e50\uff05\u304c\u8acb\u6c42\u3055\u308c\u307e\u3059\u3002<br>\u30fb\u958b\u59cb24\u6642\u9593\u524d\u4ee5\u964d\u306e\u30ad\u30e3\u30f3\u30bb\u30eb\u3001\u307e\u305f\u306f\u7121\u65ad\u30ad\u30e3\u30f3\u30bb\u30eb\u306b\u306f\u3001\u7dcf\u984d\u306e100\uff05\u304c\u8acb\u6c42\u3055\u308c\u307e\u3059\u3002<br>\u2192 Cambios o cancelaciones conllevan penalizaciones:<br>20\u202f% si se hace con antelaci\u00f3n,<br>50\u202f% si faltan menos de 72\u202fh,<br>y 100\u202f% si faltan menos de 24\u202fh o no te presentas.<\/p>\n\n\n\n<p>\u305d\u306e\u4ed6\uff08Otros costes o condiciones especiales\uff09\uff1a<br>\u7279\u306b\u8a18\u8f09\u304c\u306a\u3044\u9650\u308a\u3001\u8ffd\u52a0\u6599\u91d1\u306f\u767a\u751f\u3057\u307e\u305b\u3093\u3002<br>\u2192 Salvo que se indique lo contrario, no hay cargos adicionales.<\/p>","protected":false},"excerpt":{"rendered":"<p>\u7279\u5b9a\u5546\u53d6\u5f15\u6cd5\u306b\u57fa\u3065\u304f\u8868\u8a18(Informaci\u00f3n conforme a la Ley de Transacciones Comerciales Espec\u00edficas) \u6c0f\u540d\uff08Nombre completo\uff09\uff1aKen Takizawa \u904b\u55b6\u7d71\u62ec\u8cac\u4efb\u8005\uff08Persona responsable de la gesti\u00f3n\uff09\uff1aKen Takizawa \u6240\u5728\u5730\uff08Domicilio del negocio\uff09\uff1a802, 3-44-3, Ryusen, Taito-ku, Tokyo 110-0012, Japan \u96fb\u8a71\u756a\u53f7\uff08Tel\u00e9fono de contacto\uff09\uff1a+81 80-8162-9169 \u30e1\u30fc\u30eb\u30a2\u30c9\u30ec\u30b9\uff08Correo electr\u00f3nico\uff09\uff1atakiguiados@gmail.com \u4fa1\u683c\uff08Precios\uff09\uff1a\u5404\u30b5\u30fc\u30d3\u30b9\u30da\u30fc\u30b8\u306b\u7a0e\u8fbc\u4fa1\u683c\u3067\u8868\u793a\u3055\u308c\u3066\u3044\u307e\u3059\u3002\u2192 Los precios (incluidos impuestos) est\u00e1n indicados en cada p\u00e1gina de servicio. \u652f\u6255\u65b9\u6cd5\uff08Formas de pago\uff09\uff1a\u30af\u30ec\u30b8\u30c3\u30c8\u30ab\u30fc\u30c9\u3001Stripe\u6c7a\u6e08\u3001\u4e88\u7d04\u6642\u306b\u8868\u793a\u3055\u308c\u308b\u305d\u306e\u4ed6\u306e\u6c7a\u6e08\u65b9\u6cd5\u306b\u5bfe\u5fdc\u3057\u3066\u3044\u307e\u3059\u3002\u2192 Aceptamos tarjeta de cr\u00e9dito, Stripe y otros [&#8230;]<\/p>\n<p><a class=\"btn btn-secondary understrap-read-more-link\" href=\"https:\/\/takiguiados.com\/en\/ley-de-transacciones-comerciales-especificas\/\">Read More&#8230;<span class=\"screen-reader-text\"> from Ley de Transacciones Comerciales Espec\u00edficas<\/span><\/a><\/p>\n","protected":false},"author":1,"featured_media":0,"parent":0,"menu_order":0,"comment_status":"closed","ping_status":"closed","template":"","meta":{"inline_featured_image":false,"footnotes":""},"class_list":["post-508","page","type-page","status-publish","hentry"],"acf":[],"yoast_head":"<!-- This site is optimized with the Yoast SEO plugin v27.5 - https:\/\/yoast.com\/product\/yoast-seo-wordpress\/ -->\n<title>Ley de Transacciones Comerciales Espec\u00edficas - Takiguiados<\/title>\n<meta name=\"robots\" content=\"index, follow, max-snippet:-1, max-image-preview:large, max-video-preview:-1\" \/>\n<link rel=\"canonical\" href=\"https:\/\/takiguiados.com\/en\/ley-de-transacciones-comerciales-especificas\/\" \/>\n<meta property=\"og:locale\" content=\"en_US\" \/>\n<meta property=\"og:type\" content=\"article\" \/>\n<meta property=\"og:title\" content=\"Ley de Transacciones Comerciales Espec\u00edficas - Takiguiados\" \/>\n<meta property=\"og:description\" content=\"\u7279\u5b9a\u5546\u53d6\u5f15\u6cd5\u306b\u57fa\u3065\u304f\u8868\u8a18(Informaci\u00f3n conforme a la Ley de Transacciones Comerciales Espec\u00edficas) \u6c0f\u540d\uff08Nombre completo\uff09\uff1aKen Takizawa \u904b\u55b6\u7d71\u62ec\u8cac\u4efb\u8005\uff08Persona responsable de la gesti\u00f3n\uff09\uff1aKen Takizawa \u6240\u5728\u5730\uff08Domicilio del negocio\uff09\uff1a802, 3-44-3, Ryusen, Taito-ku, Tokyo 110-0012, Japan \u96fb\u8a71\u756a\u53f7\uff08Tel\u00e9fono de contacto\uff09\uff1a+81 80-8162-9169 \u30e1\u30fc\u30eb\u30a2\u30c9\u30ec\u30b9\uff08Correo electr\u00f3nico\uff09\uff1atakiguiados@gmail.com \u4fa1\u683c\uff08Precios\uff09\uff1a\u5404\u30b5\u30fc\u30d3\u30b9\u30da\u30fc\u30b8\u306b\u7a0e\u8fbc\u4fa1\u683c\u3067\u8868\u793a\u3055\u308c\u3066\u3044\u307e\u3059\u3002\u2192 Los precios (incluidos impuestos) est\u00e1n indicados en cada p\u00e1gina de servicio. \u652f\u6255\u65b9\u6cd5\uff08Formas de pago\uff09\uff1a\u30af\u30ec\u30b8\u30c3\u30c8\u30ab\u30fc\u30c9\u3001Stripe\u6c7a\u6e08\u3001\u4e88\u7d04\u6642\u306b\u8868\u793a\u3055\u308c\u308b\u305d\u306e\u4ed6\u306e\u6c7a\u6e08\u65b9\u6cd5\u306b\u5bfe\u5fdc\u3057\u3066\u3044\u307e\u3059\u3002\u2192 Aceptamos tarjeta de cr\u00e9dito, Stripe y otros [...]Read More... from Ley de Transacciones Comerciales Espec\u00edficas\" \/>\n<meta property=\"og:url\" content=\"https:\/\/takiguiados.com\/en\/ley-de-transacciones-comerciales-especificas\/\" \/>\n<meta property=\"og:site_name\" content=\"Takiguiados\" \/>\n<meta property=\"article:modified_time\" content=\"2025-06-23T14:13:41+00:00\" \/>\n<meta name=\"twitter:card\" content=\"summary_large_image\" \/>\n<meta name=\"twitter:label1\" content=\"Est. reading time\" \/>\n\t<meta name=\"twitter:data1\" content=\"1 minute\" \/>\n<script type=\"application\/ld+json\" class=\"yoast-schema-graph\">{\"@context\":\"https:\\\/\\\/schema.org\",\"@graph\":[{\"@type\":\"WebPage\",\"@id\":\"https:\\\/\\\/takiguiados.com\\\/en\\\/ley-de-transacciones-comerciales-especificas\\\/\",\"url\":\"https:\\\/\\\/takiguiados.com\\\/en\\\/ley-de-transacciones-comerciales-especificas\\\/\",\"name\":\"Ley de Transacciones Comerciales Espec\u00edficas - Takiguiados\",\"isPartOf\":{\"@id\":\"https:\\\/\\\/takiguiados.com\\\/en\\\/#website\"},\"datePublished\":\"2025-06-16T08:47:59+00:00\",\"dateModified\":\"2025-06-23T14:13:41+00:00\",\"breadcrumb\":{\"@id\":\"https:\\\/\\\/takiguiados.com\\\/en\\\/ley-de-transacciones-comerciales-especificas\\\/#breadcrumb\"},\"inLanguage\":\"en-US\",\"potentialAction\":[{\"@type\":\"ReadAction\",\"target\":[\"https:\\\/\\\/takiguiados.com\\\/en\\\/ley-de-transacciones-comerciales-especificas\\\/\"]}]},{\"@type\":\"BreadcrumbList\",\"@id\":\"https:\\\/\\\/takiguiados.com\\\/en\\\/ley-de-transacciones-comerciales-especificas\\\/#breadcrumb\",\"itemListElement\":[{\"@type\":\"ListItem\",\"position\":1,\"name\":\"Portada\",\"item\":\"https:\\\/\\\/takiguiados.com\\\/en\\\/\"},{\"@type\":\"ListItem\",\"position\":2,\"name\":\"Ley de Transacciones Comerciales Espec\u00edficas\"}]},{\"@type\":\"WebSite\",\"@id\":\"https:\\\/\\\/takiguiados.com\\\/en\\\/#website\",\"url\":\"https:\\\/\\\/takiguiados.com\\\/en\\\/\",\"name\":\"Takiguiados\",\"description\":\"\",\"publisher\":{\"@id\":\"https:\\\/\\\/takiguiados.com\\\/en\\\/#organization\"},\"potentialAction\":[{\"@type\":\"SearchAction\",\"target\":{\"@type\":\"EntryPoint\",\"urlTemplate\":\"https:\\\/\\\/takiguiados.com\\\/en\\\/?s={search_term_string}\"},\"query-input\":{\"@type\":\"PropertyValueSpecification\",\"valueRequired\":true,\"valueName\":\"search_term_string\"}}],\"inLanguage\":\"en-US\"},{\"@type\":\"Organization\",\"@id\":\"https:\\\/\\\/takiguiados.com\\\/en\\\/#organization\",\"name\":\"Takiguiados\",\"url\":\"https:\\\/\\\/takiguiados.com\\\/en\\\/\",\"logo\":{\"@type\":\"ImageObject\",\"inLanguage\":\"en-US\",\"@id\":\"https:\\\/\\\/takiguiados.com\\\/en\\\/#\\\/schema\\\/logo\\\/image\\\/\",\"url\":\"https:\\\/\\\/takiguiados.com\\\/wp-content\\\/uploads\\\/logo.gif\",\"contentUrl\":\"https:\\\/\\\/takiguiados.com\\\/wp-content\\\/uploads\\\/logo.gif\",\"width\":100,\"height\":100,\"caption\":\"Takiguiados\"},\"image\":{\"@id\":\"https:\\\/\\\/takiguiados.com\\\/en\\\/#\\\/schema\\\/logo\\\/image\\\/\"}}]}<\/script>\n<!-- \/ Yoast SEO plugin. -->","yoast_head_json":{"title":"Ley de Transacciones Comerciales Espec\u00edficas - Takiguiados","robots":{"index":"index","follow":"follow","max-snippet":"max-snippet:-1","max-image-preview":"max-image-preview:large","max-video-preview":"max-video-preview:-1"},"canonical":"https:\/\/takiguiados.com\/en\/ley-de-transacciones-comerciales-especificas\/","og_locale":"en_US","og_type":"article","og_title":"Ley de Transacciones Comerciales Espec\u00edficas - Takiguiados","og_description":"\u7279\u5b9a\u5546\u53d6\u5f15\u6cd5\u306b\u57fa\u3065\u304f\u8868\u8a18(Informaci\u00f3n conforme a la Ley de Transacciones Comerciales Espec\u00edficas) \u6c0f\u540d\uff08Nombre completo\uff09\uff1aKen Takizawa \u904b\u55b6\u7d71\u62ec\u8cac\u4efb\u8005\uff08Persona responsable de la gesti\u00f3n\uff09\uff1aKen Takizawa \u6240\u5728\u5730\uff08Domicilio del negocio\uff09\uff1a802, 3-44-3, Ryusen, Taito-ku, Tokyo 110-0012, Japan \u96fb\u8a71\u756a\u53f7\uff08Tel\u00e9fono de contacto\uff09\uff1a+81 80-8162-9169 \u30e1\u30fc\u30eb\u30a2\u30c9\u30ec\u30b9\uff08Correo electr\u00f3nico\uff09\uff1atakiguiados@gmail.com \u4fa1\u683c\uff08Precios\uff09\uff1a\u5404\u30b5\u30fc\u30d3\u30b9\u30da\u30fc\u30b8\u306b\u7a0e\u8fbc\u4fa1\u683c\u3067\u8868\u793a\u3055\u308c\u3066\u3044\u307e\u3059\u3002\u2192 Los precios (incluidos impuestos) est\u00e1n indicados en cada p\u00e1gina de servicio. \u652f\u6255\u65b9\u6cd5\uff08Formas de pago\uff09\uff1a\u30af\u30ec\u30b8\u30c3\u30c8\u30ab\u30fc\u30c9\u3001Stripe\u6c7a\u6e08\u3001\u4e88\u7d04\u6642\u306b\u8868\u793a\u3055\u308c\u308b\u305d\u306e\u4ed6\u306e\u6c7a\u6e08\u65b9\u6cd5\u306b\u5bfe\u5fdc\u3057\u3066\u3044\u307e\u3059\u3002\u2192 Aceptamos tarjeta de cr\u00e9dito, Stripe y otros [...]Read More... from Ley de Transacciones Comerciales Espec\u00edficas","og_url":"https:\/\/takiguiados.com\/en\/ley-de-transacciones-comerciales-especificas\/","og_site_name":"Takiguiados","article_modified_time":"2025-06-23T14:13:41+00:00","twitter_card":"summary_large_image","twitter_misc":{"Est. reading time":"1 minute"},"schema":{"@context":"https:\/\/schema.org","@graph":[{"@type":"WebPage","@id":"https:\/\/takiguiados.com\/en\/ley-de-transacciones-comerciales-especificas\/","url":"https:\/\/takiguiados.com\/en\/ley-de-transacciones-comerciales-especificas\/","name":"Ley de Transacciones Comerciales Espec\u00edficas - Takiguiados","isPartOf":{"@id":"https:\/\/takiguiados.com\/en\/#website"},"datePublished":"2025-06-16T08:47:59+00:00","dateModified":"2025-06-23T14:13:41+00:00","breadcrumb":{"@id":"https:\/\/takiguiados.com\/en\/ley-de-transacciones-comerciales-especificas\/#breadcrumb"},"inLanguage":"en-US","potentialAction":[{"@type":"ReadAction","target":["https:\/\/takiguiados.com\/en\/ley-de-transacciones-comerciales-especificas\/"]}]},{"@type":"BreadcrumbList","@id":"https:\/\/takiguiados.com\/en\/ley-de-transacciones-comerciales-especificas\/#breadcrumb","itemListElement":[{"@type":"ListItem","position":1,"name":"Portada","item":"https:\/\/takiguiados.com\/en\/"},{"@type":"ListItem","position":2,"name":"Ley de Transacciones Comerciales Espec\u00edficas"}]},{"@type":"WebSite","@id":"https:\/\/takiguiados.com\/en\/#website","url":"https:\/\/takiguiados.com\/en\/","name":"Takiguiados","description":"","publisher":{"@id":"https:\/\/takiguiados.com\/en\/#organization"},"potentialAction":[{"@type":"SearchAction","target":{"@type":"EntryPoint","urlTemplate":"https:\/\/takiguiados.com\/en\/?s={search_term_string}"},"query-input":{"@type":"PropertyValueSpecification","valueRequired":true,"valueName":"search_term_string"}}],"inLanguage":"en-US"},{"@type":"Organization","@id":"https:\/\/takiguiados.com\/en\/#organization","name":"Takiguiados","url":"https:\/\/takiguiados.com\/en\/","logo":{"@type":"ImageObject","inLanguage":"en-US","@id":"https:\/\/takiguiados.com\/en\/#\/schema\/logo\/image\/","url":"https:\/\/takiguiados.com\/wp-content\/uploads\/logo.gif","contentUrl":"https:\/\/takiguiados.com\/wp-content\/uploads\/logo.gif","width":100,"height":100,"caption":"Takiguiados"},"image":{"@id":"https:\/\/takiguiados.com\/en\/#\/schema\/logo\/image\/"}}]}},"_links":{"self":[{"href":"https:\/\/takiguiados.com\/en\/wp-json\/wp\/v2\/pages\/508","targetHints":{"allow":["GET"]}}],"collection":[{"href":"https:\/\/takiguiados.com\/en\/wp-json\/wp\/v2\/pages"}],"about":[{"href":"https:\/\/takiguiados.com\/en\/wp-json\/wp\/v2\/types\/page"}],"author":[{"embeddable":true,"href":"https:\/\/takiguiados.com\/en\/wp-json\/wp\/v2\/users\/1"}],"replies":[{"embeddable":true,"href":"https:\/\/takiguiados.com\/en\/wp-json\/wp\/v2\/comments?post=508"}],"version-history":[{"count":5,"href":"https:\/\/takiguiados.com\/en\/wp-json\/wp\/v2\/pages\/508\/revisions"}],"predecessor-version":[{"id":517,"href":"https:\/\/takiguiados.com\/en\/wp-json\/wp\/v2\/pages\/508\/revisions\/517"}],"wp:attachment":[{"href":"https:\/\/takiguiados.com\/en\/wp-json\/wp\/v2\/media?parent=508"}],"curies":[{"name":"wp","href":"https:\/\/api.w.org\/{rel}","templated":true}]}}