{"id":471,"date":"2025-05-27T14:00:13","date_gmt":"2025-05-27T14:00:13","guid":{"rendered":"https:\/\/takiguiados.com\/?page_id=471"},"modified":"2025-06-05T14:14:27","modified_gmt":"2025-06-05T14:14:27","slug":"politica-de-privacidad","status":"publish","type":"page","link":"https:\/\/takiguiados.com\/en\/politica-de-privacidad\/","title":{"rendered":"Privacy Policy"},"content":{"rendered":"<p><\/p>\n\n\n\n<h3 class=\"wp-block-heading\"><strong>Qui\u00e9nes somos<\/strong><\/h3>\n\n\n\n<p>La direcci\u00f3n de nuestra web es: <a href=\"https:\/\/takiguiados.com\/en\/\">https:\/\/www.takiguiados.com<\/a><\/p>\n\n\n\n<p>Takiguiados es una empresa de guiados tur\u00edsticos con base en Tokio, Jap\u00f3n. Actualmente operamos bajo la responsabilidad de Ken Takizawa como aut\u00f3nomo (<em>kojin jigy\u014d-nushi<\/em>).<\/p>\n\n\n\n<h3 class=\"wp-block-heading\"><strong>Qu\u00e9 datos personales recogemos y por qu\u00e9 los recogemos<\/strong><\/h3>\n\n\n\n<h4 class=\"wp-block-heading\"><strong>Comentarios<\/strong><\/h4>\n\n\n\n<p>Cuando los visitantes dejan comentarios en la web, recopilamos los datos que se muestran en el formulario de comentarios, as\u00ed como la direcci\u00f3n IP del visitante y el agente de usuario del navegador para ayudar a la detecci\u00f3n de spam.<\/p>\n\n\n\n<p>Una cadena an\u00f3nima (hash) creada a partir de tu direcci\u00f3n de correo electr\u00f3nico puede proporcionarse al servicio Gravatar para ver si lo est\u00e1s utilizando. La pol\u00edtica de privacidad de Gravatar est\u00e1 disponible aqu\u00ed: <a href=\"https:\/\/automattic.com\/privacy\">https:\/\/automattic.com\/privacy<\/a>. Tras la aprobaci\u00f3n de tu comentario, la imagen de tu perfil ser\u00e1 visible al p\u00fablico junto con el mismo.<\/p>\n\n\n\n<h4 class=\"wp-block-heading\"><strong>Medios<\/strong><\/h4>\n\n\n\n<p>Si subes im\u00e1genes a la web, deber\u00edas evitar subir im\u00e1genes con datos de ubicaci\u00f3n (EXIF GPS). Otros visitantes podr\u00edan descargar y extraer esta informaci\u00f3n.<\/p>\n\n\n\n<h4 class=\"wp-block-heading\"><strong>Formularios de contacto<\/strong><\/h4>\n\n\n\n<p>Cuando nos contactas a trav\u00e9s del formulario, recopilamos tu nombre, direcci\u00f3n de correo electr\u00f3nico y cualquier otro dato que nos proporciones. Utilizamos esta informaci\u00f3n exclusivamente para responder a tu consulta.<\/p>\n\n\n\n<h4 class=\"wp-block-heading\"><strong>Cookies<\/strong><\/h4>\n\n\n\n<p>Si dejas un comentario en nuestra web, puedes optar por guardar tu nombre, correo electr\u00f3nico y sitio web en cookies. Estas son para tu comodidad y durar\u00e1n un a\u00f1o.<\/p>\n\n\n\n<p>Si tienes una cuenta y accedes al sitio, se instalar\u00e1 una cookie temporal para comprobar si tu navegador acepta cookies. Esta no contiene datos personales y se elimina al cerrar el navegador.<\/p>\n\n\n\n<p>Al iniciar sesi\u00f3n, tambi\u00e9n se configuran varias cookies para guardar tu informaci\u00f3n de acceso y preferencias de pantalla. Las cookies de acceso duran dos d\u00edas, las de pantalla un a\u00f1o. Si seleccionas \u00abRecordarme\u00bb, tu sesi\u00f3n se mantendr\u00e1 durante dos semanas. Al cerrar sesi\u00f3n, estas cookies se eliminar\u00e1n.<\/p>\n\n\n\n<p>Al editar o publicar un art\u00edculo, se guardar\u00e1 una cookie adicional, sin datos personales, que indica el ID del art\u00edculo. Caduca en un d\u00eda.<\/p>\n\n\n\n<h4 class=\"wp-block-heading\"><strong>Contenido incrustado de otros sitios<\/strong><\/h4>\n\n\n\n<p>Los art\u00edculos en este sitio pueden incluir contenido incrustado (por ejemplo, v\u00eddeos, im\u00e1genes, art\u00edculos, etc.). Este contenido se comporta como si el visitante hubiera accedido directamente a esos sitios, que podr\u00edan recopilar datos, usar cookies, y hacer seguimiento de tu interacci\u00f3n, incluso si tienes una cuenta con ellos.<\/p>\n\n\n\n<h4 class=\"wp-block-heading\"><strong>Anal\u00edtica<\/strong><\/h4>\n\n\n\n<p>Podemos usar herramientas de anal\u00edtica web que recopilan informaci\u00f3n an\u00f3nima sobre el comportamiento de los usuarios para mejorar nuestros servicios.<\/p>\n\n\n\n<h3 class=\"wp-block-heading\"><strong>Con qui\u00e9n compartimos tus datos<\/strong><\/h3>\n\n\n\n<p>No compartimos tus datos personales con terceros, salvo que sea necesario para responder a tus solicitudes, cumplir obligaciones legales o si utilizamos servicios externos (como sistemas antispam o proveedores de anal\u00edtica).<\/p>\n\n\n\n<h3 class=\"wp-block-heading\"><strong>Cu\u00e1nto tiempo conservamos tus datos<\/strong><\/h3>\n\n\n\n<p>Si dejas un comentario, este y sus metadatos se conservan indefinidamente para poder reconocer y aprobar comentarios posteriores autom\u00e1ticamente.<\/p>\n\n\n\n<p>Los usuarios que se registren en nuestra web (si fuera habilitado) podr\u00e1n ver, editar o eliminar su informaci\u00f3n personal. Los administradores de la web tambi\u00e9n pueden hacerlo.<\/p>\n\n\n\n<h3 class=\"wp-block-heading\"><strong>Qu\u00e9 derechos tienes sobre tus datos<\/strong><\/h3>\n\n\n\n<p>Si tienes una cuenta o has dejado comentarios, puedes solicitar un archivo con los datos personales que tenemos sobre ti. Tambi\u00e9n puedes pedir que eliminemos cualquier dato personal que tengamos, excepto aquellos que debemos conservar por motivos legales o administrativos.<\/p>\n\n\n\n<h3 class=\"wp-block-heading\"><strong>D\u00f3nde enviamos tus datos<\/strong><\/h3>\n\n\n\n<p>Los comentarios de los visitantes pueden ser revisados por un servicio autom\u00e1tico de detecci\u00f3n de spam.<\/p>\n\n\n\n<h3 class=\"wp-block-heading\"><strong>Tu informaci\u00f3n de contacto<\/strong><\/h3>\n\n\n\n<p>Si tienes preguntas sobre nuestra pol\u00edtica de privacidad o deseas ejercer tus derechos, puedes escribirnos a:<br><img loading=\"lazy\" decoding=\"async\" alt=\"\ud83d\udce7\" src=\"https:\/\/lh7-rt.googleusercontent.com\/docsz\/AD_4nXcT05F8C7K7by1MDWiEG7hUWf0Y_z9Zythq3XyoFiOlKkeN0FoIB9mq2PPMY-pTQM8TwBNvImxB-qH33S8LkPRlye_B9xjeZ6ROiUFnLExivBjr7n84Y7QvU2_jpe1pkcwhWE_2xw?key=cH4SwuyOKB25x0urWAFvsA\" width=\"17\" height=\"17\"> <strong>takiguiados@gmail.com<\/strong><\/p>\n\n\n\n<h3 class=\"wp-block-heading\"><strong>Informaci\u00f3n adicional<\/strong><\/h3>\n\n\n\n<h4 class=\"wp-block-heading\"><strong>C\u00f3mo protegemos tus datos<\/strong><\/h4>\n\n\n\n<p>Aplicamos medidas t\u00e9cnicas y organizativas para proteger tu informaci\u00f3n personal, incluyendo cifrado, control de acceso y uso de sistemas seguros.<\/p>\n\n\n\n<h4 class=\"wp-block-heading\"><strong>Qu\u00e9 procedimientos utilizamos contra brechas de datos<\/strong><\/h4>\n\n\n\n<p>En caso de una violaci\u00f3n de seguridad que afecte datos personales, notificaremos a los usuarios afectados y a las autoridades correspondientes seg\u00fan lo exijan las leyes japonesas y europeas (si corresponde).<\/p>\n\n\n\n<h4 class=\"wp-block-heading\"><strong>De qu\u00e9 terceros recibimos datos<\/strong><\/h4>\n\n\n\n<p>Actualmente no recibimos datos personales de terceros.<\/p>\n\n\n\n<h4 class=\"wp-block-heading\"><strong>Qu\u00e9 decisiones automatizadas y\/o perfilado realizamos<\/strong><\/h4>\n\n\n\n<p>No realizamos decisiones automatizadas ni perfilado con los datos que recopilamos.<\/p>\n\n\n\n<h4 class=\"wp-block-heading\"><strong>Requerimientos regulatorios de revelaci\u00f3n de informaci\u00f3n del sector<\/strong><\/h4>\n\n\n\n<p>Cumplimos con todas las regulaciones japonesas.<\/p>\n\n\n\n<p><\/p>\n\n\n\n<h2 class=\"wp-block-heading\">Cancellation Policy<\/h2>\n\n\n\n<p>La cancelaci\u00f3n de la actividad o cambio de fecha (siempre que haya disponibilidad), supondr\u00e1 el 20% del total del importe en concepto de gastos de gesti\u00f3n.<\/p>\n\n\n\n<p>La cancelaci\u00f3n de la actividad o cambio de fecha (siempre que haya disponibilidad), realizadas con menos de 72 horas antes del inicio de la actividad, se penalizar\u00e1n con un 50% del total del importe.<\/p>\n\n\n\n<p>La cancelaci\u00f3n de la actividad o solicitud de cambio de fecha, realizadas con menos de 24 horas, o la no presentaci\u00f3n a la actividad, con llevar\u00e1n un cargo del 100% del importe total<\/p>","protected":false},"excerpt":{"rendered":"<p>Qui\u00e9nes somos La direcci\u00f3n de nuestra web es: https:\/\/www.takiguiados.com Takiguiados es una empresa de guiados tur\u00edsticos con base en Tokio, Jap\u00f3n. Actualmente operamos bajo la responsabilidad de Ken Takizawa como aut\u00f3nomo (kojin jigy\u014d-nushi). Qu\u00e9 datos personales recogemos y por qu\u00e9 los recogemos Comentarios Cuando los visitantes dejan comentarios en la web, recopilamos los datos que [&#8230;]<\/p>\n<p><a class=\"btn btn-secondary understrap-read-more-link\" href=\"https:\/\/takiguiados.com\/en\/politica-de-privacidad\/\">Read More&#8230;<span class=\"screen-reader-text\"> from Pol\u00edtica de privacidad<\/span><\/a><\/p>\n","protected":false},"author":1,"featured_media":0,"parent":0,"menu_order":0,"comment_status":"closed","ping_status":"closed","template":"page-templates\/fullwidthpage.php","meta":{"inline_featured_image":false,"footnotes":""},"class_list":["post-471","page","type-page","status-publish","hentry"],"acf":[],"yoast_head":"<!-- This site is optimized with the Yoast SEO plugin v27.5 - https:\/\/yoast.com\/product\/yoast-seo-wordpress\/ -->\n<title>Pol\u00edtica de privacidad - Takiguiados<\/title>\n<meta name=\"robots\" content=\"index, follow, max-snippet:-1, max-image-preview:large, max-video-preview:-1\" \/>\n<link rel=\"canonical\" href=\"https:\/\/takiguiados.com\/en\/politica-de-privacidad\/\" \/>\n<meta property=\"og:locale\" content=\"en_US\" \/>\n<meta property=\"og:type\" content=\"article\" \/>\n<meta property=\"og:title\" content=\"Pol\u00edtica de privacidad - Takiguiados\" \/>\n<meta property=\"og:description\" content=\"Qui\u00e9nes somos La direcci\u00f3n de nuestra web es: https:\/\/www.takiguiados.com Takiguiados es una empresa de guiados tur\u00edsticos con base en Tokio, Jap\u00f3n. Actualmente operamos bajo la responsabilidad de Ken Takizawa como aut\u00f3nomo (kojin jigy\u014d-nushi). Qu\u00e9 datos personales recogemos y por qu\u00e9 los recogemos Comentarios Cuando los visitantes dejan comentarios en la web, recopilamos los datos que [...]Read More... from Pol\u00edtica de privacidad\" \/>\n<meta property=\"og:url\" content=\"https:\/\/takiguiados.com\/en\/politica-de-privacidad\/\" \/>\n<meta property=\"og:site_name\" content=\"Takiguiados\" \/>\n<meta property=\"article:modified_time\" content=\"2025-06-05T14:14:27+00:00\" \/>\n<meta property=\"og:image\" content=\"https:\/\/lh7-rt.googleusercontent.com\/docsz\/AD_4nXcT05F8C7K7by1MDWiEG7hUWf0Y_z9Zythq3XyoFiOlKkeN0FoIB9mq2PPMY-pTQM8TwBNvImxB-qH33S8LkPRlye_B9xjeZ6ROiUFnLExivBjr7n84Y7QvU2_jpe1pkcwhWE_2xw?key=cH4SwuyOKB25x0urWAFvsA\" \/>\n<meta name=\"twitter:card\" content=\"summary_large_image\" \/>\n<meta name=\"twitter:label1\" content=\"Est. reading time\" \/>\n\t<meta name=\"twitter:data1\" content=\"4 minutes\" \/>\n<script type=\"application\/ld+json\" class=\"yoast-schema-graph\">{\"@context\":\"https:\\\/\\\/schema.org\",\"@graph\":[{\"@type\":\"WebPage\",\"@id\":\"https:\\\/\\\/takiguiados.com\\\/en\\\/politica-de-privacidad\\\/\",\"url\":\"https:\\\/\\\/takiguiados.com\\\/en\\\/politica-de-privacidad\\\/\",\"name\":\"Pol\u00edtica de privacidad - Takiguiados\",\"isPartOf\":{\"@id\":\"https:\\\/\\\/takiguiados.com\\\/en\\\/#website\"},\"primaryImageOfPage\":{\"@id\":\"https:\\\/\\\/takiguiados.com\\\/en\\\/politica-de-privacidad\\\/#primaryimage\"},\"image\":{\"@id\":\"https:\\\/\\\/takiguiados.com\\\/en\\\/politica-de-privacidad\\\/#primaryimage\"},\"thumbnailUrl\":\"https:\\\/\\\/lh7-rt.googleusercontent.com\\\/docsz\\\/AD_4nXcT05F8C7K7by1MDWiEG7hUWf0Y_z9Zythq3XyoFiOlKkeN0FoIB9mq2PPMY-pTQM8TwBNvImxB-qH33S8LkPRlye_B9xjeZ6ROiUFnLExivBjr7n84Y7QvU2_jpe1pkcwhWE_2xw?key=cH4SwuyOKB25x0urWAFvsA\",\"datePublished\":\"2025-05-27T14:00:13+00:00\",\"dateModified\":\"2025-06-05T14:14:27+00:00\",\"breadcrumb\":{\"@id\":\"https:\\\/\\\/takiguiados.com\\\/en\\\/politica-de-privacidad\\\/#breadcrumb\"},\"inLanguage\":\"en-US\",\"potentialAction\":[{\"@type\":\"ReadAction\",\"target\":[\"https:\\\/\\\/takiguiados.com\\\/en\\\/politica-de-privacidad\\\/\"]}]},{\"@type\":\"ImageObject\",\"inLanguage\":\"en-US\",\"@id\":\"https:\\\/\\\/takiguiados.com\\\/en\\\/politica-de-privacidad\\\/#primaryimage\",\"url\":\"https:\\\/\\\/lh7-rt.googleusercontent.com\\\/docsz\\\/AD_4nXcT05F8C7K7by1MDWiEG7hUWf0Y_z9Zythq3XyoFiOlKkeN0FoIB9mq2PPMY-pTQM8TwBNvImxB-qH33S8LkPRlye_B9xjeZ6ROiUFnLExivBjr7n84Y7QvU2_jpe1pkcwhWE_2xw?key=cH4SwuyOKB25x0urWAFvsA\",\"contentUrl\":\"https:\\\/\\\/lh7-rt.googleusercontent.com\\\/docsz\\\/AD_4nXcT05F8C7K7by1MDWiEG7hUWf0Y_z9Zythq3XyoFiOlKkeN0FoIB9mq2PPMY-pTQM8TwBNvImxB-qH33S8LkPRlye_B9xjeZ6ROiUFnLExivBjr7n84Y7QvU2_jpe1pkcwhWE_2xw?key=cH4SwuyOKB25x0urWAFvsA\"},{\"@type\":\"BreadcrumbList\",\"@id\":\"https:\\\/\\\/takiguiados.com\\\/en\\\/politica-de-privacidad\\\/#breadcrumb\",\"itemListElement\":[{\"@type\":\"ListItem\",\"position\":1,\"name\":\"Portada\",\"item\":\"https:\\\/\\\/takiguiados.com\\\/en\\\/\"},{\"@type\":\"ListItem\",\"position\":2,\"name\":\"Pol\u00edtica de privacidad\"}]},{\"@type\":\"WebSite\",\"@id\":\"https:\\\/\\\/takiguiados.com\\\/en\\\/#website\",\"url\":\"https:\\\/\\\/takiguiados.com\\\/en\\\/\",\"name\":\"Takiguiados\",\"description\":\"\",\"publisher\":{\"@id\":\"https:\\\/\\\/takiguiados.com\\\/en\\\/#organization\"},\"potentialAction\":[{\"@type\":\"SearchAction\",\"target\":{\"@type\":\"EntryPoint\",\"urlTemplate\":\"https:\\\/\\\/takiguiados.com\\\/en\\\/?s={search_term_string}\"},\"query-input\":{\"@type\":\"PropertyValueSpecification\",\"valueRequired\":true,\"valueName\":\"search_term_string\"}}],\"inLanguage\":\"en-US\"},{\"@type\":\"Organization\",\"@id\":\"https:\\\/\\\/takiguiados.com\\\/en\\\/#organization\",\"name\":\"Takiguiados\",\"url\":\"https:\\\/\\\/takiguiados.com\\\/en\\\/\",\"logo\":{\"@type\":\"ImageObject\",\"inLanguage\":\"en-US\",\"@id\":\"https:\\\/\\\/takiguiados.com\\\/en\\\/#\\\/schema\\\/logo\\\/image\\\/\",\"url\":\"https:\\\/\\\/takiguiados.com\\\/wp-content\\\/uploads\\\/logo.gif\",\"contentUrl\":\"https:\\\/\\\/takiguiados.com\\\/wp-content\\\/uploads\\\/logo.gif\",\"width\":100,\"height\":100,\"caption\":\"Takiguiados\"},\"image\":{\"@id\":\"https:\\\/\\\/takiguiados.com\\\/en\\\/#\\\/schema\\\/logo\\\/image\\\/\"}}]}<\/script>\n<!-- \/ Yoast SEO plugin. -->","yoast_head_json":{"title":"Pol\u00edtica de privacidad - Takiguiados","robots":{"index":"index","follow":"follow","max-snippet":"max-snippet:-1","max-image-preview":"max-image-preview:large","max-video-preview":"max-video-preview:-1"},"canonical":"https:\/\/takiguiados.com\/en\/politica-de-privacidad\/","og_locale":"en_US","og_type":"article","og_title":"Pol\u00edtica de privacidad - Takiguiados","og_description":"Qui\u00e9nes somos La direcci\u00f3n de nuestra web es: https:\/\/www.takiguiados.com Takiguiados es una empresa de guiados tur\u00edsticos con base en Tokio, Jap\u00f3n. Actualmente operamos bajo la responsabilidad de Ken Takizawa como aut\u00f3nomo (kojin jigy\u014d-nushi). Qu\u00e9 datos personales recogemos y por qu\u00e9 los recogemos Comentarios Cuando los visitantes dejan comentarios en la web, recopilamos los datos que [...]Read More... from Pol\u00edtica de privacidad","og_url":"https:\/\/takiguiados.com\/en\/politica-de-privacidad\/","og_site_name":"Takiguiados","article_modified_time":"2025-06-05T14:14:27+00:00","og_image":[{"url":"https:\/\/lh7-rt.googleusercontent.com\/docsz\/AD_4nXcT05F8C7K7by1MDWiEG7hUWf0Y_z9Zythq3XyoFiOlKkeN0FoIB9mq2PPMY-pTQM8TwBNvImxB-qH33S8LkPRlye_B9xjeZ6ROiUFnLExivBjr7n84Y7QvU2_jpe1pkcwhWE_2xw?key=cH4SwuyOKB25x0urWAFvsA","type":"","width":"","height":""}],"twitter_card":"summary_large_image","twitter_misc":{"Est. reading time":"4 minutes"},"schema":{"@context":"https:\/\/schema.org","@graph":[{"@type":"WebPage","@id":"https:\/\/takiguiados.com\/en\/politica-de-privacidad\/","url":"https:\/\/takiguiados.com\/en\/politica-de-privacidad\/","name":"Pol\u00edtica de privacidad - Takiguiados","isPartOf":{"@id":"https:\/\/takiguiados.com\/en\/#website"},"primaryImageOfPage":{"@id":"https:\/\/takiguiados.com\/en\/politica-de-privacidad\/#primaryimage"},"image":{"@id":"https:\/\/takiguiados.com\/en\/politica-de-privacidad\/#primaryimage"},"thumbnailUrl":"https:\/\/lh7-rt.googleusercontent.com\/docsz\/AD_4nXcT05F8C7K7by1MDWiEG7hUWf0Y_z9Zythq3XyoFiOlKkeN0FoIB9mq2PPMY-pTQM8TwBNvImxB-qH33S8LkPRlye_B9xjeZ6ROiUFnLExivBjr7n84Y7QvU2_jpe1pkcwhWE_2xw?key=cH4SwuyOKB25x0urWAFvsA","datePublished":"2025-05-27T14:00:13+00:00","dateModified":"2025-06-05T14:14:27+00:00","breadcrumb":{"@id":"https:\/\/takiguiados.com\/en\/politica-de-privacidad\/#breadcrumb"},"inLanguage":"en-US","potentialAction":[{"@type":"ReadAction","target":["https:\/\/takiguiados.com\/en\/politica-de-privacidad\/"]}]},{"@type":"ImageObject","inLanguage":"en-US","@id":"https:\/\/takiguiados.com\/en\/politica-de-privacidad\/#primaryimage","url":"https:\/\/lh7-rt.googleusercontent.com\/docsz\/AD_4nXcT05F8C7K7by1MDWiEG7hUWf0Y_z9Zythq3XyoFiOlKkeN0FoIB9mq2PPMY-pTQM8TwBNvImxB-qH33S8LkPRlye_B9xjeZ6ROiUFnLExivBjr7n84Y7QvU2_jpe1pkcwhWE_2xw?key=cH4SwuyOKB25x0urWAFvsA","contentUrl":"https:\/\/lh7-rt.googleusercontent.com\/docsz\/AD_4nXcT05F8C7K7by1MDWiEG7hUWf0Y_z9Zythq3XyoFiOlKkeN0FoIB9mq2PPMY-pTQM8TwBNvImxB-qH33S8LkPRlye_B9xjeZ6ROiUFnLExivBjr7n84Y7QvU2_jpe1pkcwhWE_2xw?key=cH4SwuyOKB25x0urWAFvsA"},{"@type":"BreadcrumbList","@id":"https:\/\/takiguiados.com\/en\/politica-de-privacidad\/#breadcrumb","itemListElement":[{"@type":"ListItem","position":1,"name":"Portada","item":"https:\/\/takiguiados.com\/en\/"},{"@type":"ListItem","position":2,"name":"Pol\u00edtica de privacidad"}]},{"@type":"WebSite","@id":"https:\/\/takiguiados.com\/en\/#website","url":"https:\/\/takiguiados.com\/en\/","name":"Takiguiados","description":"","publisher":{"@id":"https:\/\/takiguiados.com\/en\/#organization"},"potentialAction":[{"@type":"SearchAction","target":{"@type":"EntryPoint","urlTemplate":"https:\/\/takiguiados.com\/en\/?s={search_term_string}"},"query-input":{"@type":"PropertyValueSpecification","valueRequired":true,"valueName":"search_term_string"}}],"inLanguage":"en-US"},{"@type":"Organization","@id":"https:\/\/takiguiados.com\/en\/#organization","name":"Takiguiados","url":"https:\/\/takiguiados.com\/en\/","logo":{"@type":"ImageObject","inLanguage":"en-US","@id":"https:\/\/takiguiados.com\/en\/#\/schema\/logo\/image\/","url":"https:\/\/takiguiados.com\/wp-content\/uploads\/logo.gif","contentUrl":"https:\/\/takiguiados.com\/wp-content\/uploads\/logo.gif","width":100,"height":100,"caption":"Takiguiados"},"image":{"@id":"https:\/\/takiguiados.com\/en\/#\/schema\/logo\/image\/"}}]}},"_links":{"self":[{"href":"https:\/\/takiguiados.com\/en\/wp-json\/wp\/v2\/pages\/471","targetHints":{"allow":["GET"]}}],"collection":[{"href":"https:\/\/takiguiados.com\/en\/wp-json\/wp\/v2\/pages"}],"about":[{"href":"https:\/\/takiguiados.com\/en\/wp-json\/wp\/v2\/types\/page"}],"author":[{"embeddable":true,"href":"https:\/\/takiguiados.com\/en\/wp-json\/wp\/v2\/users\/1"}],"replies":[{"embeddable":true,"href":"https:\/\/takiguiados.com\/en\/wp-json\/wp\/v2\/comments?post=471"}],"version-history":[{"count":3,"href":"https:\/\/takiguiados.com\/en\/wp-json\/wp\/v2\/pages\/471\/revisions"}],"predecessor-version":[{"id":506,"href":"https:\/\/takiguiados.com\/en\/wp-json\/wp\/v2\/pages\/471\/revisions\/506"}],"wp:attachment":[{"href":"https:\/\/takiguiados.com\/en\/wp-json\/wp\/v2\/media?parent=471"}],"curies":[{"name":"wp","href":"https:\/\/api.w.org\/{rel}","templated":true}]}}