{"id":136,"date":"2025-03-06T12:04:55","date_gmt":"2025-03-06T12:04:55","guid":{"rendered":"http:\/\/takiguiados.local\/?page_id=136"},"modified":"2025-06-03T16:43:51","modified_gmt":"2025-06-03T16:43:51","slug":"reembolso_devoluciones","status":"publish","type":"page","link":"https:\/\/takiguiados.com\/en\/reembolso_devoluciones\/","title":{"rendered":"Cancellation Policy"},"content":{"rendered":"<div style=\"height:14px\" aria-hidden=\"true\" class=\"wp-block-spacer\"><\/div>\n\n\n\n<p>La cancelaci\u00f3n de la actividad o cambio de fecha (siempre que haya disponibilidad), supondr\u00e1 el 20% del total del importe en concepto de gastos de gesti\u00f3n.<\/p>\n\n\n\n<p>La cancelaci\u00f3n de la actividad o cambio de fecha (siempre que haya disponibilidad), realizadas con menos de 72 horas antes del inicio de la actividad, se penalizar\u00e1n con un 50% del total del importe.<\/p>\n\n\n\n<p>La cancelaci\u00f3n de la actividad o solicitud de cambio de fecha, realizadas con menos de 24 horas, o la no presentaci\u00f3n a la actividad, con llevar\u00e1n un cargo del 100% del importe total<\/p>","protected":false},"excerpt":{"rendered":"<p>La cancelaci\u00f3n de la actividad o cambio de fecha (siempre que haya disponibilidad), supondr\u00e1 el 20% del total del importe en concepto de gastos de gesti\u00f3n. La cancelaci\u00f3n de la actividad o cambio de fecha (siempre que haya disponibilidad), realizadas con menos de 72 horas antes del inicio de la actividad, se penalizar\u00e1n con un [&#8230;]<\/p>\n<p><a class=\"btn btn-secondary understrap-read-more-link\" href=\"https:\/\/takiguiados.com\/en\/reembolso_devoluciones\/\">Read More&#8230;<span class=\"screen-reader-text\"> from Pol\u00edtica de cancelaciones<\/span><\/a><\/p>\n","protected":false},"author":1,"featured_media":0,"parent":0,"menu_order":0,"comment_status":"closed","ping_status":"closed","template":"","meta":{"inline_featured_image":false,"footnotes":""},"class_list":["post-136","page","type-page","status-publish","hentry"],"acf":[],"yoast_head":"<!-- This site is optimized with the Yoast SEO plugin v27.5 - https:\/\/yoast.com\/product\/yoast-seo-wordpress\/ -->\n<title>Pol\u00edtica de cancelaciones - Takiguiados<\/title>\n<meta name=\"robots\" content=\"index, follow, max-snippet:-1, max-image-preview:large, max-video-preview:-1\" \/>\n<link rel=\"canonical\" href=\"https:\/\/takiguiados.com\/en\/reembolso_devoluciones\/\" \/>\n<meta property=\"og:locale\" content=\"en_US\" \/>\n<meta property=\"og:type\" content=\"article\" \/>\n<meta property=\"og:title\" content=\"Pol\u00edtica de cancelaciones - Takiguiados\" \/>\n<meta property=\"og:description\" content=\"La cancelaci\u00f3n de la actividad o cambio de fecha (siempre que haya disponibilidad), supondr\u00e1 el 20% del total del importe en concepto de gastos de gesti\u00f3n. La cancelaci\u00f3n de la actividad o cambio de fecha (siempre que haya disponibilidad), realizadas con menos de 72 horas antes del inicio de la actividad, se penalizar\u00e1n con un [...]Read More... from Pol\u00edtica de cancelaciones\" \/>\n<meta property=\"og:url\" content=\"https:\/\/takiguiados.com\/en\/reembolso_devoluciones\/\" \/>\n<meta property=\"og:site_name\" content=\"Takiguiados\" \/>\n<meta property=\"article:modified_time\" content=\"2025-06-03T16:43:51+00:00\" \/>\n<meta name=\"twitter:card\" content=\"summary_large_image\" \/>\n<meta name=\"twitter:label1\" content=\"Est. reading time\" \/>\n\t<meta name=\"twitter:data1\" content=\"1 minute\" \/>\n<script type=\"application\/ld+json\" class=\"yoast-schema-graph\">{\"@context\":\"https:\\\/\\\/schema.org\",\"@graph\":[{\"@type\":\"WebPage\",\"@id\":\"https:\\\/\\\/takiguiados.com\\\/en\\\/reembolso_devoluciones\\\/\",\"url\":\"https:\\\/\\\/takiguiados.com\\\/en\\\/reembolso_devoluciones\\\/\",\"name\":\"Pol\u00edtica de cancelaciones - Takiguiados\",\"isPartOf\":{\"@id\":\"https:\\\/\\\/takiguiados.com\\\/en\\\/#website\"},\"datePublished\":\"2025-03-06T12:04:55+00:00\",\"dateModified\":\"2025-06-03T16:43:51+00:00\",\"breadcrumb\":{\"@id\":\"https:\\\/\\\/takiguiados.com\\\/en\\\/reembolso_devoluciones\\\/#breadcrumb\"},\"inLanguage\":\"en-US\",\"potentialAction\":[{\"@type\":\"ReadAction\",\"target\":[\"https:\\\/\\\/takiguiados.com\\\/en\\\/reembolso_devoluciones\\\/\"]}]},{\"@type\":\"BreadcrumbList\",\"@id\":\"https:\\\/\\\/takiguiados.com\\\/en\\\/reembolso_devoluciones\\\/#breadcrumb\",\"itemListElement\":[{\"@type\":\"ListItem\",\"position\":1,\"name\":\"Portada\",\"item\":\"https:\\\/\\\/takiguiados.com\\\/en\\\/\"},{\"@type\":\"ListItem\",\"position\":2,\"name\":\"Pol\u00edtica de cancelaciones\"}]},{\"@type\":\"WebSite\",\"@id\":\"https:\\\/\\\/takiguiados.com\\\/en\\\/#website\",\"url\":\"https:\\\/\\\/takiguiados.com\\\/en\\\/\",\"name\":\"Takiguiados\",\"description\":\"\",\"publisher\":{\"@id\":\"https:\\\/\\\/takiguiados.com\\\/en\\\/#organization\"},\"potentialAction\":[{\"@type\":\"SearchAction\",\"target\":{\"@type\":\"EntryPoint\",\"urlTemplate\":\"https:\\\/\\\/takiguiados.com\\\/en\\\/?s={search_term_string}\"},\"query-input\":{\"@type\":\"PropertyValueSpecification\",\"valueRequired\":true,\"valueName\":\"search_term_string\"}}],\"inLanguage\":\"en-US\"},{\"@type\":\"Organization\",\"@id\":\"https:\\\/\\\/takiguiados.com\\\/en\\\/#organization\",\"name\":\"Takiguiados\",\"url\":\"https:\\\/\\\/takiguiados.com\\\/en\\\/\",\"logo\":{\"@type\":\"ImageObject\",\"inLanguage\":\"en-US\",\"@id\":\"https:\\\/\\\/takiguiados.com\\\/en\\\/#\\\/schema\\\/logo\\\/image\\\/\",\"url\":\"https:\\\/\\\/takiguiados.com\\\/wp-content\\\/uploads\\\/logo.gif\",\"contentUrl\":\"https:\\\/\\\/takiguiados.com\\\/wp-content\\\/uploads\\\/logo.gif\",\"width\":100,\"height\":100,\"caption\":\"Takiguiados\"},\"image\":{\"@id\":\"https:\\\/\\\/takiguiados.com\\\/en\\\/#\\\/schema\\\/logo\\\/image\\\/\"}}]}<\/script>\n<!-- \/ Yoast SEO plugin. -->","yoast_head_json":{"title":"Pol\u00edtica de cancelaciones - Takiguiados","robots":{"index":"index","follow":"follow","max-snippet":"max-snippet:-1","max-image-preview":"max-image-preview:large","max-video-preview":"max-video-preview:-1"},"canonical":"https:\/\/takiguiados.com\/en\/reembolso_devoluciones\/","og_locale":"en_US","og_type":"article","og_title":"Pol\u00edtica de cancelaciones - Takiguiados","og_description":"La cancelaci\u00f3n de la actividad o cambio de fecha (siempre que haya disponibilidad), supondr\u00e1 el 20% del total del importe en concepto de gastos de gesti\u00f3n. La cancelaci\u00f3n de la actividad o cambio de fecha (siempre que haya disponibilidad), realizadas con menos de 72 horas antes del inicio de la actividad, se penalizar\u00e1n con un [...]Read More... from Pol\u00edtica de cancelaciones","og_url":"https:\/\/takiguiados.com\/en\/reembolso_devoluciones\/","og_site_name":"Takiguiados","article_modified_time":"2025-06-03T16:43:51+00:00","twitter_card":"summary_large_image","twitter_misc":{"Est. reading time":"1 minute"},"schema":{"@context":"https:\/\/schema.org","@graph":[{"@type":"WebPage","@id":"https:\/\/takiguiados.com\/en\/reembolso_devoluciones\/","url":"https:\/\/takiguiados.com\/en\/reembolso_devoluciones\/","name":"Pol\u00edtica de cancelaciones - Takiguiados","isPartOf":{"@id":"https:\/\/takiguiados.com\/en\/#website"},"datePublished":"2025-03-06T12:04:55+00:00","dateModified":"2025-06-03T16:43:51+00:00","breadcrumb":{"@id":"https:\/\/takiguiados.com\/en\/reembolso_devoluciones\/#breadcrumb"},"inLanguage":"en-US","potentialAction":[{"@type":"ReadAction","target":["https:\/\/takiguiados.com\/en\/reembolso_devoluciones\/"]}]},{"@type":"BreadcrumbList","@id":"https:\/\/takiguiados.com\/en\/reembolso_devoluciones\/#breadcrumb","itemListElement":[{"@type":"ListItem","position":1,"name":"Portada","item":"https:\/\/takiguiados.com\/en\/"},{"@type":"ListItem","position":2,"name":"Pol\u00edtica de cancelaciones"}]},{"@type":"WebSite","@id":"https:\/\/takiguiados.com\/en\/#website","url":"https:\/\/takiguiados.com\/en\/","name":"Takiguiados","description":"","publisher":{"@id":"https:\/\/takiguiados.com\/en\/#organization"},"potentialAction":[{"@type":"SearchAction","target":{"@type":"EntryPoint","urlTemplate":"https:\/\/takiguiados.com\/en\/?s={search_term_string}"},"query-input":{"@type":"PropertyValueSpecification","valueRequired":true,"valueName":"search_term_string"}}],"inLanguage":"en-US"},{"@type":"Organization","@id":"https:\/\/takiguiados.com\/en\/#organization","name":"Takiguiados","url":"https:\/\/takiguiados.com\/en\/","logo":{"@type":"ImageObject","inLanguage":"en-US","@id":"https:\/\/takiguiados.com\/en\/#\/schema\/logo\/image\/","url":"https:\/\/takiguiados.com\/wp-content\/uploads\/logo.gif","contentUrl":"https:\/\/takiguiados.com\/wp-content\/uploads\/logo.gif","width":100,"height":100,"caption":"Takiguiados"},"image":{"@id":"https:\/\/takiguiados.com\/en\/#\/schema\/logo\/image\/"}}]}},"_links":{"self":[{"href":"https:\/\/takiguiados.com\/en\/wp-json\/wp\/v2\/pages\/136","targetHints":{"allow":["GET"]}}],"collection":[{"href":"https:\/\/takiguiados.com\/en\/wp-json\/wp\/v2\/pages"}],"about":[{"href":"https:\/\/takiguiados.com\/en\/wp-json\/wp\/v2\/types\/page"}],"author":[{"embeddable":true,"href":"https:\/\/takiguiados.com\/en\/wp-json\/wp\/v2\/users\/1"}],"replies":[{"embeddable":true,"href":"https:\/\/takiguiados.com\/en\/wp-json\/wp\/v2\/comments?post=136"}],"version-history":[{"count":4,"href":"https:\/\/takiguiados.com\/en\/wp-json\/wp\/v2\/pages\/136\/revisions"}],"predecessor-version":[{"id":503,"href":"https:\/\/takiguiados.com\/en\/wp-json\/wp\/v2\/pages\/136\/revisions\/503"}],"wp:attachment":[{"href":"https:\/\/takiguiados.com\/en\/wp-json\/wp\/v2\/media?parent=136"}],"curies":[{"name":"wp","href":"https:\/\/api.w.org\/{rel}","templated":true}]}}